{"id":426354,"date":"2025-09-18T12:48:54","date_gmt":"2025-09-18T12:48:54","guid":{"rendered":"https:\/\/stylingagenten.com\/da\/produkt\/tom-ford-black-orchid-edp-50ml\/"},"modified":"2026-04-08T15:31:17","modified_gmt":"2026-04-08T15:31:17","slug":"tom-ford-black-orchid-edp-50ml","status":"publish","type":"product","link":"https:\/\/stylingagenten.com\/da\/produkt\/tom-ford-black-orchid-edp-50ml\/","title":{"rendered":"Tom Ford Black Orchid Edp 50ml"},"content":{"rendered":"<p>Tom Ford Black Orchid Edp er en luksuri\u00f8s og sensuel duft med rige, m\u00f8rke akkorder af sort orkid\u00e9 og krydderier. TOM FORDs Black Orchid er b\u00e5de moderne og tidl\u00f8s. I en sort glasflaske giver Black Orchid et uforglemmeligt indtryk af ikonisk stil og verdensomsp\u00e6ndende glamour.<\/p>\n<p>Duftnoter: Sort tr\u00f8ffel, Bergamot, Sort orkid\u00e9, Sort blomme, Sort gourmand-akkord, Patchouli<\/p>\n<p>50ml<\/p>\n","protected":false},"excerpt":{"rendered":"<p>Tom Ford Black Orchid Edp er en luksuri\u00f8s og sensuel duft med rige, m\u00f8rke akkorder af sort orkid\u00e9 og krydderier. TOM FORDs Black Orchid er b\u00e5de moderne og tidl\u00f8s. I en sort glasflaske giver Black Orchid et uforglemmeligt indtryk af ikonisk stil og verdensomsp\u00e6ndende glamour. Duftnoter: Sort tr\u00f8ffel, Bergamot, Sort orkid\u00e9, Sort blomme, Sort gourmand-akkord, [&hellip;]<\/p>\n","protected":false},"featured_media":426351,"comment_status":"open","ping_status":"closed","template":"","meta":{"_trash_the_other_posts":false},"product_brand":[],"product_cat":[729,735,999],"product_tag":[],"berocket_brand":[1158],"class_list":{"0":"post-426354","1":"product","2":"type-product","3":"status-publish","4":"has-post-thumbnail","6":"product_cat-eau-de-parfum-unisex","7":"product_cat-kampagne","8":"product_cat-kampagnetilbud-til-hende","9":"pa_brand-tom-ford","10":"berocket_brand-tom-ford","12":"first","13":"instock","14":"sale","15":"taxable","16":"shipping-taxable","17":"purchasable","18":"product-type-simple"},"_links":{"self":[{"href":"https:\/\/stylingagenten.com\/da\/wp-json\/wp\/v2\/product\/426354","targetHints":{"allow":["GET"]}}],"collection":[{"href":"https:\/\/stylingagenten.com\/da\/wp-json\/wp\/v2\/product"}],"about":[{"href":"https:\/\/stylingagenten.com\/da\/wp-json\/wp\/v2\/types\/product"}],"replies":[{"embeddable":true,"href":"https:\/\/stylingagenten.com\/da\/wp-json\/wp\/v2\/comments?post=426354"}],"version-history":[{"count":0,"href":"https:\/\/stylingagenten.com\/da\/wp-json\/wp\/v2\/product\/426354\/revisions"}],"wp:featuredmedia":[{"embeddable":true,"href":"https:\/\/stylingagenten.com\/da\/wp-json\/wp\/v2\/media\/426351"}],"wp:attachment":[{"href":"https:\/\/stylingagenten.com\/da\/wp-json\/wp\/v2\/media?parent=426354"}],"wp:term":[{"taxonomy":"product_brand","embeddable":true,"href":"https:\/\/stylingagenten.com\/da\/wp-json\/wp\/v2\/product_brand?post=426354"},{"taxonomy":"product_cat","embeddable":true,"href":"https:\/\/stylingagenten.com\/da\/wp-json\/wp\/v2\/product_cat?post=426354"},{"taxonomy":"product_tag","embeddable":true,"href":"https:\/\/stylingagenten.com\/da\/wp-json\/wp\/v2\/product_tag?post=426354"},{"taxonomy":"berocket_brand","embeddable":true,"href":"https:\/\/stylingagenten.com\/da\/wp-json\/wp\/v2\/berocket_brand?post=426354"}],"curies":[{"name":"wp","href":"https:\/\/api.w.org\/{rel}","templated":true}]}}