{"id":426308,"date":"2025-09-18T12:47:53","date_gmt":"2025-09-18T12:47:53","guid":{"rendered":"https:\/\/stylingagenten.com\/da\/produkt\/david-beckham-amber-breeze-edp-100ml\/"},"modified":"2025-11-19T12:44:30","modified_gmt":"2025-11-19T12:44:30","slug":"david-beckham-amber-breeze-edp-100ml","status":"publish","type":"product","link":"https:\/\/stylingagenten.com\/da\/produkt\/david-beckham-amber-breeze-edp-100ml\/","title":{"rendered":"David Beckham Amber Breeze Edp 100ml"},"content":{"rendered":"<p>David Beckham pr\u00e6senterer et nyt kapitel i David Beckham Collection \u2013 en personligt udvalgt serie af langvarige eau de parfums. Inspireret af Davids egne rejser og oplevelser er Amber Breeze en elegant duft, der indfanger magiske solnedgange fulde af l\u00f8fter. Hver duft i David Beckham Collection er en n\u00f8je sammensat blanding af ingredienser valgt for at fremkalde en f\u00f8lelse af tid og sted.<\/p>\n<p>Amber Breeze er en ravduft med aromatiske nuancer, som en smuk solnedgang \u2013 frisk og varm med uendelige muligheder. Duften \u00e5bner med en str\u00e5lende blanding af frisk bergamot og rosmarin med et krydret strejf af sort peber. I hjertet findes en bl\u00f8d, urteagtig buket af lavendel- og rosenoter kombineret med muskatellsalvie for en ren, maskulin elegance. Denne friske blomsterhjerte kontrasteres af en krydret, tr\u00e6agtig base med jordagtige toner af patchouli, vetiver og ristet tonkab\u00f8nne, der fuldender den sofistikerede og sensuelle oplevelse. Perfekt til aftener og s\u00e6rlige lejligheder, denne intense og langvarige eau de parfum er Davids personlige invitation til at nyde aftenen og begive sig ud p\u00e5 nye eventyr i morgen. Oplev den nye Amber Breeze Eau de Parfum fra David Beckham. G\u00e5 ud og udforsk.<\/p>\n<p>100ml<\/p>\n","protected":false},"excerpt":{"rendered":"<p>David Beckham pr\u00e6senterer et nyt kapitel i David Beckham Collection \u2013 en personligt udvalgt serie af langvarige eau de parfums. Inspireret af Davids egne rejser og oplevelser er Amber Breeze en elegant duft, der indfanger magiske solnedgange fulde af l\u00f8fter. Hver duft i David Beckham Collection er en n\u00f8je sammensat blanding af ingredienser valgt for [&hellip;]<\/p>\n","protected":false},"featured_media":426301,"comment_status":"open","ping_status":"closed","template":"","meta":{"_trash_the_other_posts":false},"product_brand":[],"product_cat":[708],"product_tag":[],"berocket_brand":[1281],"class_list":{"0":"post-426308","1":"product","2":"type-product","3":"status-publish","4":"has-post-thumbnail","6":"product_cat-eau-de-parfum-gentr","7":"pa_brand-david-beckham","8":"berocket_brand-david-beckham","10":"first","11":"outofstock","12":"sale","13":"taxable","14":"shipping-taxable","15":"purchasable","16":"product-type-simple"},"_links":{"self":[{"href":"https:\/\/stylingagenten.com\/da\/wp-json\/wp\/v2\/product\/426308","targetHints":{"allow":["GET"]}}],"collection":[{"href":"https:\/\/stylingagenten.com\/da\/wp-json\/wp\/v2\/product"}],"about":[{"href":"https:\/\/stylingagenten.com\/da\/wp-json\/wp\/v2\/types\/product"}],"replies":[{"embeddable":true,"href":"https:\/\/stylingagenten.com\/da\/wp-json\/wp\/v2\/comments?post=426308"}],"version-history":[{"count":0,"href":"https:\/\/stylingagenten.com\/da\/wp-json\/wp\/v2\/product\/426308\/revisions"}],"wp:featuredmedia":[{"embeddable":true,"href":"https:\/\/stylingagenten.com\/da\/wp-json\/wp\/v2\/media\/426301"}],"wp:attachment":[{"href":"https:\/\/stylingagenten.com\/da\/wp-json\/wp\/v2\/media?parent=426308"}],"wp:term":[{"taxonomy":"product_brand","embeddable":true,"href":"https:\/\/stylingagenten.com\/da\/wp-json\/wp\/v2\/product_brand?post=426308"},{"taxonomy":"product_cat","embeddable":true,"href":"https:\/\/stylingagenten.com\/da\/wp-json\/wp\/v2\/product_cat?post=426308"},{"taxonomy":"product_tag","embeddable":true,"href":"https:\/\/stylingagenten.com\/da\/wp-json\/wp\/v2\/product_tag?post=426308"},{"taxonomy":"berocket_brand","embeddable":true,"href":"https:\/\/stylingagenten.com\/da\/wp-json\/wp\/v2\/berocket_brand?post=426308"}],"curies":[{"name":"wp","href":"https:\/\/api.w.org\/{rel}","templated":true}]}}