{"id":426274,"date":"2025-09-18T12:47:08","date_gmt":"2025-09-18T12:47:08","guid":{"rendered":"https:\/\/stylingagenten.com\/da\/produkt\/abercrombie-fitch-authentic-night-woman-edp-100ml\/"},"modified":"2026-03-11T21:59:57","modified_gmt":"2026-03-11T21:59:57","slug":"abercrombie-fitch-authentic-night-woman-edp-100ml","status":"publish","type":"product","link":"https:\/\/stylingagenten.com\/da\/produkt\/abercrombie-fitch-authentic-night-woman-edp-100ml\/","title":{"rendered":"Abercrombie &amp; Fitch Authentic Night Woman Edp 100ml"},"content":{"rendered":"<p>Abercrombie &amp; Fitch Authentic Night Woman EdP indkapsler en fantastisk f\u00f8lelse: gl\u00e6den og den sk\u00f8nne stemning, som kun opst\u00e5r i det \u00e6gte f\u00e6llesskab med gode venner. Med denne nye, afd\u00e6mpet feminine og opkvikkende duft kan hun frit udtrykke sit inderste. Med en overraskende blanding af Pink Lady-\u00e6ble, blomstrende tuberose og varm cedertr\u00e6 er Authentic Night en hyldest til Abercrombie &amp; Fitch-kvindens sande jeg.<\/p>\n<p>Top: Solb\u00e6r, Ros\u00e9peber, Pink Lady-\u00c6ble<br \/>Hjerte: Tuberose, Magnolia, Jasmin Sambac<br \/>Bund: Cedertr\u00e6, Patchouli, Sandeltr\u00e6<\/p>\n<p>100ml<\/p>\n","protected":false},"excerpt":{"rendered":"<p>Abercrombie &amp; Fitch Authentic Night Woman EdP indkapsler en fantastisk f\u00f8lelse: gl\u00e6den og den sk\u00f8nne stemning, som kun opst\u00e5r i det \u00e6gte f\u00e6llesskab med gode venner. Med denne nye, afd\u00e6mpet feminine og opkvikkende duft kan hun frit udtrykke sit inderste. Med en overraskende blanding af Pink Lady-\u00e6ble, blomstrende tuberose og varm cedertr\u00e6 er Authentic Night [&hellip;]<\/p>\n","protected":false},"featured_media":426272,"comment_status":"open","ping_status":"closed","template":"","meta":{"_trash_the_other_posts":false},"product_brand":[],"product_cat":[706,735,999],"product_tag":[],"berocket_brand":[1278],"class_list":{"0":"post-426274","1":"product","2":"type-product","3":"status-publish","4":"has-post-thumbnail","6":"product_cat-eau-de-parfum-dame","7":"product_cat-kampagne","8":"product_cat-kampagnetilbud-til-hende","9":"pa_brand-abercrombie-fitch","10":"berocket_brand-abercrombie-fitch","12":"first","13":"instock","14":"sale","15":"taxable","16":"shipping-taxable","17":"purchasable","18":"product-type-simple"},"_links":{"self":[{"href":"https:\/\/stylingagenten.com\/da\/wp-json\/wp\/v2\/product\/426274","targetHints":{"allow":["GET"]}}],"collection":[{"href":"https:\/\/stylingagenten.com\/da\/wp-json\/wp\/v2\/product"}],"about":[{"href":"https:\/\/stylingagenten.com\/da\/wp-json\/wp\/v2\/types\/product"}],"replies":[{"embeddable":true,"href":"https:\/\/stylingagenten.com\/da\/wp-json\/wp\/v2\/comments?post=426274"}],"version-history":[{"count":0,"href":"https:\/\/stylingagenten.com\/da\/wp-json\/wp\/v2\/product\/426274\/revisions"}],"wp:featuredmedia":[{"embeddable":true,"href":"https:\/\/stylingagenten.com\/da\/wp-json\/wp\/v2\/media\/426272"}],"wp:attachment":[{"href":"https:\/\/stylingagenten.com\/da\/wp-json\/wp\/v2\/media?parent=426274"}],"wp:term":[{"taxonomy":"product_brand","embeddable":true,"href":"https:\/\/stylingagenten.com\/da\/wp-json\/wp\/v2\/product_brand?post=426274"},{"taxonomy":"product_cat","embeddable":true,"href":"https:\/\/stylingagenten.com\/da\/wp-json\/wp\/v2\/product_cat?post=426274"},{"taxonomy":"product_tag","embeddable":true,"href":"https:\/\/stylingagenten.com\/da\/wp-json\/wp\/v2\/product_tag?post=426274"},{"taxonomy":"berocket_brand","embeddable":true,"href":"https:\/\/stylingagenten.com\/da\/wp-json\/wp\/v2\/berocket_brand?post=426274"}],"curies":[{"name":"wp","href":"https:\/\/api.w.org\/{rel}","templated":true}]}}