{"id":426215,"date":"2025-09-18T12:45:33","date_gmt":"2025-09-18T12:45:33","guid":{"rendered":"https:\/\/stylingagenten.com\/da\/produkt\/abercrombie-fitch-fierce-cologne-edc-100ml\/"},"modified":"2026-03-11T22:04:53","modified_gmt":"2026-03-11T22:04:53","slug":"abercrombie-fitch-fierce-cologne-edc-100ml","status":"publish","type":"product","link":"https:\/\/stylingagenten.com\/da\/produkt\/abercrombie-fitch-fierce-cologne-edc-100ml\/","title":{"rendered":"Abercrombie &amp; Fitch Fierce Cologne Edc 100ml"},"content":{"rendered":"<p>FIERCE PARFUME: EN DUFT AF STYRKE OG F\u00d8LSOMHED<br \/>Deltag i det nye narrativ og m\u00f8d din Fierce! Omfavn den tr\u00e6agtige, aromatiske duft, der skiller sig ud i enhver menneskem\u00e6ngde og legemligg\u00f8r b\u00e5de styrke og f\u00f8lsomhed. Lad den friske havbrise styrke dine sanser, det varme sandeltr\u00e6 forankre din tilstedev\u00e6relse, og det sensuelle moskus-tr\u00e6 efterlade et uforglemmeligt spor. Fierce er ikke blot en duft; det er en oplevelse, en erkl\u00e6ring, et udtryk for individualitet.<\/p>\n<p>Topnoter: Marine Breeze \u2013 En forfriskende b\u00f8lge af marin brise giver \u00f8jeblikkelig energi, opfrisker sanserne og fremkalder havets skarpe og rene essens.<br \/>Hjertenoter: Sandeltr\u00e6 \u2013 Duftens hjerte varmes op af den rige, tr\u00e6agtige duft af sandeltr\u00e6, som tilf\u00f8rer dybde og en f\u00f8lelse af tidl\u00f8s elegance.<br \/>Bundnoter: Moskus-tr\u00e6 \u2013 Bundnoterne af sensuelt moskus-tr\u00e6 giver en langvarig, intim finish, som er b\u00e5de kraftfuld og dragende, og efterlader et mindev\u00e6rdigt indtryk.<\/p>\n<p>100ml<\/p>\n","protected":false},"excerpt":{"rendered":"<p>FIERCE PARFUME: EN DUFT AF STYRKE OG F\u00d8LSOMHEDDeltag i det nye narrativ og m\u00f8d din Fierce! Omfavn den tr\u00e6agtige, aromatiske duft, der skiller sig ud i enhver menneskem\u00e6ngde og legemligg\u00f8r b\u00e5de styrke og f\u00f8lsomhed. Lad den friske havbrise styrke dine sanser, det varme sandeltr\u00e6 forankre din tilstedev\u00e6relse, og det sensuelle moskus-tr\u00e6 efterlade et uforglemmeligt spor. [&hellip;]<\/p>\n","protected":false},"featured_media":426212,"comment_status":"open","ping_status":"closed","template":"","meta":{"_trash_the_other_posts":false},"product_brand":[],"product_cat":[710,735,1000],"product_tag":[],"berocket_brand":[1278],"class_list":{"0":"post-426215","1":"product","2":"type-product","3":"status-publish","4":"has-post-thumbnail","6":"product_cat-eau-de-cologne-mister","7":"product_cat-kampagne","8":"product_cat-kampagnetilbud-til-ham","9":"pa_brand-abercrombie-fitch","10":"berocket_brand-abercrombie-fitch","12":"first","13":"instock","14":"sale","15":"taxable","16":"shipping-taxable","17":"purchasable","18":"product-type-simple"},"_links":{"self":[{"href":"https:\/\/stylingagenten.com\/da\/wp-json\/wp\/v2\/product\/426215","targetHints":{"allow":["GET"]}}],"collection":[{"href":"https:\/\/stylingagenten.com\/da\/wp-json\/wp\/v2\/product"}],"about":[{"href":"https:\/\/stylingagenten.com\/da\/wp-json\/wp\/v2\/types\/product"}],"replies":[{"embeddable":true,"href":"https:\/\/stylingagenten.com\/da\/wp-json\/wp\/v2\/comments?post=426215"}],"version-history":[{"count":0,"href":"https:\/\/stylingagenten.com\/da\/wp-json\/wp\/v2\/product\/426215\/revisions"}],"wp:featuredmedia":[{"embeddable":true,"href":"https:\/\/stylingagenten.com\/da\/wp-json\/wp\/v2\/media\/426212"}],"wp:attachment":[{"href":"https:\/\/stylingagenten.com\/da\/wp-json\/wp\/v2\/media?parent=426215"}],"wp:term":[{"taxonomy":"product_brand","embeddable":true,"href":"https:\/\/stylingagenten.com\/da\/wp-json\/wp\/v2\/product_brand?post=426215"},{"taxonomy":"product_cat","embeddable":true,"href":"https:\/\/stylingagenten.com\/da\/wp-json\/wp\/v2\/product_cat?post=426215"},{"taxonomy":"product_tag","embeddable":true,"href":"https:\/\/stylingagenten.com\/da\/wp-json\/wp\/v2\/product_tag?post=426215"},{"taxonomy":"berocket_brand","embeddable":true,"href":"https:\/\/stylingagenten.com\/da\/wp-json\/wp\/v2\/berocket_brand?post=426215"}],"curies":[{"name":"wp","href":"https:\/\/api.w.org\/{rel}","templated":true}]}}