{"id":426118,"date":"2025-09-18T08:54:34","date_gmt":"2025-09-18T08:54:34","guid":{"rendered":"https:\/\/stylingagenten.com\/da\/produkt\/moschino-toy-2-edp-50ml\/"},"modified":"2026-04-02T07:38:31","modified_gmt":"2026-04-02T07:38:31","slug":"moschino-toy-2-edp-50ml","status":"publish","type":"product","link":"https:\/\/stylingagenten.com\/da\/produkt\/moschino-toy-2-edp-50ml\/","title":{"rendered":"Moschino Toy 2 Edp 50ml"},"content":{"rendered":"<p>Den ikoniske Moschino-bamse \u2013 en unik udgave med et strejf af humor og ironi. \u201dTeddy Bear\u201d-flasken er skulptureret i glas, som afsl\u00f8rer en eksklusiv og raffineret duft. Toy 2 er den nye kvindeduft fra Moschino.<\/p>\n<p>Duften \u00e5bner med en mousserende friskhed af mandarin og \u00e6ble, sammen med magnolia der giver en s\u00f8d og let citrusnote. Jasminblomst og hvide ribs udg\u00f8r hjertet af duften og tilf\u00f8rer b\u00e5de varme og friskhed. Basen er sensuel og omslutter duften med bl\u00f8dhed fra sandeltr\u00e6 og ambertr\u00e6.<\/p>\n<p>Top: Magnolia, Granny Smith-\u00e6ble, Mandarin<br \/>Hjerte: Hvide ribs, Jasmin, P\u00e6on<br \/>Bund: Sandeltr\u00e6, Musk, Ambertr\u00e6<\/p>\n<p>50ml<\/p>\n","protected":false},"excerpt":{"rendered":"<p>Den ikoniske Moschino-bamse \u2013 en unik udgave med et strejf af humor og ironi. \u201dTeddy Bear\u201d-flasken er skulptureret i glas, som afsl\u00f8rer en eksklusiv og raffineret duft. Toy 2 er den nye kvindeduft fra Moschino. Duften \u00e5bner med en mousserende friskhed af mandarin og \u00e6ble, sammen med magnolia der giver en s\u00f8d og let citrusnote. [&hellip;]<\/p>\n","protected":false},"featured_media":426115,"comment_status":"open","ping_status":"closed","template":"","meta":{"_trash_the_other_posts":false},"product_brand":[],"product_cat":[706,735,999],"product_tag":[],"berocket_brand":[1084],"class_list":{"0":"post-426118","1":"product","2":"type-product","3":"status-publish","4":"has-post-thumbnail","6":"product_cat-eau-de-parfum-dame","7":"product_cat-kampagne","8":"product_cat-kampagnetilbud-til-hende","9":"pa_brand-moschino","10":"berocket_brand-moschino","12":"first","13":"instock","14":"sale","15":"taxable","16":"shipping-taxable","17":"purchasable","18":"product-type-simple"},"_links":{"self":[{"href":"https:\/\/stylingagenten.com\/da\/wp-json\/wp\/v2\/product\/426118","targetHints":{"allow":["GET"]}}],"collection":[{"href":"https:\/\/stylingagenten.com\/da\/wp-json\/wp\/v2\/product"}],"about":[{"href":"https:\/\/stylingagenten.com\/da\/wp-json\/wp\/v2\/types\/product"}],"replies":[{"embeddable":true,"href":"https:\/\/stylingagenten.com\/da\/wp-json\/wp\/v2\/comments?post=426118"}],"version-history":[{"count":0,"href":"https:\/\/stylingagenten.com\/da\/wp-json\/wp\/v2\/product\/426118\/revisions"}],"wp:featuredmedia":[{"embeddable":true,"href":"https:\/\/stylingagenten.com\/da\/wp-json\/wp\/v2\/media\/426115"}],"wp:attachment":[{"href":"https:\/\/stylingagenten.com\/da\/wp-json\/wp\/v2\/media?parent=426118"}],"wp:term":[{"taxonomy":"product_brand","embeddable":true,"href":"https:\/\/stylingagenten.com\/da\/wp-json\/wp\/v2\/product_brand?post=426118"},{"taxonomy":"product_cat","embeddable":true,"href":"https:\/\/stylingagenten.com\/da\/wp-json\/wp\/v2\/product_cat?post=426118"},{"taxonomy":"product_tag","embeddable":true,"href":"https:\/\/stylingagenten.com\/da\/wp-json\/wp\/v2\/product_tag?post=426118"},{"taxonomy":"berocket_brand","embeddable":true,"href":"https:\/\/stylingagenten.com\/da\/wp-json\/wp\/v2\/berocket_brand?post=426118"}],"curies":[{"name":"wp","href":"https:\/\/api.w.org\/{rel}","templated":true}]}}