{"id":420577,"date":"2025-08-25T10:57:27","date_gmt":"2025-08-25T10:57:27","guid":{"rendered":"https:\/\/staging2.stylingagenten.com\/da\/produkt\/tom-ford-black-orchid-edp-100ml\/"},"modified":"2026-04-08T15:31:19","modified_gmt":"2026-04-08T15:31:19","slug":"tom-ford-black-orchid-edp-100ml","status":"publish","type":"product","link":"https:\/\/stylingagenten.com\/da\/produkt\/tom-ford-black-orchid-edp-100ml\/","title":{"rendered":"Tom Ford Black Orchid Edp 100ml"},"content":{"rendered":"<p>Tom Ford Black Orchid Edp er en luksuri\u00f8s og sensuel duft med rige, m\u00f8rke akkorder af sort orkid\u00e9 og krydderier. TOM FORDs Black Orchid er b\u00e5de moderne og tidl\u00f8s. I en sort glasflaske giver Black Orchid et uforglemmeligt indtryk af ikonisk stil og global glamour.<\/p>\n<p>Duftnoter: Sort tr\u00f8ffel, bergamot, sort orkid\u00e9, sort blomme, sort gourmandakkord, patchouli<\/p>\n<p>100 ml<\/p>\n","protected":false},"excerpt":{"rendered":"<p>Tom Ford Black Orchid Edp er en luksuri\u00f8s og sensuel duft med rige, m\u00f8rke akkorder af sort orkid\u00e9 og krydderier. TOM FORDs Black Orchid er b\u00e5de moderne og tidl\u00f8s. I en sort glasflaske giver Black Orchid et uforglemmeligt indtryk af ikonisk stil og global glamour. Duftnoter: Sort tr\u00f8ffel, bergamot, sort orkid\u00e9, sort blomme, sort gourmandakkord, [&hellip;]<\/p>\n","protected":false},"featured_media":420570,"comment_status":"open","ping_status":"closed","template":"","meta":{"_trash_the_other_posts":false},"product_brand":[],"product_cat":[706,735,999],"product_tag":[],"berocket_brand":[1158],"class_list":{"0":"post-420577","1":"product","2":"type-product","3":"status-publish","4":"has-post-thumbnail","6":"product_cat-eau-de-parfum-dame","7":"product_cat-kampagne","8":"product_cat-kampagnetilbud-til-hende","9":"pa_brand-tom-ford","10":"pa_variant-100ml","11":"berocket_brand-tom-ford","13":"first","14":"instock","15":"sale","16":"taxable","17":"shipping-taxable","18":"purchasable","19":"product-type-simple"},"_links":{"self":[{"href":"https:\/\/stylingagenten.com\/da\/wp-json\/wp\/v2\/product\/420577","targetHints":{"allow":["GET"]}}],"collection":[{"href":"https:\/\/stylingagenten.com\/da\/wp-json\/wp\/v2\/product"}],"about":[{"href":"https:\/\/stylingagenten.com\/da\/wp-json\/wp\/v2\/types\/product"}],"replies":[{"embeddable":true,"href":"https:\/\/stylingagenten.com\/da\/wp-json\/wp\/v2\/comments?post=420577"}],"version-history":[{"count":0,"href":"https:\/\/stylingagenten.com\/da\/wp-json\/wp\/v2\/product\/420577\/revisions"}],"wp:featuredmedia":[{"embeddable":true,"href":"https:\/\/stylingagenten.com\/da\/wp-json\/wp\/v2\/media\/420570"}],"wp:attachment":[{"href":"https:\/\/stylingagenten.com\/da\/wp-json\/wp\/v2\/media?parent=420577"}],"wp:term":[{"taxonomy":"product_brand","embeddable":true,"href":"https:\/\/stylingagenten.com\/da\/wp-json\/wp\/v2\/product_brand?post=420577"},{"taxonomy":"product_cat","embeddable":true,"href":"https:\/\/stylingagenten.com\/da\/wp-json\/wp\/v2\/product_cat?post=420577"},{"taxonomy":"product_tag","embeddable":true,"href":"https:\/\/stylingagenten.com\/da\/wp-json\/wp\/v2\/product_tag?post=420577"},{"taxonomy":"berocket_brand","embeddable":true,"href":"https:\/\/stylingagenten.com\/da\/wp-json\/wp\/v2\/berocket_brand?post=420577"}],"curies":[{"name":"wp","href":"https:\/\/api.w.org\/{rel}","templated":true}]}}