{"id":420544,"date":"2025-08-25T10:57:12","date_gmt":"2025-08-25T10:57:12","guid":{"rendered":"https:\/\/staging2.stylingagenten.com\/da\/produkt\/dkny-24-7-edp-100ml\/"},"modified":"2026-03-11T22:00:25","modified_gmt":"2026-03-11T22:00:25","slug":"dkny-24-7-edp-100ml","status":"publish","type":"product","link":"https:\/\/stylingagenten.com\/da\/produkt\/dkny-24-7-edp-100ml\/","title":{"rendered":"DKNY 24\/7 Edp 100ml"},"content":{"rendered":"<p>DKNY 24\/7 Eau de Parfum er en struktureret blomsterduft inspireret af byen, der aldrig sover. Tr\u00e6d ind i New Yorks pulserende rytme med 24\/7 \u2013 en duft, der er lige s\u00e5 dynamisk som byen selv. Denne unikke blanding indfanger den ustoppelige energi i storbyen, hvor dr\u00f8mme skabes fra morgen til aften. Oplev den sp\u00e6ndende rus p\u00e5 Times Square med en elektrisk eksplosion af ros\u00e9peber. N\u00e5r duften udvikler sig, udfolder et rosenhjerte sig og afspejler byens mange facetter. Og i den vedvarende omfavnelse af cedertr\u00e6 og musk kommer byens sofistikerede styrke til live. DKNY 24\/7 er mere end en duft \u2013 det er en hyldest til dem, der lever livet uden gr\u00e6nser \u2013 altid klar, altid i bev\u00e6gelse, altid p\u00e5.<\/p>\n<p>Denne parfume til kvinder er designet til dem, der lever livet fuldt ud, som ikke er bange for at dr\u00f8mme stort, og som hele tiden str\u00e6ber efter at n\u00e5 deres m\u00e5l. DKNY 24\/7 Eau de Parfum er din perfekte ledsager \u2013 uanset om du navigerer gennem en travl arbejdsdag eller nyder et natligt eventyr. Med hvert spr\u00f8jt bliver du mindet om byens uendelige muligheder og kraften i at v\u00e6re altid klar, altid i bev\u00e6gelse, altid p\u00e5.<\/p>\n<p>Duftnoter:<br \/>Topnoter: Elektrisk ros\u00e9peber<br \/>Hjertenoter: Blomstrende rose<br \/>Basenoter: Cedertr\u00e6, Musk<\/p>\n<p>100 ml<\/p>\n","protected":false},"excerpt":{"rendered":"<p>DKNY 24\/7 Eau de Parfum er en struktureret blomsterduft inspireret af byen, der aldrig sover. Tr\u00e6d ind i New Yorks pulserende rytme med 24\/7 \u2013 en duft, der er lige s\u00e5 dynamisk som byen selv. Denne unikke blanding indfanger den ustoppelige energi i storbyen, hvor dr\u00f8mme skabes fra morgen til aften. Oplev den sp\u00e6ndende rus [&hellip;]<\/p>\n","protected":false},"featured_media":420541,"comment_status":"open","ping_status":"closed","template":"","meta":{"_trash_the_other_posts":false},"product_brand":[],"product_cat":[706,735,999],"product_tag":[],"berocket_brand":[1291],"class_list":{"0":"post-420544","1":"product","2":"type-product","3":"status-publish","4":"has-post-thumbnail","6":"product_cat-eau-de-parfum-dame","7":"product_cat-kampagne","8":"product_cat-kampagnetilbud-til-hende","9":"pa_brand-dkny","10":"berocket_brand-dkny","12":"first","13":"instock","14":"sale","15":"taxable","16":"shipping-taxable","17":"purchasable","18":"product-type-simple"},"_links":{"self":[{"href":"https:\/\/stylingagenten.com\/da\/wp-json\/wp\/v2\/product\/420544","targetHints":{"allow":["GET"]}}],"collection":[{"href":"https:\/\/stylingagenten.com\/da\/wp-json\/wp\/v2\/product"}],"about":[{"href":"https:\/\/stylingagenten.com\/da\/wp-json\/wp\/v2\/types\/product"}],"replies":[{"embeddable":true,"href":"https:\/\/stylingagenten.com\/da\/wp-json\/wp\/v2\/comments?post=420544"}],"version-history":[{"count":0,"href":"https:\/\/stylingagenten.com\/da\/wp-json\/wp\/v2\/product\/420544\/revisions"}],"wp:featuredmedia":[{"embeddable":true,"href":"https:\/\/stylingagenten.com\/da\/wp-json\/wp\/v2\/media\/420541"}],"wp:attachment":[{"href":"https:\/\/stylingagenten.com\/da\/wp-json\/wp\/v2\/media?parent=420544"}],"wp:term":[{"taxonomy":"product_brand","embeddable":true,"href":"https:\/\/stylingagenten.com\/da\/wp-json\/wp\/v2\/product_brand?post=420544"},{"taxonomy":"product_cat","embeddable":true,"href":"https:\/\/stylingagenten.com\/da\/wp-json\/wp\/v2\/product_cat?post=420544"},{"taxonomy":"product_tag","embeddable":true,"href":"https:\/\/stylingagenten.com\/da\/wp-json\/wp\/v2\/product_tag?post=420544"},{"taxonomy":"berocket_brand","embeddable":true,"href":"https:\/\/stylingagenten.com\/da\/wp-json\/wp\/v2\/berocket_brand?post=420544"}],"curies":[{"name":"wp","href":"https:\/\/api.w.org\/{rel}","templated":true}]}}