{"id":420382,"date":"2025-08-25T10:56:20","date_gmt":"2025-08-25T10:56:20","guid":{"rendered":"https:\/\/staging2.stylingagenten.com\/da\/produkt\/armaf-ego-tigre-men-edp-100ml\/"},"modified":"2026-03-11T21:56:35","modified_gmt":"2026-03-11T21:56:35","slug":"armaf-ego-tigre-men-edp-100ml","status":"publish","type":"product","link":"https:\/\/stylingagenten.com\/da\/produkt\/armaf-ego-tigre-men-edp-100ml\/","title":{"rendered":"Armaf Ego Tigre Men Edp 100ml"},"content":{"rendered":"<p>Bevis for dig selv og dine omgivelser, at din energi er bundl\u00f8s. Stop ikke op, overskrid dine gr\u00e6nser, overvinde alle udfordringer. Eau de Parfum til m\u00e6nd, Armaf Ego Tigre, vil altid f\u00f8lge dit tempo.<\/p>\n<p>Topnoter: Bergamot, \u00c6ble, Ananas, Vandnoter<br \/>Hjertenoter: Rose, Jasmin, Patchouli<br \/>Basenoter: Rav, Strandlav, Musk, Ambergris, Vanilje<\/p>\n<p>100 ml<\/p>\n","protected":false},"excerpt":{"rendered":"<p>Bevis for dig selv og dine omgivelser, at din energi er bundl\u00f8s. Stop ikke op, overskrid dine gr\u00e6nser, overvinde alle udfordringer. Eau de Parfum til m\u00e6nd, Armaf Ego Tigre, vil altid f\u00f8lge dit tempo. Topnoter: Bergamot, \u00c6ble, Ananas, VandnoterHjertenoter: Rose, Jasmin, PatchouliBasenoter: Rav, Strandlav, Musk, Ambergris, Vanilje 100 ml<\/p>\n","protected":false},"featured_media":420380,"comment_status":"open","ping_status":"closed","template":"","meta":{"_trash_the_other_posts":false},"product_brand":[],"product_cat":[708,735,1000],"product_tag":[],"berocket_brand":[1989],"class_list":{"0":"post-420382","1":"product","2":"type-product","3":"status-publish","4":"has-post-thumbnail","6":"product_cat-eau-de-parfum-gentr","7":"product_cat-kampagne","8":"product_cat-kampagnetilbud-til-ham","9":"pa_brand-armaf","10":"berocket_brand-armaf","12":"first","13":"instock","14":"sale","15":"taxable","16":"shipping-taxable","17":"purchasable","18":"product-type-simple"},"_links":{"self":[{"href":"https:\/\/stylingagenten.com\/da\/wp-json\/wp\/v2\/product\/420382","targetHints":{"allow":["GET"]}}],"collection":[{"href":"https:\/\/stylingagenten.com\/da\/wp-json\/wp\/v2\/product"}],"about":[{"href":"https:\/\/stylingagenten.com\/da\/wp-json\/wp\/v2\/types\/product"}],"replies":[{"embeddable":true,"href":"https:\/\/stylingagenten.com\/da\/wp-json\/wp\/v2\/comments?post=420382"}],"version-history":[{"count":0,"href":"https:\/\/stylingagenten.com\/da\/wp-json\/wp\/v2\/product\/420382\/revisions"}],"wp:featuredmedia":[{"embeddable":true,"href":"https:\/\/stylingagenten.com\/da\/wp-json\/wp\/v2\/media\/420380"}],"wp:attachment":[{"href":"https:\/\/stylingagenten.com\/da\/wp-json\/wp\/v2\/media?parent=420382"}],"wp:term":[{"taxonomy":"product_brand","embeddable":true,"href":"https:\/\/stylingagenten.com\/da\/wp-json\/wp\/v2\/product_brand?post=420382"},{"taxonomy":"product_cat","embeddable":true,"href":"https:\/\/stylingagenten.com\/da\/wp-json\/wp\/v2\/product_cat?post=420382"},{"taxonomy":"product_tag","embeddable":true,"href":"https:\/\/stylingagenten.com\/da\/wp-json\/wp\/v2\/product_tag?post=420382"},{"taxonomy":"berocket_brand","embeddable":true,"href":"https:\/\/stylingagenten.com\/da\/wp-json\/wp\/v2\/berocket_brand?post=420382"}],"curies":[{"name":"wp","href":"https:\/\/api.w.org\/{rel}","templated":true}]}}