{"id":420379,"date":"2025-08-25T10:56:15","date_gmt":"2025-08-25T10:56:15","guid":{"rendered":"https:\/\/staging2.stylingagenten.com\/da\/produkt\/armaf-ventana-pour-homme-edp-100ml\/"},"modified":"2026-04-02T23:18:37","modified_gmt":"2026-04-02T23:18:37","slug":"armaf-ventana-pour-homme-edp-100ml","status":"publish","type":"product","link":"https:\/\/stylingagenten.com\/da\/produkt\/armaf-ventana-pour-homme-edp-100ml\/","title":{"rendered":"Armaf Ventana Pour Homme Edp 100ml"},"content":{"rendered":"<p>Armaf Ventana Pour Homme EdP \u2013 En ny dag, nye muligheder. Denne Eau de Parfum til m\u00e6nd giver dig en frisk fornemmelse og motiverer dig til at f\u00f8lge din intuition. Gl\u00e6d dig til hverdagens eventyr.<\/p>\n<p>Topnoter: Grapefrugt, Citron, Mandarin<br \/>Hjertenoter: Lavendel, Geranium, Patchouli, Vetiver<br \/>Basenoter: Cedertr\u00e6, Rav, \u00c6dle tr\u00e6sorter<\/p>\n<p>100 ml<\/p>\n","protected":false},"excerpt":{"rendered":"<p>Armaf Ventana Pour Homme EdP \u2013 En ny dag, nye muligheder. Denne Eau de Parfum til m\u00e6nd giver dig en frisk fornemmelse og motiverer dig til at f\u00f8lge din intuition. Gl\u00e6d dig til hverdagens eventyr. Topnoter: Grapefrugt, Citron, MandarinHjertenoter: Lavendel, Geranium, Patchouli, VetiverBasenoter: Cedertr\u00e6, Rav, \u00c6dle tr\u00e6sorter 100 ml<\/p>\n","protected":false},"featured_media":420374,"comment_status":"open","ping_status":"closed","template":"","meta":{"_trash_the_other_posts":false},"product_brand":[],"product_cat":[708,735,1000],"product_tag":[],"berocket_brand":[1989],"class_list":{"0":"post-420379","1":"product","2":"type-product","3":"status-publish","4":"has-post-thumbnail","6":"product_cat-eau-de-parfum-gentr","7":"product_cat-kampagne","8":"product_cat-kampagnetilbud-til-ham","9":"pa_brand-armaf","10":"berocket_brand-armaf","12":"first","13":"instock","14":"sale","15":"taxable","16":"shipping-taxable","17":"purchasable","18":"product-type-simple"},"_links":{"self":[{"href":"https:\/\/stylingagenten.com\/da\/wp-json\/wp\/v2\/product\/420379","targetHints":{"allow":["GET"]}}],"collection":[{"href":"https:\/\/stylingagenten.com\/da\/wp-json\/wp\/v2\/product"}],"about":[{"href":"https:\/\/stylingagenten.com\/da\/wp-json\/wp\/v2\/types\/product"}],"replies":[{"embeddable":true,"href":"https:\/\/stylingagenten.com\/da\/wp-json\/wp\/v2\/comments?post=420379"}],"version-history":[{"count":0,"href":"https:\/\/stylingagenten.com\/da\/wp-json\/wp\/v2\/product\/420379\/revisions"}],"wp:featuredmedia":[{"embeddable":true,"href":"https:\/\/stylingagenten.com\/da\/wp-json\/wp\/v2\/media\/420374"}],"wp:attachment":[{"href":"https:\/\/stylingagenten.com\/da\/wp-json\/wp\/v2\/media?parent=420379"}],"wp:term":[{"taxonomy":"product_brand","embeddable":true,"href":"https:\/\/stylingagenten.com\/da\/wp-json\/wp\/v2\/product_brand?post=420379"},{"taxonomy":"product_cat","embeddable":true,"href":"https:\/\/stylingagenten.com\/da\/wp-json\/wp\/v2\/product_cat?post=420379"},{"taxonomy":"product_tag","embeddable":true,"href":"https:\/\/stylingagenten.com\/da\/wp-json\/wp\/v2\/product_tag?post=420379"},{"taxonomy":"berocket_brand","embeddable":true,"href":"https:\/\/stylingagenten.com\/da\/wp-json\/wp\/v2\/berocket_brand?post=420379"}],"curies":[{"name":"wp","href":"https:\/\/api.w.org\/{rel}","templated":true}]}}