{"id":420363,"date":"2025-08-25T10:56:08","date_gmt":"2025-08-25T10:56:08","guid":{"rendered":"https:\/\/staging2.stylingagenten.com\/da\/produkt\/armaf-el-cielo-pour-homme-edp-100ml\/"},"modified":"2026-03-11T21:54:00","modified_gmt":"2026-03-11T21:54:00","slug":"armaf-el-cielo-pour-homme-edp-100ml","status":"publish","type":"product","link":"https:\/\/stylingagenten.com\/da\/produkt\/armaf-el-cielo-pour-homme-edp-100ml\/","title":{"rendered":"Armaf El Cielo Pour Homme Edp 100ml"},"content":{"rendered":"<p>Armaf El Cielo Pour Homme EdP er let, frisk og alligevel karakteristisk. Denne Eau de Parfum til m\u00e6nd vil fortrylle dig med sin milde og sofistikerede duftsammens\u00e6tning, perfekt til daglig brug.<\/p>\n<p>Topnoter: Melon, \u00c6ble, Bergamot, Citron<br \/>Hjertenoter: Lavendel, Viol, Cypres<br \/>Basenoter: Vanilje, Musk, Rav, Cedertr\u00e6<\/p>\n<p>100 ml<\/p>\n","protected":false},"excerpt":{"rendered":"<p>Armaf El Cielo Pour Homme EdP er let, frisk og alligevel karakteristisk. Denne Eau de Parfum til m\u00e6nd vil fortrylle dig med sin milde og sofistikerede duftsammens\u00e6tning, perfekt til daglig brug. Topnoter: Melon, \u00c6ble, Bergamot, CitronHjertenoter: Lavendel, Viol, CypresBasenoter: Vanilje, Musk, Rav, Cedertr\u00e6 100 ml<\/p>\n","protected":false},"featured_media":420361,"comment_status":"open","ping_status":"closed","template":"","meta":{"_trash_the_other_posts":false},"product_brand":[],"product_cat":[708,735,1000],"product_tag":[],"berocket_brand":[1989],"class_list":{"0":"post-420363","1":"product","2":"type-product","3":"status-publish","4":"has-post-thumbnail","6":"product_cat-eau-de-parfum-gentr","7":"product_cat-kampagne","8":"product_cat-kampagnetilbud-til-ham","9":"pa_brand-armaf","10":"berocket_brand-armaf","12":"first","13":"instock","14":"sale","15":"taxable","16":"shipping-taxable","17":"purchasable","18":"product-type-simple"},"_links":{"self":[{"href":"https:\/\/stylingagenten.com\/da\/wp-json\/wp\/v2\/product\/420363","targetHints":{"allow":["GET"]}}],"collection":[{"href":"https:\/\/stylingagenten.com\/da\/wp-json\/wp\/v2\/product"}],"about":[{"href":"https:\/\/stylingagenten.com\/da\/wp-json\/wp\/v2\/types\/product"}],"replies":[{"embeddable":true,"href":"https:\/\/stylingagenten.com\/da\/wp-json\/wp\/v2\/comments?post=420363"}],"version-history":[{"count":0,"href":"https:\/\/stylingagenten.com\/da\/wp-json\/wp\/v2\/product\/420363\/revisions"}],"wp:featuredmedia":[{"embeddable":true,"href":"https:\/\/stylingagenten.com\/da\/wp-json\/wp\/v2\/media\/420361"}],"wp:attachment":[{"href":"https:\/\/stylingagenten.com\/da\/wp-json\/wp\/v2\/media?parent=420363"}],"wp:term":[{"taxonomy":"product_brand","embeddable":true,"href":"https:\/\/stylingagenten.com\/da\/wp-json\/wp\/v2\/product_brand?post=420363"},{"taxonomy":"product_cat","embeddable":true,"href":"https:\/\/stylingagenten.com\/da\/wp-json\/wp\/v2\/product_cat?post=420363"},{"taxonomy":"product_tag","embeddable":true,"href":"https:\/\/stylingagenten.com\/da\/wp-json\/wp\/v2\/product_tag?post=420363"},{"taxonomy":"berocket_brand","embeddable":true,"href":"https:\/\/stylingagenten.com\/da\/wp-json\/wp\/v2\/berocket_brand?post=420363"}],"curies":[{"name":"wp","href":"https:\/\/api.w.org\/{rel}","templated":true}]}}