{"id":420351,"date":"2025-08-25T10:56:00","date_gmt":"2025-08-25T10:56:00","guid":{"rendered":"https:\/\/staging2.stylingagenten.com\/da\/produkt\/armaf-art-du-parfum-edp-100ml\/"},"modified":"2026-03-11T21:58:16","modified_gmt":"2026-03-11T21:58:16","slug":"armaf-art-du-parfum-edp-100ml","status":"publish","type":"product","link":"https:\/\/stylingagenten.com\/da\/produkt\/armaf-art-du-parfum-edp-100ml\/","title":{"rendered":"Armaf Art Du Parfum Edp 100ml"},"content":{"rendered":"<p>Armaf Art Du Parfum EdP er en tidl\u00f8s klassiker, der hylder naturlig sk\u00f8nhed og maskulin elegance. Armaf Art Du Parfum er en eau de parfum til m\u00e6nd, som hurtigt vil blive en uundv\u00e6rlig del af din personlighed.<\/p>\n<p>Topnoter: Patchouli, Vanilje, Musk, Tonkab\u00f8nner<br \/>Hjertenoter: Lavendel, Muskatn\u00f8d, Ingef\u00e6r<br \/>Bundnoter: Sandeltr\u00e6, Rav, Patchouli, Vetiver<\/p>\n<p>100ml<\/p>\n","protected":false},"excerpt":{"rendered":"<p>Armaf Art Du Parfum EdP er en tidl\u00f8s klassiker, der hylder naturlig sk\u00f8nhed og maskulin elegance. Armaf Art Du Parfum er en eau de parfum til m\u00e6nd, som hurtigt vil blive en uundv\u00e6rlig del af din personlighed. Topnoter: Patchouli, Vanilje, Musk, Tonkab\u00f8nnerHjertenoter: Lavendel, Muskatn\u00f8d, Ingef\u00e6rBundnoter: Sandeltr\u00e6, Rav, Patchouli, Vetiver 100ml<\/p>\n","protected":false},"featured_media":420349,"comment_status":"open","ping_status":"closed","template":"","meta":{"_trash_the_other_posts":false},"product_brand":[],"product_cat":[708,735,1000],"product_tag":[],"berocket_brand":[1989],"class_list":{"0":"post-420351","1":"product","2":"type-product","3":"status-publish","4":"has-post-thumbnail","6":"product_cat-eau-de-parfum-gentr","7":"product_cat-kampagne","8":"product_cat-kampagnetilbud-til-ham","9":"pa_brand-armaf","10":"berocket_brand-armaf","12":"first","13":"instock","14":"sale","15":"taxable","16":"shipping-taxable","17":"purchasable","18":"product-type-simple"},"_links":{"self":[{"href":"https:\/\/stylingagenten.com\/da\/wp-json\/wp\/v2\/product\/420351","targetHints":{"allow":["GET"]}}],"collection":[{"href":"https:\/\/stylingagenten.com\/da\/wp-json\/wp\/v2\/product"}],"about":[{"href":"https:\/\/stylingagenten.com\/da\/wp-json\/wp\/v2\/types\/product"}],"replies":[{"embeddable":true,"href":"https:\/\/stylingagenten.com\/da\/wp-json\/wp\/v2\/comments?post=420351"}],"version-history":[{"count":0,"href":"https:\/\/stylingagenten.com\/da\/wp-json\/wp\/v2\/product\/420351\/revisions"}],"wp:featuredmedia":[{"embeddable":true,"href":"https:\/\/stylingagenten.com\/da\/wp-json\/wp\/v2\/media\/420349"}],"wp:attachment":[{"href":"https:\/\/stylingagenten.com\/da\/wp-json\/wp\/v2\/media?parent=420351"}],"wp:term":[{"taxonomy":"product_brand","embeddable":true,"href":"https:\/\/stylingagenten.com\/da\/wp-json\/wp\/v2\/product_brand?post=420351"},{"taxonomy":"product_cat","embeddable":true,"href":"https:\/\/stylingagenten.com\/da\/wp-json\/wp\/v2\/product_cat?post=420351"},{"taxonomy":"product_tag","embeddable":true,"href":"https:\/\/stylingagenten.com\/da\/wp-json\/wp\/v2\/product_tag?post=420351"},{"taxonomy":"berocket_brand","embeddable":true,"href":"https:\/\/stylingagenten.com\/da\/wp-json\/wp\/v2\/berocket_brand?post=420351"}],"curies":[{"name":"wp","href":"https:\/\/api.w.org\/{rel}","templated":true}]}}