{"id":420345,"date":"2025-08-25T10:55:58","date_gmt":"2025-08-25T10:55:58","guid":{"rendered":"https:\/\/staging2.stylingagenten.com\/da\/produkt\/armaf-miss-attitude-edp-100ml\/"},"modified":"2026-03-11T21:57:33","modified_gmt":"2026-03-11T21:57:33","slug":"armaf-miss-attitude-edp-100ml","status":"publish","type":"product","link":"https:\/\/stylingagenten.com\/da\/produkt\/armaf-miss-attitude-edp-100ml\/","title":{"rendered":"Armaf Miss Attitude Edp 100ml"},"content":{"rendered":"<p>Armaf Miss Attitude EdP \u2013 Hver kvinde forener f\u00f8lsomhed og styrke, en kombination der ogs\u00e5 f\u00e5r sin form i parfumeverdenen. Armaf Miss Armaf Attitude er en Eau de Parfum, der afsl\u00f8rer alle sider af din personlighed og fuldender din unikke karisma.<\/p>\n<p>Topnoter: Bergamot, Mandler, Rose, Jasmin<br \/>Hjertenoter: Tuberose, Kaffe, Appelsinblomst, Narcis<br \/>Bundnoter: Tonkab\u00f8nner, Sandeltr\u00e6, Vanilje, Rav, Cedertr\u00e6<\/p>\n<p>100ml<\/p>\n","protected":false},"excerpt":{"rendered":"<p>Armaf Miss Attitude EdP \u2013 Hver kvinde forener f\u00f8lsomhed og styrke, en kombination der ogs\u00e5 f\u00e5r sin form i parfumeverdenen. Armaf Miss Armaf Attitude er en Eau de Parfum, der afsl\u00f8rer alle sider af din personlighed og fuldender din unikke karisma. Topnoter: Bergamot, Mandler, Rose, JasminHjertenoter: Tuberose, Kaffe, Appelsinblomst, NarcisBundnoter: Tonkab\u00f8nner, Sandeltr\u00e6, Vanilje, Rav, Cedertr\u00e6 [&hellip;]<\/p>\n","protected":false},"featured_media":420343,"comment_status":"open","ping_status":"closed","template":"","meta":{"_trash_the_other_posts":false},"product_brand":[],"product_cat":[706,735,999],"product_tag":[],"berocket_brand":[1989],"class_list":{"0":"post-420345","1":"product","2":"type-product","3":"status-publish","4":"has-post-thumbnail","6":"product_cat-eau-de-parfum-dame","7":"product_cat-kampagne","8":"product_cat-kampagnetilbud-til-hende","9":"pa_brand-armaf","10":"berocket_brand-armaf","12":"first","13":"instock","14":"sale","15":"taxable","16":"shipping-taxable","17":"purchasable","18":"product-type-simple"},"_links":{"self":[{"href":"https:\/\/stylingagenten.com\/da\/wp-json\/wp\/v2\/product\/420345","targetHints":{"allow":["GET"]}}],"collection":[{"href":"https:\/\/stylingagenten.com\/da\/wp-json\/wp\/v2\/product"}],"about":[{"href":"https:\/\/stylingagenten.com\/da\/wp-json\/wp\/v2\/types\/product"}],"replies":[{"embeddable":true,"href":"https:\/\/stylingagenten.com\/da\/wp-json\/wp\/v2\/comments?post=420345"}],"version-history":[{"count":0,"href":"https:\/\/stylingagenten.com\/da\/wp-json\/wp\/v2\/product\/420345\/revisions"}],"wp:featuredmedia":[{"embeddable":true,"href":"https:\/\/stylingagenten.com\/da\/wp-json\/wp\/v2\/media\/420343"}],"wp:attachment":[{"href":"https:\/\/stylingagenten.com\/da\/wp-json\/wp\/v2\/media?parent=420345"}],"wp:term":[{"taxonomy":"product_brand","embeddable":true,"href":"https:\/\/stylingagenten.com\/da\/wp-json\/wp\/v2\/product_brand?post=420345"},{"taxonomy":"product_cat","embeddable":true,"href":"https:\/\/stylingagenten.com\/da\/wp-json\/wp\/v2\/product_cat?post=420345"},{"taxonomy":"product_tag","embeddable":true,"href":"https:\/\/stylingagenten.com\/da\/wp-json\/wp\/v2\/product_tag?post=420345"},{"taxonomy":"berocket_brand","embeddable":true,"href":"https:\/\/stylingagenten.com\/da\/wp-json\/wp\/v2\/berocket_brand?post=420345"}],"curies":[{"name":"wp","href":"https:\/\/api.w.org\/{rel}","templated":true}]}}