{"id":420267,"date":"2025-08-25T10:55:13","date_gmt":"2025-08-25T10:55:13","guid":{"rendered":"https:\/\/staging2.stylingagenten.com\/da\/produkt\/gillette-champion-gold-men-antiperspirant-gel-70ml\/"},"modified":"2026-04-10T11:08:42","modified_gmt":"2026-04-10T11:08:42","slug":"gillette-champion-gold-men-antiperspirant-gel-70ml","status":"publish","type":"product","link":"https:\/\/stylingagenten.com\/da\/produkt\/gillette-champion-gold-men-antiperspirant-gel-70ml\/","title":{"rendered":"Gillette Champion Gold Men Antiperspirant Gel 70ml"},"content":{"rendered":"<p>H\u00e5ndter sved som en \u00e6gte mester. Gillette Champion Gold antiperspirantgel giver dig beskyttelse mod sved i op til utrolige 72 timer. Takket v\u00e6re dens effektive sammens\u00e6tning vil ingen ubehagelig lugt overraske dig i l\u00f8bet af dagen \u2013 uanset om du er hjemme, p\u00e5 arbejde eller i fitnesscentret. En konstant f\u00f8lelse af renhed og friskhed vil f\u00f8lge dig gennem alle aktiviteter.<br \/>70ml<\/p>\n","protected":false},"excerpt":{"rendered":"<p>H\u00e5ndter sved som en \u00e6gte mester. Gillette Champion Gold antiperspirantgel giver dig beskyttelse mod sved i op til utrolige 72 timer. Takket v\u00e6re dens effektive sammens\u00e6tning vil ingen ubehagelig lugt overraske dig i l\u00f8bet af dagen \u2013 uanset om du er hjemme, p\u00e5 arbejde eller i fitnesscentret. En konstant f\u00f8lelse af renhed og friskhed vil [&hellip;]<\/p>\n","protected":false},"featured_media":420262,"comment_status":"open","ping_status":"closed","template":"","meta":{"_trash_the_other_posts":false},"product_brand":[],"product_cat":[720,735,1000],"product_tag":[],"berocket_brand":[1324],"class_list":{"0":"post-420267","1":"product","2":"type-product","3":"status-publish","4":"has-post-thumbnail","6":"product_cat-deostick-herre","7":"product_cat-kampagne","8":"product_cat-kampagnetilbud-til-ham","9":"pa_brand-gillette","10":"berocket_brand-gillette","12":"first","13":"instock","14":"sale","15":"taxable","16":"shipping-taxable","17":"purchasable","18":"product-type-simple"},"_links":{"self":[{"href":"https:\/\/stylingagenten.com\/da\/wp-json\/wp\/v2\/product\/420267","targetHints":{"allow":["GET"]}}],"collection":[{"href":"https:\/\/stylingagenten.com\/da\/wp-json\/wp\/v2\/product"}],"about":[{"href":"https:\/\/stylingagenten.com\/da\/wp-json\/wp\/v2\/types\/product"}],"replies":[{"embeddable":true,"href":"https:\/\/stylingagenten.com\/da\/wp-json\/wp\/v2\/comments?post=420267"}],"version-history":[{"count":0,"href":"https:\/\/stylingagenten.com\/da\/wp-json\/wp\/v2\/product\/420267\/revisions"}],"wp:featuredmedia":[{"embeddable":true,"href":"https:\/\/stylingagenten.com\/da\/wp-json\/wp\/v2\/media\/420262"}],"wp:attachment":[{"href":"https:\/\/stylingagenten.com\/da\/wp-json\/wp\/v2\/media?parent=420267"}],"wp:term":[{"taxonomy":"product_brand","embeddable":true,"href":"https:\/\/stylingagenten.com\/da\/wp-json\/wp\/v2\/product_brand?post=420267"},{"taxonomy":"product_cat","embeddable":true,"href":"https:\/\/stylingagenten.com\/da\/wp-json\/wp\/v2\/product_cat?post=420267"},{"taxonomy":"product_tag","embeddable":true,"href":"https:\/\/stylingagenten.com\/da\/wp-json\/wp\/v2\/product_tag?post=420267"},{"taxonomy":"berocket_brand","embeddable":true,"href":"https:\/\/stylingagenten.com\/da\/wp-json\/wp\/v2\/berocket_brand?post=420267"}],"curies":[{"name":"wp","href":"https:\/\/api.w.org\/{rel}","templated":true}]}}