{"id":420009,"date":"2025-08-18T15:34:26","date_gmt":"2025-08-18T15:34:26","guid":{"rendered":"https:\/\/staging2.stylingagenten.com\/da\/produkt\/milk_shake-colour-whipped-light-pink-100ml\/"},"modified":"2026-04-07T15:26:31","modified_gmt":"2026-04-07T15:26:31","slug":"milk_shake-colour-whipped-light-pink-100ml","status":"publish","type":"product","link":"https:\/\/stylingagenten.com\/da\/produkt\/milk_shake-colour-whipped-light-pink-100ml\/","title":{"rendered":"Milk_Shake Colour Whipped Cream Light Pink 100ml"},"content":{"rendered":"<p>Dette er et farveskum, der midlertidigt \u00e6ndrer h\u00e5rets farve med en foryngende effekt. Den kan bruges til at opdatere din nuv\u00e6rende h\u00e5rfarve, eller n\u00e5r du har lyst til at pr\u00f8ve en helt ny farve.<\/p>\n<p>Hvor langt h\u00e5r er farven? Da skummet er en ekstra l\u00f8sning, kan du forvente, at det holder i omkring 1-2 vaske. Udover at give farve giver skummet ogs\u00e5; fugt, v\u00e6rdi og en blank overflade takket v\u00e6re m\u00e6lkeproteiner og Integrity 41 &copy;, som har en farvebevarende effekt.<\/p>\n<p>Dette produkt f\u00e5s i flere forskellige farver og resultatet afh\u00e6nger bl.a. hvilken slags h\u00e5r har du i startlinjen. Det virker p\u00e5 naturligt h\u00e5r, men du f\u00e5r de mest intense resultater p\u00e5 kemisk behandlet h\u00e5r.<\/p>\n<p><strong>Brug:<\/strong><\/p>\n<p>Ryst beholderen f\u00f8r brug<\/p>\n<p>P\u00e5f\u00f8r en passende m\u00e6ngde skum p\u00e5 rent og fugtigt h\u00e5r<\/p>\n<p>Kan bruges som en genopfriskning til dit normale h\u00e5r<\/p>\n<p>Holder op til 1-2 vaske <\/p>\n<p>Giver h\u00e5ret \u00f8jeblikkelig farve<\/p>\n<p>Giver v\u00e6rdi og fugt<\/p>\n","protected":false},"excerpt":{"rendered":"<p>Dette er et farveskum, der midlertidigt \u00e6ndrer h\u00e5rets farve med en foryngende effekt. Den kan bruges til at opdatere din nuv\u00e6rende h\u00e5rfarve, eller n\u00e5r du har lyst til at pr\u00f8ve en helt ny farve. Hvor langt h\u00e5r er farven? Da skummet er en ekstra l\u00f8sning, kan du forvente, at det holder i omkring 1-2 vaske. [&hellip;]<\/p>\n","protected":false},"featured_media":420085,"comment_status":"open","ping_status":"closed","template":"","meta":{"_trash_the_other_posts":false},"product_brand":[],"product_cat":[602],"product_tag":[],"berocket_brand":[1085],"class_list":{"0":"post-420009","1":"product","2":"type-product","3":"status-publish","4":"has-post-thumbnail","6":"product_cat-farve-bombe","7":"pa_brand-milk_shake","8":"berocket_brand-milk_shake","10":"first","11":"instock","12":"sale","13":"taxable","14":"shipping-taxable","15":"purchasable","16":"product-type-simple"},"_links":{"self":[{"href":"https:\/\/stylingagenten.com\/da\/wp-json\/wp\/v2\/product\/420009","targetHints":{"allow":["GET"]}}],"collection":[{"href":"https:\/\/stylingagenten.com\/da\/wp-json\/wp\/v2\/product"}],"about":[{"href":"https:\/\/stylingagenten.com\/da\/wp-json\/wp\/v2\/types\/product"}],"replies":[{"embeddable":true,"href":"https:\/\/stylingagenten.com\/da\/wp-json\/wp\/v2\/comments?post=420009"}],"version-history":[{"count":0,"href":"https:\/\/stylingagenten.com\/da\/wp-json\/wp\/v2\/product\/420009\/revisions"}],"wp:featuredmedia":[{"embeddable":true,"href":"https:\/\/stylingagenten.com\/da\/wp-json\/wp\/v2\/media\/420085"}],"wp:attachment":[{"href":"https:\/\/stylingagenten.com\/da\/wp-json\/wp\/v2\/media?parent=420009"}],"wp:term":[{"taxonomy":"product_brand","embeddable":true,"href":"https:\/\/stylingagenten.com\/da\/wp-json\/wp\/v2\/product_brand?post=420009"},{"taxonomy":"product_cat","embeddable":true,"href":"https:\/\/stylingagenten.com\/da\/wp-json\/wp\/v2\/product_cat?post=420009"},{"taxonomy":"product_tag","embeddable":true,"href":"https:\/\/stylingagenten.com\/da\/wp-json\/wp\/v2\/product_tag?post=420009"},{"taxonomy":"berocket_brand","embeddable":true,"href":"https:\/\/stylingagenten.com\/da\/wp-json\/wp\/v2\/berocket_brand?post=420009"}],"curies":[{"name":"wp","href":"https:\/\/api.w.org\/{rel}","templated":true}]}}