{"id":2000569,"date":"2026-04-10T08:19:43","date_gmt":"2026-04-10T08:19:43","guid":{"rendered":"https:\/\/stylingagenten.com\/da\/produkt\/milk_shake-lifestyling-thermo-protector-200ml-2\/"},"modified":"2026-04-10T08:22:30","modified_gmt":"2026-04-10T08:22:30","slug":"milk_shake-lifestyling-thermo-protector-200ml-2","status":"publish","type":"product","link":"https:\/\/stylingagenten.com\/da\/produkt\/milk_shake-lifestyling-thermo-protector-200ml-2\/","title":{"rendered":"Milk_Shake Lifestyling Thermo Protector 200ml"},"content":{"rendered":"<p>Milk_Shake Lifestyling Thermo Protector er en varmebeskyttende spray med en ultralet formel, der beskytter h\u00e5ret mod alle typer varmev\u00e6rkt\u00f8jer: f\u00f8nt\u00f8rrer, glattejern og kr\u00f8llejern. Den danner en usynlig film over h\u00e5ret, som forebygger spaltede spidser og skader, samtidig med at t\u00f8rretiden forkortes.<\/p>\n<p>200 ml<\/p>\n","protected":false},"excerpt":{"rendered":"<p>Milk_Shake Lifestyling Thermo Protector er en varmebeskyttende spray med en ultralet formel, der beskytter h\u00e5ret mod alle typer varmev\u00e6rkt\u00f8jer: f\u00f8nt\u00f8rrer, glattejern og kr\u00f8llejern. Den danner en usynlig film over h\u00e5ret, som forebygger spaltede spidser og skader, samtidig med at t\u00f8rretiden forkortes. 200 ml<\/p>\n","protected":false},"featured_media":2000568,"comment_status":"open","ping_status":"closed","template":"","meta":{"_trash_the_other_posts":false},"product_brand":[],"product_cat":[624],"product_tag":[],"berocket_brand":[],"class_list":{"0":"post-2000569","1":"product","2":"type-product","3":"status-publish","4":"has-post-thumbnail","6":"product_cat-varmebeskyttelse","7":"pa_brand-milk_shake","9":"first","10":"instock","11":"sale","12":"taxable","13":"shipping-taxable","14":"purchasable","15":"product-type-simple"},"_links":{"self":[{"href":"https:\/\/stylingagenten.com\/da\/wp-json\/wp\/v2\/product\/2000569","targetHints":{"allow":["GET"]}}],"collection":[{"href":"https:\/\/stylingagenten.com\/da\/wp-json\/wp\/v2\/product"}],"about":[{"href":"https:\/\/stylingagenten.com\/da\/wp-json\/wp\/v2\/types\/product"}],"replies":[{"embeddable":true,"href":"https:\/\/stylingagenten.com\/da\/wp-json\/wp\/v2\/comments?post=2000569"}],"version-history":[{"count":0,"href":"https:\/\/stylingagenten.com\/da\/wp-json\/wp\/v2\/product\/2000569\/revisions"}],"wp:featuredmedia":[{"embeddable":true,"href":"https:\/\/stylingagenten.com\/da\/wp-json\/wp\/v2\/media\/2000568"}],"wp:attachment":[{"href":"https:\/\/stylingagenten.com\/da\/wp-json\/wp\/v2\/media?parent=2000569"}],"wp:term":[{"taxonomy":"product_brand","embeddable":true,"href":"https:\/\/stylingagenten.com\/da\/wp-json\/wp\/v2\/product_brand?post=2000569"},{"taxonomy":"product_cat","embeddable":true,"href":"https:\/\/stylingagenten.com\/da\/wp-json\/wp\/v2\/product_cat?post=2000569"},{"taxonomy":"product_tag","embeddable":true,"href":"https:\/\/stylingagenten.com\/da\/wp-json\/wp\/v2\/product_tag?post=2000569"},{"taxonomy":"berocket_brand","embeddable":true,"href":"https:\/\/stylingagenten.com\/da\/wp-json\/wp\/v2\/berocket_brand?post=2000569"}],"curies":[{"name":"wp","href":"https:\/\/api.w.org\/{rel}","templated":true}]}}