{"id":2000470,"date":"2026-04-09T07:36:08","date_gmt":"2026-04-09T07:36:08","guid":{"rendered":"https:\/\/stylingagenten.com\/da\/produkt\/filorga-hyalu-filler-lips-4g\/"},"modified":"2026-04-09T07:48:29","modified_gmt":"2026-04-09T07:48:29","slug":"filorga-hyalu-filler-lips-4g","status":"publish","type":"product","link":"https:\/\/stylingagenten.com\/da\/produkt\/filorga-hyalu-filler-lips-4g\/","title":{"rendered":"Filorga Hyalu-Filler Lips 4g"},"content":{"rendered":"<p>Filorga Hyalu-Filler Lips \u2013 Oplev fyldigere, glattere og mere fugtede l\u00e6ber med Hyalu-Filler Lips fra FILORGA. Denne avancerede l\u00e6bepomade er inspireret af \u00e6stetiske injektioner og kombinerer tre kraftfulde ingredienser \u2013 hyaluronsyre, konjac og oligopeptid \u2013 for at give \u00f8jeblikkelig volumen, dyb fugt og en forbedret l\u00e6bekontur. Formlen er beriget med Swertia chirata-ekstrakt, som hj\u00e6lper med at reducere synligheden af linjer, sheasm\u00f8r som bl\u00f8dg\u00f8r, og menthol som giver en opfriskende f\u00f8lelse. Indeholder ogs\u00e5 A-vitamin, som underst\u00f8tter hudens fornyelsesproces. Med 96 % ingredienser af naturlig oprindelse. Klinisk dokumenterede resultater: efter f\u00f8rste p\u00e5f\u00f8ring opleves l\u00e6berne som 98 % fyldigere og tre gange mere fugtede og glansfulde. Konturerne defineres, og fine linjer udglattes.* Dermatologisk testet og velegnet til sensitiv hud.<\/p>\n<p>Volumengivende l\u00e6bepomade<br \/>Dyb fugt<br \/>Glansfuld, rosig finish<br \/>Velegnet til sensitiv hud<\/p>\n<p>Konjac er et planteekstrakt rigt p\u00e5 fugtbindende fibre, der hj\u00e6lper med at skabe en naturligt plumpet effekt. Swertia chirata, en plante med oprindelse i ayurvedisk tradition, er kendt for sine udglattende egenskaber, der forbedrer l\u00e6bernes struktur og minimerer linjer.<\/p>\n<p>Klinisk evaluering \u2013 30 kvinder \u2013 \u00f8jeblikkeligt resultat efter p\u00e5f\u00f8ring af Hyalu-Filler Lips.<\/p>\n<p>4 g<\/p>\n","protected":false},"excerpt":{"rendered":"<p>Filorga Hyalu-Filler Lips \u2013 Oplev fyldigere, glattere og mere fugtede l\u00e6ber med Hyalu-Filler Lips fra FILORGA. Denne avancerede l\u00e6bepomade er inspireret af \u00e6stetiske injektioner og kombinerer tre kraftfulde ingredienser \u2013 hyaluronsyre, konjac og oligopeptid \u2013 for at give \u00f8jeblikkelig volumen, dyb fugt og en forbedret l\u00e6bekontur. Formlen er beriget med Swertia chirata-ekstrakt, som hj\u00e6lper med [&hellip;]<\/p>\n","protected":false},"featured_media":2000467,"comment_status":"open","ping_status":"closed","template":"","meta":{"_trash_the_other_posts":false},"product_brand":[],"product_cat":[580],"product_tag":[],"berocket_brand":[],"class_list":{"0":"post-2000470","1":"product","2":"type-product","3":"status-publish","4":"has-post-thumbnail","6":"product_cat-lappebalsam","7":"pa_brand-filorga","9":"first","10":"instock","11":"sale","12":"taxable","13":"shipping-taxable","14":"purchasable","15":"product-type-simple"},"_links":{"self":[{"href":"https:\/\/stylingagenten.com\/da\/wp-json\/wp\/v2\/product\/2000470","targetHints":{"allow":["GET"]}}],"collection":[{"href":"https:\/\/stylingagenten.com\/da\/wp-json\/wp\/v2\/product"}],"about":[{"href":"https:\/\/stylingagenten.com\/da\/wp-json\/wp\/v2\/types\/product"}],"replies":[{"embeddable":true,"href":"https:\/\/stylingagenten.com\/da\/wp-json\/wp\/v2\/comments?post=2000470"}],"version-history":[{"count":0,"href":"https:\/\/stylingagenten.com\/da\/wp-json\/wp\/v2\/product\/2000470\/revisions"}],"wp:featuredmedia":[{"embeddable":true,"href":"https:\/\/stylingagenten.com\/da\/wp-json\/wp\/v2\/media\/2000467"}],"wp:attachment":[{"href":"https:\/\/stylingagenten.com\/da\/wp-json\/wp\/v2\/media?parent=2000470"}],"wp:term":[{"taxonomy":"product_brand","embeddable":true,"href":"https:\/\/stylingagenten.com\/da\/wp-json\/wp\/v2\/product_brand?post=2000470"},{"taxonomy":"product_cat","embeddable":true,"href":"https:\/\/stylingagenten.com\/da\/wp-json\/wp\/v2\/product_cat?post=2000470"},{"taxonomy":"product_tag","embeddable":true,"href":"https:\/\/stylingagenten.com\/da\/wp-json\/wp\/v2\/product_tag?post=2000470"},{"taxonomy":"berocket_brand","embeddable":true,"href":"https:\/\/stylingagenten.com\/da\/wp-json\/wp\/v2\/berocket_brand?post=2000470"}],"curies":[{"name":"wp","href":"https:\/\/api.w.org\/{rel}","templated":true}]}}