{"id":171056,"date":"2025-07-09T16:02:02","date_gmt":"2025-07-09T16:02:02","guid":{"rendered":"https:\/\/staging2.stylingagenten.com\/da\/produkt\/kevin-murphy-smooth-again-rinse-conditioner-250ml\/"},"modified":"2026-03-11T21:59:09","modified_gmt":"2026-03-11T21:59:09","slug":"kevin-murphy-smooth-again-rinse-conditioner-250ml","status":"publish","type":"product","link":"https:\/\/stylingagenten.com\/da\/produkt\/kevin-murphy-smooth-again-rinse-conditioner-250ml\/","title":{"rendered":"Kevin Murphy Smooth Again Rinse Conditioner 250ml"},"content":{"rendered":"<p>SMOOTH.AGAIN.RINSE er skabt til at n\u00e6re og udglatte tykt, groft h\u00e5r med ionbaseret kationteknologi. Keratinproteiner imiterer strukturen af \u200b\u200bh\u00e5rets naturlige proteiner for at glatte og forfine de \u00f8nskede omr\u00e5der af h\u00e5ret. Denne h\u00e5rdtarbejdende, eksfolierende balsam giver ogs\u00e5 et beskyttende lag til at forsegle spaltede spidser og reducere krus.&nbsp;<\/p>\n<p>Sulfat, paraben og grusomhedsfri.&nbsp;<\/p>\n","protected":false},"excerpt":{"rendered":"<p>SMOOTH.AGAIN.RINSE er skabt til at n\u00e6re og udglatte tykt, groft h\u00e5r med ionbaseret kationteknologi. Keratinproteiner imiterer strukturen af \u200b\u200bh\u00e5rets naturlige proteiner for at glatte og forfine de \u00f8nskede omr\u00e5der af h\u00e5ret. Denne h\u00e5rdtarbejdende, eksfolierende balsam giver ogs\u00e5 et beskyttende lag til at forsegle spaltede spidser og reducere krus.&nbsp; Sulfat, paraben og grusomhedsfri.&nbsp;<\/p>\n","protected":false},"featured_media":171055,"comment_status":"open","ping_status":"closed","template":"","meta":{"_trash_the_other_posts":false},"product_brand":[],"product_cat":[587],"product_tag":[],"berocket_brand":[1165],"class_list":{"0":"post-171056","1":"product","2":"type-product","3":"status-publish","4":"has-post-thumbnail","6":"product_cat-balsam","7":"pa_brand-kevin-murphy","8":"pa_variant-250ml","9":"berocket_brand-kevin-murphy","11":"first","12":"instock","13":"sale","14":"taxable","15":"shipping-taxable","16":"purchasable","17":"product-type-simple"},"_links":{"self":[{"href":"https:\/\/stylingagenten.com\/da\/wp-json\/wp\/v2\/product\/171056","targetHints":{"allow":["GET"]}}],"collection":[{"href":"https:\/\/stylingagenten.com\/da\/wp-json\/wp\/v2\/product"}],"about":[{"href":"https:\/\/stylingagenten.com\/da\/wp-json\/wp\/v2\/types\/product"}],"replies":[{"embeddable":true,"href":"https:\/\/stylingagenten.com\/da\/wp-json\/wp\/v2\/comments?post=171056"}],"version-history":[{"count":0,"href":"https:\/\/stylingagenten.com\/da\/wp-json\/wp\/v2\/product\/171056\/revisions"}],"wp:featuredmedia":[{"embeddable":true,"href":"https:\/\/stylingagenten.com\/da\/wp-json\/wp\/v2\/media\/171055"}],"wp:attachment":[{"href":"https:\/\/stylingagenten.com\/da\/wp-json\/wp\/v2\/media?parent=171056"}],"wp:term":[{"taxonomy":"product_brand","embeddable":true,"href":"https:\/\/stylingagenten.com\/da\/wp-json\/wp\/v2\/product_brand?post=171056"},{"taxonomy":"product_cat","embeddable":true,"href":"https:\/\/stylingagenten.com\/da\/wp-json\/wp\/v2\/product_cat?post=171056"},{"taxonomy":"product_tag","embeddable":true,"href":"https:\/\/stylingagenten.com\/da\/wp-json\/wp\/v2\/product_tag?post=171056"},{"taxonomy":"berocket_brand","embeddable":true,"href":"https:\/\/stylingagenten.com\/da\/wp-json\/wp\/v2\/berocket_brand?post=171056"}],"curies":[{"name":"wp","href":"https:\/\/api.w.org\/{rel}","templated":true}]}}