{"id":171042,"date":"2025-07-09T16:01:45","date_gmt":"2025-07-09T16:01:45","guid":{"rendered":"https:\/\/staging2.stylingagenten.com\/da\/produkt\/kevin-murphy-motion-lotion-150ml\/"},"modified":"2026-03-11T21:59:27","modified_gmt":"2026-03-11T21:59:27","slug":"kevin-murphy-motion-lotion-150ml","status":"publish","type":"product","link":"https:\/\/stylingagenten.com\/da\/produkt\/kevin-murphy-motion-lotion-150ml\/","title":{"rendered":"Kevin Murphy Motion Lotion 150ml"},"content":{"rendered":"<p>Fremh\u00e6v kr\u00f8ller og f&aring; krus under kontrol med MOTION.LOTION.<br \/>Denne v\u00e6gtl\u00f8se, meget absorberende lotion er fyldt med gavnlige ingredienser, der giver fleksibelt hold og naturlig glans.<\/p>\n<p>sulfat, paraben og grusomhedsfri<\/p>\n","protected":false},"excerpt":{"rendered":"<p>Fremh\u00e6v kr\u00f8ller og f&aring; krus under kontrol med MOTION.LOTION.Denne v\u00e6gtl\u00f8se, meget absorberende lotion er fyldt med gavnlige ingredienser, der giver fleksibelt hold og naturlig glans. sulfat, paraben og grusomhedsfri<\/p>\n","protected":false},"featured_media":171040,"comment_status":"open","ping_status":"closed","template":"","meta":{"_trash_the_other_posts":false},"product_brand":[],"product_cat":[546],"product_tag":[],"berocket_brand":[1165],"class_list":{"0":"post-171042","1":"product","2":"type-product","3":"status-publish","4":"has-post-thumbnail","6":"product_cat-harstyling","7":"pa_brand-kevin-murphy","8":"pa_variant-150ml","9":"berocket_brand-kevin-murphy","11":"first","12":"instock","13":"sale","14":"taxable","15":"shipping-taxable","16":"purchasable","17":"product-type-simple"},"_links":{"self":[{"href":"https:\/\/stylingagenten.com\/da\/wp-json\/wp\/v2\/product\/171042","targetHints":{"allow":["GET"]}}],"collection":[{"href":"https:\/\/stylingagenten.com\/da\/wp-json\/wp\/v2\/product"}],"about":[{"href":"https:\/\/stylingagenten.com\/da\/wp-json\/wp\/v2\/types\/product"}],"replies":[{"embeddable":true,"href":"https:\/\/stylingagenten.com\/da\/wp-json\/wp\/v2\/comments?post=171042"}],"version-history":[{"count":0,"href":"https:\/\/stylingagenten.com\/da\/wp-json\/wp\/v2\/product\/171042\/revisions"}],"wp:featuredmedia":[{"embeddable":true,"href":"https:\/\/stylingagenten.com\/da\/wp-json\/wp\/v2\/media\/171040"}],"wp:attachment":[{"href":"https:\/\/stylingagenten.com\/da\/wp-json\/wp\/v2\/media?parent=171042"}],"wp:term":[{"taxonomy":"product_brand","embeddable":true,"href":"https:\/\/stylingagenten.com\/da\/wp-json\/wp\/v2\/product_brand?post=171042"},{"taxonomy":"product_cat","embeddable":true,"href":"https:\/\/stylingagenten.com\/da\/wp-json\/wp\/v2\/product_cat?post=171042"},{"taxonomy":"product_tag","embeddable":true,"href":"https:\/\/stylingagenten.com\/da\/wp-json\/wp\/v2\/product_tag?post=171042"},{"taxonomy":"berocket_brand","embeddable":true,"href":"https:\/\/stylingagenten.com\/da\/wp-json\/wp\/v2\/berocket_brand?post=171042"}],"curies":[{"name":"wp","href":"https:\/\/api.w.org\/{rel}","templated":true}]}}