{"id":171001,"date":"2025-07-09T16:00:35","date_gmt":"2025-07-09T16:00:35","guid":{"rendered":"https:\/\/staging2.stylingagenten.com\/da\/produkt\/carolina-herrera-212-sexy-men-edt-100ml\/"},"modified":"2026-04-13T08:29:39","modified_gmt":"2026-04-13T08:29:39","slug":"carolina-herrera-212-sexy-men-edt-100ml","status":"publish","type":"product","link":"https:\/\/stylingagenten.com\/da\/produkt\/carolina-herrera-212-sexy-men-edt-100ml\/","title":{"rendered":"Carolina Herrera 212 Sexy Men Edt 100ml"},"content":{"rendered":"<p>Carolina Herrera 212 Sexy Men er en sofistikeret, sexet og mystisk duft. Den har en frisk orientalsk duft med noter af citrus, krydderier og vanilje.<\/p>\n<p><strong>Duftnoter:<\/strong> bergamot, mandarin, gr\u00f8nne blade, kardemomme, blomsterblade, peber, guaiac tr\u00e6, vanilje , sandeltr\u00e6, moskus &amp; rav.<\/p>\n","protected":false},"excerpt":{"rendered":"<p>Carolina Herrera 212 Sexy Men er en sofistikeret, sexet og mystisk duft. Den har en frisk orientalsk duft med noter af citrus, krydderier og vanilje. Duftnoter: bergamot, mandarin, gr\u00f8nne blade, kardemomme, blomsterblade, peber, guaiac tr\u00e6, vanilje , sandeltr\u00e6, moskus &amp; rav.<\/p>\n","protected":false},"featured_media":170999,"comment_status":"open","ping_status":"closed","template":"","meta":{"_trash_the_other_posts":false},"product_brand":[],"product_cat":[709],"product_tag":[],"berocket_brand":[1099],"class_list":{"0":"post-171001","1":"product","2":"type-product","3":"status-publish","4":"has-post-thumbnail","6":"product_cat-eau-de-toilette-mr","7":"pa_brand-carolina-herrera","8":"pa_variant-100ml","9":"berocket_brand-carolina-herrera","11":"first","12":"instock","13":"sale","14":"taxable","15":"shipping-taxable","16":"purchasable","17":"product-type-simple"},"_links":{"self":[{"href":"https:\/\/stylingagenten.com\/da\/wp-json\/wp\/v2\/product\/171001","targetHints":{"allow":["GET"]}}],"collection":[{"href":"https:\/\/stylingagenten.com\/da\/wp-json\/wp\/v2\/product"}],"about":[{"href":"https:\/\/stylingagenten.com\/da\/wp-json\/wp\/v2\/types\/product"}],"replies":[{"embeddable":true,"href":"https:\/\/stylingagenten.com\/da\/wp-json\/wp\/v2\/comments?post=171001"}],"version-history":[{"count":0,"href":"https:\/\/stylingagenten.com\/da\/wp-json\/wp\/v2\/product\/171001\/revisions"}],"wp:featuredmedia":[{"embeddable":true,"href":"https:\/\/stylingagenten.com\/da\/wp-json\/wp\/v2\/media\/170999"}],"wp:attachment":[{"href":"https:\/\/stylingagenten.com\/da\/wp-json\/wp\/v2\/media?parent=171001"}],"wp:term":[{"taxonomy":"product_brand","embeddable":true,"href":"https:\/\/stylingagenten.com\/da\/wp-json\/wp\/v2\/product_brand?post=171001"},{"taxonomy":"product_cat","embeddable":true,"href":"https:\/\/stylingagenten.com\/da\/wp-json\/wp\/v2\/product_cat?post=171001"},{"taxonomy":"product_tag","embeddable":true,"href":"https:\/\/stylingagenten.com\/da\/wp-json\/wp\/v2\/product_tag?post=171001"},{"taxonomy":"berocket_brand","embeddable":true,"href":"https:\/\/stylingagenten.com\/da\/wp-json\/wp\/v2\/berocket_brand?post=171001"}],"curies":[{"name":"wp","href":"https:\/\/api.w.org\/{rel}","templated":true}]}}