{"id":148455,"date":"2025-05-18T23:41:46","date_gmt":"2025-05-18T23:41:46","guid":{"rendered":"https:\/\/staging2.stylingagenten.com\/da\/produkt\/beauty-uk-eyeshadow-palette-no-4-feverstruck\/"},"modified":"2026-02-19T07:56:43","modified_gmt":"2026-02-19T07:56:43","slug":"beauty-uk-eyeshadow-palette-no-4-feverstruck","status":"publish","type":"product","link":"https:\/\/stylingagenten.com\/da\/produkt\/beauty-uk-eyeshadow-palette-no-4-feverstruck\/","title":{"rendered":"Beauty UK Eyeshadow Palette no.4 &#8211; Feverstruck"},"content":{"rendered":"<p>Denne \u00f8jenskyggekollektion kan prale af en fantastisk r\u00e6kke omhyggeligt udvalgte paletter for at skabe det fejlfri look, du \u00f8nsker.<br data-reactid=\"93\"><br data-reactid=\"94\">Hver palette indeholder en kombination af ti smukke nuancer og den eksklusive cremede formel giver en rig farve med intens varig kraft.<\/p>\n","protected":false},"excerpt":{"rendered":"<p>Denne \u00f8jenskyggekollektion kan prale af en fantastisk r\u00e6kke omhyggeligt udvalgte paletter for at skabe det fejlfri look, du \u00f8nsker.Hver palette indeholder en kombination af ti smukke nuancer og den eksklusive cremede formel giver en rig farve med intens varig kraft.<\/p>\n","protected":false},"featured_media":148454,"comment_status":"open","ping_status":"closed","template":"","meta":{"_trash_the_other_posts":false},"product_brand":[],"product_cat":[581],"product_tag":[2495],"berocket_brand":[1059],"class_list":{"0":"post-148455","1":"product","2":"type-product","3":"status-publish","4":"has-post-thumbnail","6":"product_cat-ondt-oeje","7":"product_tag-beauty-uk-eyeshadow-palette","8":"pa_brand-beautyuk","9":"pa_variant-no-4-feverstruck","10":"berocket_brand-beautyuk","12":"first","13":"instock","14":"sale","15":"taxable","16":"shipping-taxable","17":"purchasable","18":"product-type-simple"},"_links":{"self":[{"href":"https:\/\/stylingagenten.com\/da\/wp-json\/wp\/v2\/product\/148455","targetHints":{"allow":["GET"]}}],"collection":[{"href":"https:\/\/stylingagenten.com\/da\/wp-json\/wp\/v2\/product"}],"about":[{"href":"https:\/\/stylingagenten.com\/da\/wp-json\/wp\/v2\/types\/product"}],"replies":[{"embeddable":true,"href":"https:\/\/stylingagenten.com\/da\/wp-json\/wp\/v2\/comments?post=148455"}],"version-history":[{"count":0,"href":"https:\/\/stylingagenten.com\/da\/wp-json\/wp\/v2\/product\/148455\/revisions"}],"wp:featuredmedia":[{"embeddable":true,"href":"https:\/\/stylingagenten.com\/da\/wp-json\/wp\/v2\/media\/148454"}],"wp:attachment":[{"href":"https:\/\/stylingagenten.com\/da\/wp-json\/wp\/v2\/media?parent=148455"}],"wp:term":[{"taxonomy":"product_brand","embeddable":true,"href":"https:\/\/stylingagenten.com\/da\/wp-json\/wp\/v2\/product_brand?post=148455"},{"taxonomy":"product_cat","embeddable":true,"href":"https:\/\/stylingagenten.com\/da\/wp-json\/wp\/v2\/product_cat?post=148455"},{"taxonomy":"product_tag","embeddable":true,"href":"https:\/\/stylingagenten.com\/da\/wp-json\/wp\/v2\/product_tag?post=148455"},{"taxonomy":"berocket_brand","embeddable":true,"href":"https:\/\/stylingagenten.com\/da\/wp-json\/wp\/v2\/berocket_brand?post=148455"}],"curies":[{"name":"wp","href":"https:\/\/api.w.org\/{rel}","templated":true}]}}