{"id":148388,"date":"2025-05-18T23:41:31","date_gmt":"2025-05-18T23:41:31","guid":{"rendered":"https:\/\/staging2.stylingagenten.com\/da\/produkt\/bellapierre-9-stack-shimmer-astrid-15-75g\/"},"modified":"2025-12-18T21:39:07","modified_gmt":"2025-12-18T21:39:07","slug":"bellapierre-9-stack-shimmer-astrid-15-75g","status":"publish","type":"product","link":"https:\/\/stylingagenten.com\/da\/produkt\/bellapierre-9-stack-shimmer-astrid-15-75g\/","title":{"rendered":"Bellapierre 9-Stack Shimmer &#8211; Astrid 15.75g"},"content":{"rendered":"<p>Bellapierre 9-Stack indeholder 9 fantastiske kosmetiske glimmer stablet oven p\u00e5 hinanden. en meget innovativ m\u00e5de.<\/p>\n<p>Shimmer Powder Eyeshadow fra Bellapierre Cosmetics har en innovativ formel, der best\u00e5r af mineraler og er designet til at give dig en smuk finish, der holder l\u00e6ngere tid. Denne \u00f8jenskygge indeholder glimmer, et glitrende mineral, der skaber en uimodst\u00e5elig shimmer.<\/p>\n","protected":false},"excerpt":{"rendered":"<p>Bellapierre 9-Stack indeholder 9 fantastiske kosmetiske glimmer stablet oven p\u00e5 hinanden. en meget innovativ m\u00e5de. Shimmer Powder Eyeshadow fra Bellapierre Cosmetics har en innovativ formel, der best\u00e5r af mineraler og er designet til at give dig en smuk finish, der holder l\u00e6ngere tid. Denne \u00f8jenskygge indeholder glimmer, et glitrende mineral, der skaber en uimodst\u00e5elig shimmer.<\/p>\n","protected":false},"featured_media":148378,"comment_status":"open","ping_status":"closed","template":"","meta":{"_trash_the_other_posts":false},"product_brand":[],"product_cat":[581,1005],"product_tag":[2527],"berocket_brand":[1113],"class_list":{"0":"post-148388","1":"product","2":"type-product","3":"status-publish","4":"has-post-thumbnail","6":"product_cat-ondt-oeje","7":"product_cat-outlet","8":"product_tag-bellapierre-9-stack-shimmer-15-75g","9":"pa_brand-bellapierre","10":"pa_variant-astrid","11":"berocket_brand-bellapierre","13":"first","14":"instock","15":"sale","16":"taxable","17":"shipping-taxable","18":"purchasable","19":"product-type-simple"},"_links":{"self":[{"href":"https:\/\/stylingagenten.com\/da\/wp-json\/wp\/v2\/product\/148388","targetHints":{"allow":["GET"]}}],"collection":[{"href":"https:\/\/stylingagenten.com\/da\/wp-json\/wp\/v2\/product"}],"about":[{"href":"https:\/\/stylingagenten.com\/da\/wp-json\/wp\/v2\/types\/product"}],"replies":[{"embeddable":true,"href":"https:\/\/stylingagenten.com\/da\/wp-json\/wp\/v2\/comments?post=148388"}],"version-history":[{"count":0,"href":"https:\/\/stylingagenten.com\/da\/wp-json\/wp\/v2\/product\/148388\/revisions"}],"wp:featuredmedia":[{"embeddable":true,"href":"https:\/\/stylingagenten.com\/da\/wp-json\/wp\/v2\/media\/148378"}],"wp:attachment":[{"href":"https:\/\/stylingagenten.com\/da\/wp-json\/wp\/v2\/media?parent=148388"}],"wp:term":[{"taxonomy":"product_brand","embeddable":true,"href":"https:\/\/stylingagenten.com\/da\/wp-json\/wp\/v2\/product_brand?post=148388"},{"taxonomy":"product_cat","embeddable":true,"href":"https:\/\/stylingagenten.com\/da\/wp-json\/wp\/v2\/product_cat?post=148388"},{"taxonomy":"product_tag","embeddable":true,"href":"https:\/\/stylingagenten.com\/da\/wp-json\/wp\/v2\/product_tag?post=148388"},{"taxonomy":"berocket_brand","embeddable":true,"href":"https:\/\/stylingagenten.com\/da\/wp-json\/wp\/v2\/berocket_brand?post=148388"}],"curies":[{"name":"wp","href":"https:\/\/api.w.org\/{rel}","templated":true}]}}