{"id":148243,"date":"2025-05-18T23:41:01","date_gmt":"2025-05-18T23:41:01","guid":{"rendered":"https:\/\/staging2.stylingagenten.com\/da\/produkt\/makeup-revolution-re-loaded-palette-newtrals-2\/"},"modified":"2026-04-06T12:47:29","modified_gmt":"2026-04-06T12:47:29","slug":"makeup-revolution-re-loaded-palette-newtrals-2","status":"publish","type":"product","link":"https:\/\/stylingagenten.com\/da\/produkt\/makeup-revolution-re-loaded-palette-newtrals-2\/","title":{"rendered":"Makeup Revolution Re-Loaded Palette &#8211; Newtrals 2"},"content":{"rendered":"<p>Palette med 15 skygger til en overkommelig pris. Varme nuancer, i en r\u00e6kke matte og shimmer nuancer.<br \/>H\u00f8jpigmenterede, langtidsholdbare, fleksible og blandbare skygger, der holder dig p\u00e5 trend hele \u00e5ret rundt.<\/p>\n<p>Vegan<br \/>Cruelty Free <br \/>Glutenfri<\/p>\n<p><\/p>\n<p><\/p>\n","protected":false},"excerpt":{"rendered":"<p>Palette med 15 skygger til en overkommelig pris. Varme nuancer, i en r\u00e6kke matte og shimmer nuancer.H\u00f8jpigmenterede, langtidsholdbare, fleksible og blandbare skygger, der holder dig p\u00e5 trend hele \u00e5ret rundt. VeganCruelty Free Glutenfri<\/p>\n","protected":false},"featured_media":148225,"comment_status":"open","ping_status":"closed","template":"","meta":{"_trash_the_other_posts":false},"product_brand":[],"product_cat":[581,1005],"product_tag":[3348],"berocket_brand":[1050],"class_list":{"0":"post-148243","1":"product","2":"type-product","3":"status-publish","4":"has-post-thumbnail","6":"product_cat-ondt-oeje","7":"product_cat-outlet","8":"product_tag-makeup-revolution-re-loaded-palette","9":"pa_brand-makeup-revolution","10":"pa_variant-newtrals-2","11":"berocket_brand-makeup-revolution","13":"first","14":"outofstock","15":"sale","16":"taxable","17":"shipping-taxable","18":"purchasable","19":"product-type-simple"},"_links":{"self":[{"href":"https:\/\/stylingagenten.com\/da\/wp-json\/wp\/v2\/product\/148243","targetHints":{"allow":["GET"]}}],"collection":[{"href":"https:\/\/stylingagenten.com\/da\/wp-json\/wp\/v2\/product"}],"about":[{"href":"https:\/\/stylingagenten.com\/da\/wp-json\/wp\/v2\/types\/product"}],"replies":[{"embeddable":true,"href":"https:\/\/stylingagenten.com\/da\/wp-json\/wp\/v2\/comments?post=148243"}],"version-history":[{"count":0,"href":"https:\/\/stylingagenten.com\/da\/wp-json\/wp\/v2\/product\/148243\/revisions"}],"wp:featuredmedia":[{"embeddable":true,"href":"https:\/\/stylingagenten.com\/da\/wp-json\/wp\/v2\/media\/148225"}],"wp:attachment":[{"href":"https:\/\/stylingagenten.com\/da\/wp-json\/wp\/v2\/media?parent=148243"}],"wp:term":[{"taxonomy":"product_brand","embeddable":true,"href":"https:\/\/stylingagenten.com\/da\/wp-json\/wp\/v2\/product_brand?post=148243"},{"taxonomy":"product_cat","embeddable":true,"href":"https:\/\/stylingagenten.com\/da\/wp-json\/wp\/v2\/product_cat?post=148243"},{"taxonomy":"product_tag","embeddable":true,"href":"https:\/\/stylingagenten.com\/da\/wp-json\/wp\/v2\/product_tag?post=148243"},{"taxonomy":"berocket_brand","embeddable":true,"href":"https:\/\/stylingagenten.com\/da\/wp-json\/wp\/v2\/berocket_brand?post=148243"}],"curies":[{"name":"wp","href":"https:\/\/api.w.org\/{rel}","templated":true}]}}