{"id":148096,"date":"2025-05-18T23:40:34","date_gmt":"2025-05-18T23:40:34","guid":{"rendered":"https:\/\/staging2.stylingagenten.com\/da\/produkt\/makeup-revolution-crushed-pearl-pigments-double-the-fun\/"},"modified":"2025-12-18T21:50:45","modified_gmt":"2025-12-18T21:50:45","slug":"makeup-revolution-crushed-pearl-pigments-double-the-fun","status":"publish","type":"product","link":"https:\/\/stylingagenten.com\/da\/produkt\/makeup-revolution-crushed-pearl-pigments-double-the-fun\/","title":{"rendered":"Makeup Revolution Crushed Pearl Pigments &#8211; Double the Fun"},"content":{"rendered":"<p>Skab magiske glitrende makeup-looks med Revolution Crushed Pearl Pigments.<br \/> Disse fintmalede \u00f8jenpigmenter kan blandes med andre produkter eller bruges alene p\u00e5; \u00d8jenl\u00e5g, ansigt og krop. <br \/>Bruges med Revolution Glitter Glue for at sikre lang levetid. &nbsp; &nbsp;<\/p><\/p>\n","protected":false},"excerpt":{"rendered":"<p>Skab magiske glitrende makeup-looks med Revolution Crushed Pearl Pigments. Disse fintmalede \u00f8jenpigmenter kan blandes med andre produkter eller bruges alene p\u00e5; \u00d8jenl\u00e5g, ansigt og krop. Bruges med Revolution Glitter Glue for at sikre lang levetid. &nbsp; &nbsp;<\/p>\n","protected":false},"featured_media":148089,"comment_status":"open","ping_status":"closed","template":"","meta":{"_trash_the_other_posts":false},"product_brand":[],"product_cat":[581],"product_tag":[3303],"berocket_brand":[1050],"class_list":{"0":"post-148096","1":"product","2":"type-product","3":"status-publish","4":"has-post-thumbnail","6":"product_cat-ondt-oeje","7":"product_tag-makeup-revolution-crushed-pearl-pigments","8":"pa_brand-makeup-revolution","9":"pa_variant-double-the-fun","10":"berocket_brand-makeup-revolution","12":"first","13":"instock","14":"sale","15":"taxable","16":"shipping-taxable","17":"purchasable","18":"product-type-simple"},"_links":{"self":[{"href":"https:\/\/stylingagenten.com\/da\/wp-json\/wp\/v2\/product\/148096","targetHints":{"allow":["GET"]}}],"collection":[{"href":"https:\/\/stylingagenten.com\/da\/wp-json\/wp\/v2\/product"}],"about":[{"href":"https:\/\/stylingagenten.com\/da\/wp-json\/wp\/v2\/types\/product"}],"replies":[{"embeddable":true,"href":"https:\/\/stylingagenten.com\/da\/wp-json\/wp\/v2\/comments?post=148096"}],"version-history":[{"count":0,"href":"https:\/\/stylingagenten.com\/da\/wp-json\/wp\/v2\/product\/148096\/revisions"}],"wp:featuredmedia":[{"embeddable":true,"href":"https:\/\/stylingagenten.com\/da\/wp-json\/wp\/v2\/media\/148089"}],"wp:attachment":[{"href":"https:\/\/stylingagenten.com\/da\/wp-json\/wp\/v2\/media?parent=148096"}],"wp:term":[{"taxonomy":"product_brand","embeddable":true,"href":"https:\/\/stylingagenten.com\/da\/wp-json\/wp\/v2\/product_brand?post=148096"},{"taxonomy":"product_cat","embeddable":true,"href":"https:\/\/stylingagenten.com\/da\/wp-json\/wp\/v2\/product_cat?post=148096"},{"taxonomy":"product_tag","embeddable":true,"href":"https:\/\/stylingagenten.com\/da\/wp-json\/wp\/v2\/product_tag?post=148096"},{"taxonomy":"berocket_brand","embeddable":true,"href":"https:\/\/stylingagenten.com\/da\/wp-json\/wp\/v2\/berocket_brand?post=148096"}],"curies":[{"name":"wp","href":"https:\/\/api.w.org\/{rel}","templated":true}]}}