{"id":147888,"date":"2025-05-18T23:39:53","date_gmt":"2025-05-18T23:39:53","guid":{"rendered":"https:\/\/staging2.stylingagenten.com\/da\/produkt\/makeup-revolution-i-heart-revolution-palette-tasty-pizza\/"},"modified":"2025-12-18T21:51:07","modified_gmt":"2025-12-18T21:51:07","slug":"makeup-revolution-i-heart-revolution-palette-tasty-pizza","status":"publish","type":"product","link":"https:\/\/stylingagenten.com\/da\/produkt\/makeup-revolution-i-heart-revolution-palette-tasty-pizza\/","title":{"rendered":"Makeup Revolution I Heart Revolution Palette &#8211; Tasty Pizza"},"content":{"rendered":"<p>I heart revolution leverer en menu med l\u00e6kre \u00f8jenskyggepaletter!<br \/>Tasty Pizza Palette er fyldt med 18 l\u00e6kre nuancer, inklusive en r\u00f8get r\u00f8d Pepperoni, en skinnende guldskive, sennepsgul Hawaiian, koralpink Saucy og mange flere.<\/p>\n","protected":false},"excerpt":{"rendered":"<p>I heart revolution leverer en menu med l\u00e6kre \u00f8jenskyggepaletter!Tasty Pizza Palette er fyldt med 18 l\u00e6kre nuancer, inklusive en r\u00f8get r\u00f8d Pepperoni, en skinnende guldskive, sennepsgul Hawaiian, koralpink Saucy og mange flere.<\/p>\n","protected":false},"featured_media":147865,"comment_status":"open","ping_status":"closed","template":"","meta":{"_trash_the_other_posts":false},"product_brand":[],"product_cat":[581,1005],"product_tag":[3327],"berocket_brand":[1050],"class_list":{"0":"post-147888","1":"product","2":"type-product","3":"status-publish","4":"has-post-thumbnail","6":"product_cat-ondt-oeje","7":"product_cat-outlet","8":"product_tag-makeup-revolution-i-heart-revolution-palette","9":"pa_brand-makeup-revolution","10":"pa_variant-tasty-pizza","11":"berocket_brand-makeup-revolution","13":"first","14":"instock","15":"sale","16":"taxable","17":"shipping-taxable","18":"purchasable","19":"product-type-simple"},"_links":{"self":[{"href":"https:\/\/stylingagenten.com\/da\/wp-json\/wp\/v2\/product\/147888","targetHints":{"allow":["GET"]}}],"collection":[{"href":"https:\/\/stylingagenten.com\/da\/wp-json\/wp\/v2\/product"}],"about":[{"href":"https:\/\/stylingagenten.com\/da\/wp-json\/wp\/v2\/types\/product"}],"replies":[{"embeddable":true,"href":"https:\/\/stylingagenten.com\/da\/wp-json\/wp\/v2\/comments?post=147888"}],"version-history":[{"count":0,"href":"https:\/\/stylingagenten.com\/da\/wp-json\/wp\/v2\/product\/147888\/revisions"}],"wp:featuredmedia":[{"embeddable":true,"href":"https:\/\/stylingagenten.com\/da\/wp-json\/wp\/v2\/media\/147865"}],"wp:attachment":[{"href":"https:\/\/stylingagenten.com\/da\/wp-json\/wp\/v2\/media?parent=147888"}],"wp:term":[{"taxonomy":"product_brand","embeddable":true,"href":"https:\/\/stylingagenten.com\/da\/wp-json\/wp\/v2\/product_brand?post=147888"},{"taxonomy":"product_cat","embeddable":true,"href":"https:\/\/stylingagenten.com\/da\/wp-json\/wp\/v2\/product_cat?post=147888"},{"taxonomy":"product_tag","embeddable":true,"href":"https:\/\/stylingagenten.com\/da\/wp-json\/wp\/v2\/product_tag?post=147888"},{"taxonomy":"berocket_brand","embeddable":true,"href":"https:\/\/stylingagenten.com\/da\/wp-json\/wp\/v2\/berocket_brand?post=147888"}],"curies":[{"name":"wp","href":"https:\/\/api.w.org\/{rel}","templated":true}]}}