{"id":147787,"date":"2025-05-18T23:39:36","date_gmt":"2025-05-18T23:39:36","guid":{"rendered":"https:\/\/staging2.stylingagenten.com\/da\/produkt\/wet-n-wild-color-icon-10-pan-eyeshadow-palette-stop-playing-safe\/"},"modified":"2026-04-11T17:59:02","modified_gmt":"2026-04-11T17:59:02","slug":"wet-n-wild-color-icon-10-pan-eyeshadow-palette-stop-playing-safe","status":"publish","type":"product","link":"https:\/\/stylingagenten.com\/da\/produkt\/wet-n-wild-color-icon-10-pan-eyeshadow-palette-stop-playing-safe\/","title":{"rendered":"Wet n Wild Color Icon 10-Pan Eyeshadow Palette &#8211; Stop Playing Safe"},"content":{"rendered":"<p>Klassikeren fra Wet n Wild har f\u00e5et et nyt look og ny formel!<br \/>H\u00f8jpigmenteret Colour Icon Eyeshadow er p\u00e5f\u00f8rt; L\u00e5get er glat og bl\u00f8dt, og hver palette indeholder en blanding af matte og skinnende skygger.<\/p>\n","protected":false},"excerpt":{"rendered":"<p>Klassikeren fra Wet n Wild har f\u00e5et et nyt look og ny formel!H\u00f8jpigmenteret Colour Icon Eyeshadow er p\u00e5f\u00f8rt; L\u00e5get er glat og bl\u00f8dt, og hver palette indeholder en blanding af matte og skinnende skygger.<\/p>\n","protected":false},"featured_media":147784,"comment_status":"open","ping_status":"closed","template":"","meta":{"_trash_the_other_posts":false},"product_brand":[],"product_cat":[581,1005],"product_tag":[4085],"berocket_brand":[1035],"class_list":{"0":"post-147787","1":"product","2":"type-product","3":"status-publish","4":"has-post-thumbnail","6":"product_cat-ondt-oeje","7":"product_cat-outlet","8":"product_tag-wet-n-wild-color-icon-10-pan-eyeshadow-palette","9":"pa_brand-wet-n-wild","10":"pa_variant-stop-playing-safe","11":"berocket_brand-wet-n-wild","13":"first","14":"outofstock","15":"sale","16":"taxable","17":"shipping-taxable","18":"purchasable","19":"product-type-simple"},"_links":{"self":[{"href":"https:\/\/stylingagenten.com\/da\/wp-json\/wp\/v2\/product\/147787","targetHints":{"allow":["GET"]}}],"collection":[{"href":"https:\/\/stylingagenten.com\/da\/wp-json\/wp\/v2\/product"}],"about":[{"href":"https:\/\/stylingagenten.com\/da\/wp-json\/wp\/v2\/types\/product"}],"replies":[{"embeddable":true,"href":"https:\/\/stylingagenten.com\/da\/wp-json\/wp\/v2\/comments?post=147787"}],"version-history":[{"count":0,"href":"https:\/\/stylingagenten.com\/da\/wp-json\/wp\/v2\/product\/147787\/revisions"}],"wp:featuredmedia":[{"embeddable":true,"href":"https:\/\/stylingagenten.com\/da\/wp-json\/wp\/v2\/media\/147784"}],"wp:attachment":[{"href":"https:\/\/stylingagenten.com\/da\/wp-json\/wp\/v2\/media?parent=147787"}],"wp:term":[{"taxonomy":"product_brand","embeddable":true,"href":"https:\/\/stylingagenten.com\/da\/wp-json\/wp\/v2\/product_brand?post=147787"},{"taxonomy":"product_cat","embeddable":true,"href":"https:\/\/stylingagenten.com\/da\/wp-json\/wp\/v2\/product_cat?post=147787"},{"taxonomy":"product_tag","embeddable":true,"href":"https:\/\/stylingagenten.com\/da\/wp-json\/wp\/v2\/product_tag?post=147787"},{"taxonomy":"berocket_brand","embeddable":true,"href":"https:\/\/stylingagenten.com\/da\/wp-json\/wp\/v2\/berocket_brand?post=147787"}],"curies":[{"name":"wp","href":"https:\/\/api.w.org\/{rel}","templated":true}]}}