{"id":147783,"date":"2025-05-18T23:39:35","date_gmt":"2025-05-18T23:39:35","guid":{"rendered":"https:\/\/staging2.stylingagenten.com\/da\/produkt\/maybelline-color-tattoo-24h-cream-eyeshadow-pink-gold\/"},"modified":"2026-04-13T08:29:37","modified_gmt":"2026-04-13T08:29:37","slug":"maybelline-color-tattoo-24h-cream-eyeshadow-pink-gold","status":"publish","type":"product","link":"https:\/\/stylingagenten.com\/da\/produkt\/maybelline-color-tattoo-24h-cream-eyeshadow-pink-gold\/","title":{"rendered":"Maybelline Color Tattoo 24H Cream Eyeshadow &#8211; Pink Gold"},"content":{"rendered":"<p>Maybelline Color Tattoo 24H Cream Eyeshadow er cremet, vandt\u00e6t og pigmenteret \u00f8jenskygge, der holder hele dagen uden at falme eller s\u00e6tte sig i folder og rynker. Du skal blot stryge p\u00e5 Farv tatovering med fingeren eller b\u00f8rsten for et s\u00f8dt og smukt look.<\/p>\n","protected":false},"excerpt":{"rendered":"<p>Maybelline Color Tattoo 24H Cream Eyeshadow er cremet, vandt\u00e6t og pigmenteret \u00f8jenskygge, der holder hele dagen uden at falme eller s\u00e6tte sig i folder og rynker. Du skal blot stryge p\u00e5 Farv tatovering med fingeren eller b\u00f8rsten for et s\u00f8dt og smukt look.<\/p>\n","protected":false},"featured_media":147781,"comment_status":"open","ping_status":"closed","template":"","meta":{"_trash_the_other_posts":false},"product_brand":[],"product_cat":[581],"product_tag":[3498],"berocket_brand":[1016],"class_list":{"0":"post-147783","1":"product","2":"type-product","3":"status-publish","4":"has-post-thumbnail","6":"product_cat-ondt-oeje","7":"product_tag-maybelline-color-tattoo-24h-cream-eyeshadow","8":"pa_brand-maybelline","9":"pa_variant-pink-gold","10":"berocket_brand-maybelline","12":"first","13":"outofstock","14":"sale","15":"taxable","16":"shipping-taxable","17":"purchasable","18":"product-type-simple"},"_links":{"self":[{"href":"https:\/\/stylingagenten.com\/da\/wp-json\/wp\/v2\/product\/147783","targetHints":{"allow":["GET"]}}],"collection":[{"href":"https:\/\/stylingagenten.com\/da\/wp-json\/wp\/v2\/product"}],"about":[{"href":"https:\/\/stylingagenten.com\/da\/wp-json\/wp\/v2\/types\/product"}],"replies":[{"embeddable":true,"href":"https:\/\/stylingagenten.com\/da\/wp-json\/wp\/v2\/comments?post=147783"}],"version-history":[{"count":0,"href":"https:\/\/stylingagenten.com\/da\/wp-json\/wp\/v2\/product\/147783\/revisions"}],"wp:featuredmedia":[{"embeddable":true,"href":"https:\/\/stylingagenten.com\/da\/wp-json\/wp\/v2\/media\/147781"}],"wp:attachment":[{"href":"https:\/\/stylingagenten.com\/da\/wp-json\/wp\/v2\/media?parent=147783"}],"wp:term":[{"taxonomy":"product_brand","embeddable":true,"href":"https:\/\/stylingagenten.com\/da\/wp-json\/wp\/v2\/product_brand?post=147783"},{"taxonomy":"product_cat","embeddable":true,"href":"https:\/\/stylingagenten.com\/da\/wp-json\/wp\/v2\/product_cat?post=147783"},{"taxonomy":"product_tag","embeddable":true,"href":"https:\/\/stylingagenten.com\/da\/wp-json\/wp\/v2\/product_tag?post=147783"},{"taxonomy":"berocket_brand","embeddable":true,"href":"https:\/\/stylingagenten.com\/da\/wp-json\/wp\/v2\/berocket_brand?post=147783"}],"curies":[{"name":"wp","href":"https:\/\/api.w.org\/{rel}","templated":true}]}}