{"id":147768,"date":"2025-05-18T23:39:32","date_gmt":"2025-05-18T23:39:32","guid":{"rendered":"https:\/\/staging2.stylingagenten.com\/da\/produkt\/makeup-revolution-i-heart-revolution-palette-cherry-mini\/"},"modified":"2026-01-09T21:26:43","modified_gmt":"2026-01-09T21:26:43","slug":"makeup-revolution-i-heart-revolution-palette-cherry-mini","status":"publish","type":"product","link":"https:\/\/stylingagenten.com\/da\/produkt\/makeup-revolution-i-heart-revolution-palette-cherry-mini\/","title":{"rendered":"Makeup Revolution I Heart Revolution Palette &#8211; Cherry Mini"},"content":{"rendered":"<p>Kirseb\u00e6r plukket kun til dig! Mini Cherry Chocolate Palette er den perfekte palette til at tage med dig p\u00e5 farten. rejsen efter et s\u00f8dt eller r\u00f8get look. Denne s\u00f8de kirseb\u00e6rduftende behandling er fyldt med komplement\u00e6re skygger i matte og skinnende finish. Med en r\u00e6kke kirseb\u00e6rtoner fra orange-baseret Rainier til dyb lilla Morello er denne kompakte palette perfekt, n\u00e5r du er p\u00e5 farten. hoppe.<\/p>\n","protected":false},"excerpt":{"rendered":"<p>Kirseb\u00e6r plukket kun til dig! Mini Cherry Chocolate Palette er den perfekte palette til at tage med dig p\u00e5 farten. rejsen efter et s\u00f8dt eller r\u00f8get look. Denne s\u00f8de kirseb\u00e6rduftende behandling er fyldt med komplement\u00e6re skygger i matte og skinnende finish. Med en r\u00e6kke kirseb\u00e6rtoner fra orange-baseret Rainier til dyb lilla Morello er denne kompakte [&hellip;]<\/p>\n","protected":false},"featured_media":147757,"comment_status":"open","ping_status":"closed","template":"","meta":{"_trash_the_other_posts":false},"product_brand":[],"product_cat":[581],"product_tag":[3327],"berocket_brand":[1050],"class_list":{"0":"post-147768","1":"product","2":"type-product","3":"status-publish","4":"has-post-thumbnail","6":"product_cat-ondt-oeje","7":"product_tag-makeup-revolution-i-heart-revolution-palette","8":"pa_brand-makeup-revolution","9":"pa_variant-cherry-mini","10":"berocket_brand-makeup-revolution","12":"first","13":"instock","14":"sale","15":"taxable","16":"shipping-taxable","17":"purchasable","18":"product-type-simple"},"_links":{"self":[{"href":"https:\/\/stylingagenten.com\/da\/wp-json\/wp\/v2\/product\/147768","targetHints":{"allow":["GET"]}}],"collection":[{"href":"https:\/\/stylingagenten.com\/da\/wp-json\/wp\/v2\/product"}],"about":[{"href":"https:\/\/stylingagenten.com\/da\/wp-json\/wp\/v2\/types\/product"}],"replies":[{"embeddable":true,"href":"https:\/\/stylingagenten.com\/da\/wp-json\/wp\/v2\/comments?post=147768"}],"version-history":[{"count":0,"href":"https:\/\/stylingagenten.com\/da\/wp-json\/wp\/v2\/product\/147768\/revisions"}],"wp:featuredmedia":[{"embeddable":true,"href":"https:\/\/stylingagenten.com\/da\/wp-json\/wp\/v2\/media\/147757"}],"wp:attachment":[{"href":"https:\/\/stylingagenten.com\/da\/wp-json\/wp\/v2\/media?parent=147768"}],"wp:term":[{"taxonomy":"product_brand","embeddable":true,"href":"https:\/\/stylingagenten.com\/da\/wp-json\/wp\/v2\/product_brand?post=147768"},{"taxonomy":"product_cat","embeddable":true,"href":"https:\/\/stylingagenten.com\/da\/wp-json\/wp\/v2\/product_cat?post=147768"},{"taxonomy":"product_tag","embeddable":true,"href":"https:\/\/stylingagenten.com\/da\/wp-json\/wp\/v2\/product_tag?post=147768"},{"taxonomy":"berocket_brand","embeddable":true,"href":"https:\/\/stylingagenten.com\/da\/wp-json\/wp\/v2\/berocket_brand?post=147768"}],"curies":[{"name":"wp","href":"https:\/\/api.w.org\/{rel}","templated":true}]}}