{"id":147765,"date":"2025-05-18T23:39:31","date_gmt":"2025-05-18T23:39:31","guid":{"rendered":"https:\/\/staging2.stylingagenten.com\/da\/produkt\/wet-n-wild-color-icon-10-pan-eyeshadow-palette-my-glamour-squad\/"},"modified":"2025-12-18T21:58:50","modified_gmt":"2025-12-18T21:58:50","slug":"wet-n-wild-color-icon-10-pan-eyeshadow-palette-my-glamour-squad","status":"publish","type":"product","link":"https:\/\/stylingagenten.com\/da\/produkt\/wet-n-wild-color-icon-10-pan-eyeshadow-palette-my-glamour-squad\/","title":{"rendered":"Wet n Wild Color Icon 10-Pan Eyeshadow Palette &#8211; My Glamour Squad"},"content":{"rendered":"<p>Klassikeren fra Wet n Wild har f\u00e5et et nyt look og ny formel!<br \/>H\u00f8jpigmenteret Colour Icon Eyeshadow er p\u00e5f\u00f8rt; L\u00e5get er glat og bl\u00f8dt, og hver palette indeholder en blanding af matte og skinnende skygger.<\/p>\n","protected":false},"excerpt":{"rendered":"<p>Klassikeren fra Wet n Wild har f\u00e5et et nyt look og ny formel!H\u00f8jpigmenteret Colour Icon Eyeshadow er p\u00e5f\u00f8rt; L\u00e5get er glat og bl\u00f8dt, og hver palette indeholder en blanding af matte og skinnende skygger.<\/p>\n","protected":false},"featured_media":147758,"comment_status":"open","ping_status":"closed","template":"","meta":{"_trash_the_other_posts":false},"product_brand":[],"product_cat":[581],"product_tag":[4085],"berocket_brand":[1035],"class_list":{"0":"post-147765","1":"product","2":"type-product","3":"status-publish","4":"has-post-thumbnail","6":"product_cat-ondt-oeje","7":"product_tag-wet-n-wild-color-icon-10-pan-eyeshadow-palette","8":"pa_brand-wet-n-wild","9":"pa_variant-my-glamour-squad","10":"berocket_brand-wet-n-wild","12":"first","13":"instock","14":"sale","15":"taxable","16":"shipping-taxable","17":"purchasable","18":"product-type-simple"},"_links":{"self":[{"href":"https:\/\/stylingagenten.com\/da\/wp-json\/wp\/v2\/product\/147765","targetHints":{"allow":["GET"]}}],"collection":[{"href":"https:\/\/stylingagenten.com\/da\/wp-json\/wp\/v2\/product"}],"about":[{"href":"https:\/\/stylingagenten.com\/da\/wp-json\/wp\/v2\/types\/product"}],"replies":[{"embeddable":true,"href":"https:\/\/stylingagenten.com\/da\/wp-json\/wp\/v2\/comments?post=147765"}],"version-history":[{"count":0,"href":"https:\/\/stylingagenten.com\/da\/wp-json\/wp\/v2\/product\/147765\/revisions"}],"wp:featuredmedia":[{"embeddable":true,"href":"https:\/\/stylingagenten.com\/da\/wp-json\/wp\/v2\/media\/147758"}],"wp:attachment":[{"href":"https:\/\/stylingagenten.com\/da\/wp-json\/wp\/v2\/media?parent=147765"}],"wp:term":[{"taxonomy":"product_brand","embeddable":true,"href":"https:\/\/stylingagenten.com\/da\/wp-json\/wp\/v2\/product_brand?post=147765"},{"taxonomy":"product_cat","embeddable":true,"href":"https:\/\/stylingagenten.com\/da\/wp-json\/wp\/v2\/product_cat?post=147765"},{"taxonomy":"product_tag","embeddable":true,"href":"https:\/\/stylingagenten.com\/da\/wp-json\/wp\/v2\/product_tag?post=147765"},{"taxonomy":"berocket_brand","embeddable":true,"href":"https:\/\/stylingagenten.com\/da\/wp-json\/wp\/v2\/berocket_brand?post=147765"}],"curies":[{"name":"wp","href":"https:\/\/api.w.org\/{rel}","templated":true}]}}