{"id":147659,"date":"2025-05-18T23:39:10","date_gmt":"2025-05-18T23:39:10","guid":{"rendered":"https:\/\/staging2.stylingagenten.com\/da\/produkt\/milani-gilded-violet-palette\/"},"modified":"2026-04-04T23:28:40","modified_gmt":"2026-04-04T23:28:40","slug":"milani-gilded-violet-palette","status":"publish","type":"product","link":"https:\/\/stylingagenten.com\/da\/produkt\/milani-gilded-violet-palette\/","title":{"rendered":"Milani Gilded Violet Palette"},"content":{"rendered":"<p><strong>Milani Forgyldt Violet Palette<\/strong><\/p>\n<p>Lilla Reign! Matte violer, subtile shimmers og spring af elektrisk metallics g\u00f8r Gilded Violet-paletten til en eftertragtet kollektion. Indeholder 9 st\u00e6rke \u00f8jenskygger og 2 skinnende highlightere. Disse smukt forgyldte nuancer elektrificerer p\u00e5 r\u00f8d s\u00f8d og lader din atmosf\u00e6re som et glimt fra bl&amp;aringen; himmel.<\/p>\n","protected":false},"excerpt":{"rendered":"<p>Milani Forgyldt Violet Palette Lilla Reign! Matte violer, subtile shimmers og spring af elektrisk metallics g\u00f8r Gilded Violet-paletten til en eftertragtet kollektion. Indeholder 9 st\u00e6rke \u00f8jenskygger og 2 skinnende highlightere. Disse smukt forgyldte nuancer elektrificerer p\u00e5 r\u00f8d s\u00f8d og lader din atmosf\u00e6re som et glimt fra bl&amp;aringen; himmel.<\/p>\n","protected":false},"featured_media":147652,"comment_status":"open","ping_status":"closed","template":"","meta":{"_trash_the_other_posts":false},"product_brand":[],"product_cat":[581,1005],"product_tag":[],"berocket_brand":[1027],"class_list":{"0":"post-147659","1":"product","2":"type-product","3":"status-publish","4":"has-post-thumbnail","6":"product_cat-ondt-oeje","7":"product_cat-outlet","8":"pa_brand-milani","9":"berocket_brand-milani","11":"first","12":"instock","13":"sale","14":"taxable","15":"shipping-taxable","16":"purchasable","17":"product-type-simple"},"_links":{"self":[{"href":"https:\/\/stylingagenten.com\/da\/wp-json\/wp\/v2\/product\/147659","targetHints":{"allow":["GET"]}}],"collection":[{"href":"https:\/\/stylingagenten.com\/da\/wp-json\/wp\/v2\/product"}],"about":[{"href":"https:\/\/stylingagenten.com\/da\/wp-json\/wp\/v2\/types\/product"}],"replies":[{"embeddable":true,"href":"https:\/\/stylingagenten.com\/da\/wp-json\/wp\/v2\/comments?post=147659"}],"version-history":[{"count":0,"href":"https:\/\/stylingagenten.com\/da\/wp-json\/wp\/v2\/product\/147659\/revisions"}],"wp:featuredmedia":[{"embeddable":true,"href":"https:\/\/stylingagenten.com\/da\/wp-json\/wp\/v2\/media\/147652"}],"wp:attachment":[{"href":"https:\/\/stylingagenten.com\/da\/wp-json\/wp\/v2\/media?parent=147659"}],"wp:term":[{"taxonomy":"product_brand","embeddable":true,"href":"https:\/\/stylingagenten.com\/da\/wp-json\/wp\/v2\/product_brand?post=147659"},{"taxonomy":"product_cat","embeddable":true,"href":"https:\/\/stylingagenten.com\/da\/wp-json\/wp\/v2\/product_cat?post=147659"},{"taxonomy":"product_tag","embeddable":true,"href":"https:\/\/stylingagenten.com\/da\/wp-json\/wp\/v2\/product_tag?post=147659"},{"taxonomy":"berocket_brand","embeddable":true,"href":"https:\/\/stylingagenten.com\/da\/wp-json\/wp\/v2\/berocket_brand?post=147659"}],"curies":[{"name":"wp","href":"https:\/\/api.w.org\/{rel}","templated":true}]}}