{"id":147639,"date":"2025-05-18T23:39:06","date_gmt":"2025-05-18T23:39:06","guid":{"rendered":"https:\/\/staging2.stylingagenten.com\/da\/produkt\/milani-gilded-ember-palette\/"},"modified":"2025-12-18T21:53:01","modified_gmt":"2025-12-18T21:53:01","slug":"milani-gilded-ember-palette","status":"publish","type":"product","link":"https:\/\/stylingagenten.com\/da\/produkt\/milani-gilded-ember-palette\/","title":{"rendered":"Milani Gilded Ember Palette"},"content":{"rendered":"<p><strong>Milani Gilded Ember Palette<\/strong><\/p>\n<p>Find din indre gl\u00f8d med Gilded Ember! En varm og sensuel \u00f8jen- og ansigtspalette, der f\u00e5r dig til at str\u00e5le som en gudinde. Med 9 fyldige \u00f8jenskygger og 2 skinnende highlightere er denne palette perfekt til hverdagens glam og sp\u00e6ndende aftenlooks. En smuk palette, der fremh\u00e6ver den gudinde, du er!<\/p>\n","protected":false},"excerpt":{"rendered":"<p>Milani Gilded Ember Palette Find din indre gl\u00f8d med Gilded Ember! En varm og sensuel \u00f8jen- og ansigtspalette, der f\u00e5r dig til at str\u00e5le som en gudinde. Med 9 fyldige \u00f8jenskygger og 2 skinnende highlightere er denne palette perfekt til hverdagens glam og sp\u00e6ndende aftenlooks. En smuk palette, der fremh\u00e6ver den gudinde, du er!<\/p>\n","protected":false},"featured_media":147634,"comment_status":"open","ping_status":"closed","template":"","meta":{"_trash_the_other_posts":false},"product_brand":[],"product_cat":[581],"product_tag":[],"berocket_brand":[1027],"class_list":{"0":"post-147639","1":"product","2":"type-product","3":"status-publish","4":"has-post-thumbnail","6":"product_cat-ondt-oeje","7":"pa_brand-milani","8":"berocket_brand-milani","10":"first","11":"instock","12":"sale","13":"taxable","14":"shipping-taxable","15":"purchasable","16":"product-type-simple"},"_links":{"self":[{"href":"https:\/\/stylingagenten.com\/da\/wp-json\/wp\/v2\/product\/147639","targetHints":{"allow":["GET"]}}],"collection":[{"href":"https:\/\/stylingagenten.com\/da\/wp-json\/wp\/v2\/product"}],"about":[{"href":"https:\/\/stylingagenten.com\/da\/wp-json\/wp\/v2\/types\/product"}],"replies":[{"embeddable":true,"href":"https:\/\/stylingagenten.com\/da\/wp-json\/wp\/v2\/comments?post=147639"}],"version-history":[{"count":0,"href":"https:\/\/stylingagenten.com\/da\/wp-json\/wp\/v2\/product\/147639\/revisions"}],"wp:featuredmedia":[{"embeddable":true,"href":"https:\/\/stylingagenten.com\/da\/wp-json\/wp\/v2\/media\/147634"}],"wp:attachment":[{"href":"https:\/\/stylingagenten.com\/da\/wp-json\/wp\/v2\/media?parent=147639"}],"wp:term":[{"taxonomy":"product_brand","embeddable":true,"href":"https:\/\/stylingagenten.com\/da\/wp-json\/wp\/v2\/product_brand?post=147639"},{"taxonomy":"product_cat","embeddable":true,"href":"https:\/\/stylingagenten.com\/da\/wp-json\/wp\/v2\/product_cat?post=147639"},{"taxonomy":"product_tag","embeddable":true,"href":"https:\/\/stylingagenten.com\/da\/wp-json\/wp\/v2\/product_tag?post=147639"},{"taxonomy":"berocket_brand","embeddable":true,"href":"https:\/\/stylingagenten.com\/da\/wp-json\/wp\/v2\/berocket_brand?post=147639"}],"curies":[{"name":"wp","href":"https:\/\/api.w.org\/{rel}","templated":true}]}}