{"id":147606,"date":"2025-05-18T23:38:59","date_gmt":"2025-05-18T23:38:59","guid":{"rendered":"https:\/\/staging2.stylingagenten.com\/da\/produkt\/wet-n-wild-10-pan-palette-nude-awakening\/"},"modified":"2025-12-18T21:58:48","modified_gmt":"2025-12-18T21:58:48","slug":"wet-n-wild-10-pan-palette-nude-awakening","status":"publish","type":"product","link":"https:\/\/stylingagenten.com\/da\/produkt\/wet-n-wild-10-pan-palette-nude-awakening\/","title":{"rendered":"Wet n Wild 10-Pan Palette Nude Awakening"},"content":{"rendered":"<p>Denne Colour Icon 5-Pan Palette fra Wet n Wild har en helt vegansk, rigt pigmenteret og bl\u00f8d formel i matte, satin, shimmer og glitterfarver. Disse paletter byder p\u00e5 alt fra hverdag til festlige nuancer i k\u00f8lige, varme og neutrale toner, og tilbyder alsidige looks til uovertruffen v\u00e6rdi. Formlen giver langtidsholdbare resultater og blander sig problemfrit.<\/p>\n","protected":false},"excerpt":{"rendered":"<p>Denne Colour Icon 5-Pan Palette fra Wet n Wild har en helt vegansk, rigt pigmenteret og bl\u00f8d formel i matte, satin, shimmer og glitterfarver. Disse paletter byder p\u00e5 alt fra hverdag til festlige nuancer i k\u00f8lige, varme og neutrale toner, og tilbyder alsidige looks til uovertruffen v\u00e6rdi. Formlen giver langtidsholdbare resultater og blander sig problemfrit.<\/p>\n","protected":false},"featured_media":147596,"comment_status":"open","ping_status":"closed","template":"","meta":{"_trash_the_other_posts":false},"product_brand":[],"product_cat":[581],"product_tag":[4076],"berocket_brand":[1035],"class_list":{"0":"post-147606","1":"product","2":"type-product","3":"status-publish","4":"has-post-thumbnail","6":"product_cat-ondt-oeje","7":"product_tag-wet-n-wild-10-pan-palette","8":"pa_brand-wet-n-wild","9":"pa_variant-nude-awakening","10":"berocket_brand-wet-n-wild","12":"first","13":"instock","14":"sale","15":"taxable","16":"shipping-taxable","17":"purchasable","18":"product-type-simple"},"_links":{"self":[{"href":"https:\/\/stylingagenten.com\/da\/wp-json\/wp\/v2\/product\/147606","targetHints":{"allow":["GET"]}}],"collection":[{"href":"https:\/\/stylingagenten.com\/da\/wp-json\/wp\/v2\/product"}],"about":[{"href":"https:\/\/stylingagenten.com\/da\/wp-json\/wp\/v2\/types\/product"}],"replies":[{"embeddable":true,"href":"https:\/\/stylingagenten.com\/da\/wp-json\/wp\/v2\/comments?post=147606"}],"version-history":[{"count":0,"href":"https:\/\/stylingagenten.com\/da\/wp-json\/wp\/v2\/product\/147606\/revisions"}],"wp:featuredmedia":[{"embeddable":true,"href":"https:\/\/stylingagenten.com\/da\/wp-json\/wp\/v2\/media\/147596"}],"wp:attachment":[{"href":"https:\/\/stylingagenten.com\/da\/wp-json\/wp\/v2\/media?parent=147606"}],"wp:term":[{"taxonomy":"product_brand","embeddable":true,"href":"https:\/\/stylingagenten.com\/da\/wp-json\/wp\/v2\/product_brand?post=147606"},{"taxonomy":"product_cat","embeddable":true,"href":"https:\/\/stylingagenten.com\/da\/wp-json\/wp\/v2\/product_cat?post=147606"},{"taxonomy":"product_tag","embeddable":true,"href":"https:\/\/stylingagenten.com\/da\/wp-json\/wp\/v2\/product_tag?post=147606"},{"taxonomy":"berocket_brand","embeddable":true,"href":"https:\/\/stylingagenten.com\/da\/wp-json\/wp\/v2\/berocket_brand?post=147606"}],"curies":[{"name":"wp","href":"https:\/\/api.w.org\/{rel}","templated":true}]}}