{"id":147588,"date":"2025-05-18T23:38:56","date_gmt":"2025-05-18T23:38:56","guid":{"rendered":"https:\/\/staging2.stylingagenten.com\/da\/produkt\/makeup-revolution-eyeshadowpalette-forever-flawless-flamboyance\/"},"modified":"2025-11-19T11:49:14","modified_gmt":"2025-11-19T11:49:14","slug":"makeup-revolution-eyeshadowpalette-forever-flawless-flamboyance","status":"publish","type":"product","link":"https:\/\/stylingagenten.com\/da\/produkt\/makeup-revolution-eyeshadowpalette-forever-flawless-flamboyance\/","title":{"rendered":"Makeup Revolution Eyeshadowpalette Forever Flawless &#8211; Flamboyance"},"content":{"rendered":"<p>F\u00f8l dig FLAMAZING med Makeup Revolution Forever Flawless Flamboyance Flamingo Palette. Flock til 18 h\u00f8jpigmenterede \u00f8jenskygger for at skabe dine smukkeste \u00f8jenskyggelooks til dato. Fra hot pinks til bl\u00f8de bleg pink og nuancer af bl\u00e5, denne palette er det perfekte match til fans af et rosa guld smokey eye, med et flamboyant twist. Denne palet giver virkelig mening med ordsproget &#8220;hvorfor v\u00e6re en due, n\u00e5r du kan v\u00e6re en flamingo&#8221;<\/p>\n","protected":false},"excerpt":{"rendered":"<p>F\u00f8l dig FLAMAZING med Makeup Revolution Forever Flawless Flamboyance Flamingo Palette. Flock til 18 h\u00f8jpigmenterede \u00f8jenskygger for at skabe dine smukkeste \u00f8jenskyggelooks til dato. Fra hot pinks til bl\u00f8de bleg pink og nuancer af bl\u00e5, denne palette er det perfekte match til fans af et rosa guld smokey eye, med et flamboyant twist. Denne palet [&hellip;]<\/p>\n","protected":false},"featured_media":147574,"comment_status":"open","ping_status":"closed","template":"","meta":{"_trash_the_other_posts":false},"product_brand":[],"product_cat":[581],"product_tag":[],"berocket_brand":[1050],"class_list":{"0":"post-147588","1":"product","2":"type-product","3":"status-publish","4":"has-post-thumbnail","6":"product_cat-ondt-oeje","7":"pa_brand-makeup-revolution","8":"berocket_brand-makeup-revolution","10":"first","11":"instock","12":"sale","13":"taxable","14":"shipping-taxable","15":"purchasable","16":"product-type-simple"},"_links":{"self":[{"href":"https:\/\/stylingagenten.com\/da\/wp-json\/wp\/v2\/product\/147588","targetHints":{"allow":["GET"]}}],"collection":[{"href":"https:\/\/stylingagenten.com\/da\/wp-json\/wp\/v2\/product"}],"about":[{"href":"https:\/\/stylingagenten.com\/da\/wp-json\/wp\/v2\/types\/product"}],"replies":[{"embeddable":true,"href":"https:\/\/stylingagenten.com\/da\/wp-json\/wp\/v2\/comments?post=147588"}],"version-history":[{"count":0,"href":"https:\/\/stylingagenten.com\/da\/wp-json\/wp\/v2\/product\/147588\/revisions"}],"wp:featuredmedia":[{"embeddable":true,"href":"https:\/\/stylingagenten.com\/da\/wp-json\/wp\/v2\/media\/147574"}],"wp:attachment":[{"href":"https:\/\/stylingagenten.com\/da\/wp-json\/wp\/v2\/media?parent=147588"}],"wp:term":[{"taxonomy":"product_brand","embeddable":true,"href":"https:\/\/stylingagenten.com\/da\/wp-json\/wp\/v2\/product_brand?post=147588"},{"taxonomy":"product_cat","embeddable":true,"href":"https:\/\/stylingagenten.com\/da\/wp-json\/wp\/v2\/product_cat?post=147588"},{"taxonomy":"product_tag","embeddable":true,"href":"https:\/\/stylingagenten.com\/da\/wp-json\/wp\/v2\/product_tag?post=147588"},{"taxonomy":"berocket_brand","embeddable":true,"href":"https:\/\/stylingagenten.com\/da\/wp-json\/wp\/v2\/berocket_brand?post=147588"}],"curies":[{"name":"wp","href":"https:\/\/api.w.org\/{rel}","templated":true}]}}