{"id":147508,"date":"2025-05-18T23:38:35","date_gmt":"2025-05-18T23:38:35","guid":{"rendered":"https:\/\/staging2.stylingagenten.com\/da\/produkt\/makeup-revolution-palette-forever-flawless-spirituality\/"},"modified":"2026-03-16T12:07:40","modified_gmt":"2026-03-16T12:07:40","slug":"makeup-revolution-palette-forever-flawless-spirituality","status":"publish","type":"product","link":"https:\/\/stylingagenten.com\/da\/produkt\/makeup-revolution-palette-forever-flawless-spirituality\/","title":{"rendered":"Makeup Revolution Palette Forever Flawless &#8211; Spirituality"},"content":{"rendered":"<p>M\u00f8d Makeup Revolutions hidtil mest guddommelige palette, Revolution Forever Flawless Spirituality Palette. Denne mystiske palette byder p\u00e5 matte og satin nuancer, fra br\u00e6ndende appelsiner, til dr\u00f8mmende lilla og magiske effekter af guld, s\u00f8lv og pink presset glitter.<\/p>\n","protected":false},"excerpt":{"rendered":"<p>M\u00f8d Makeup Revolutions hidtil mest guddommelige palette, Revolution Forever Flawless Spirituality Palette. Denne mystiske palette byder p\u00e5 matte og satin nuancer, fra br\u00e6ndende appelsiner, til dr\u00f8mmende lilla og magiske effekter af guld, s\u00f8lv og pink presset glitter.<\/p>\n","protected":false},"featured_media":147498,"comment_status":"open","ping_status":"closed","template":"","meta":{"_trash_the_other_posts":false},"product_brand":[],"product_cat":[581],"product_tag":[3338],"berocket_brand":[1050],"class_list":{"0":"post-147508","1":"product","2":"type-product","3":"status-publish","4":"has-post-thumbnail","6":"product_cat-ondt-oeje","7":"product_tag-makeup-revolution-palette-forever-flawless","8":"pa_brand-makeup-revolution","9":"pa_variant-spirituality","10":"berocket_brand-makeup-revolution","12":"first","13":"instock","14":"sale","15":"taxable","16":"shipping-taxable","17":"purchasable","18":"product-type-simple"},"_links":{"self":[{"href":"https:\/\/stylingagenten.com\/da\/wp-json\/wp\/v2\/product\/147508","targetHints":{"allow":["GET"]}}],"collection":[{"href":"https:\/\/stylingagenten.com\/da\/wp-json\/wp\/v2\/product"}],"about":[{"href":"https:\/\/stylingagenten.com\/da\/wp-json\/wp\/v2\/types\/product"}],"replies":[{"embeddable":true,"href":"https:\/\/stylingagenten.com\/da\/wp-json\/wp\/v2\/comments?post=147508"}],"version-history":[{"count":0,"href":"https:\/\/stylingagenten.com\/da\/wp-json\/wp\/v2\/product\/147508\/revisions"}],"wp:featuredmedia":[{"embeddable":true,"href":"https:\/\/stylingagenten.com\/da\/wp-json\/wp\/v2\/media\/147498"}],"wp:attachment":[{"href":"https:\/\/stylingagenten.com\/da\/wp-json\/wp\/v2\/media?parent=147508"}],"wp:term":[{"taxonomy":"product_brand","embeddable":true,"href":"https:\/\/stylingagenten.com\/da\/wp-json\/wp\/v2\/product_brand?post=147508"},{"taxonomy":"product_cat","embeddable":true,"href":"https:\/\/stylingagenten.com\/da\/wp-json\/wp\/v2\/product_cat?post=147508"},{"taxonomy":"product_tag","embeddable":true,"href":"https:\/\/stylingagenten.com\/da\/wp-json\/wp\/v2\/product_tag?post=147508"},{"taxonomy":"berocket_brand","embeddable":true,"href":"https:\/\/stylingagenten.com\/da\/wp-json\/wp\/v2\/berocket_brand?post=147508"}],"curies":[{"name":"wp","href":"https:\/\/api.w.org\/{rel}","templated":true}]}}