{"id":147423,"date":"2025-05-18T23:38:15","date_gmt":"2025-05-18T23:38:15","guid":{"rendered":"https:\/\/staging2.stylingagenten.com\/da\/produkt\/makeup-revolution-pro-new-neutral-blushed-shadow-palette\/"},"modified":"2026-03-16T12:07:54","modified_gmt":"2026-03-16T12:07:54","slug":"makeup-revolution-pro-new-neutral-blushed-shadow-palette","status":"publish","type":"product","link":"https:\/\/stylingagenten.com\/da\/produkt\/makeup-revolution-pro-new-neutral-blushed-shadow-palette\/","title":{"rendered":"Makeup Revolution PRO New Neutral Blushed Shadow Palette"},"content":{"rendered":"<p>Revolution Pro New Neutrals Blushed Eyeshadow Palette byder p\u00e5 et overd\u00e5digt udvalg af shimmer, reflekterende, perle- og matte formler, der hj\u00e6lper dig med at skabe et i\u00f8jnefaldende makeup-look, der tager dig fra morgen til aften. Paletten indeholder i alt 18 forskellige \u00f8jenskygger, s\u00e5 du kan mikse og matche subtile og dristige neutrale farver for at skabe det ultimative full face-look.<br \/>Uanset om du g\u00e5r efter en bl\u00f8d glam-\u00e6stetik, klassisk sofistikeret eller noget legende og sjovt, \u00f8jenskyggepaletten passer til enhver anmodning. V\u00e6lg mellem blush pinks, smagfulde champagner og eksplosioner af shimmer, mens du tilf\u00f8jer accenter af rigere lilla. Hver nuance giver imponerende, glatte resultater, der giver dig et varigt pigmenteret look.<br \/>Paletten kommer i et roseguldfarvet leopardprintetui.<\/p>\n","protected":false},"excerpt":{"rendered":"<p>Revolution Pro New Neutrals Blushed Eyeshadow Palette byder p\u00e5 et overd\u00e5digt udvalg af shimmer, reflekterende, perle- og matte formler, der hj\u00e6lper dig med at skabe et i\u00f8jnefaldende makeup-look, der tager dig fra morgen til aften. Paletten indeholder i alt 18 forskellige \u00f8jenskygger, s\u00e5 du kan mikse og matche subtile og dristige neutrale farver for at [&hellip;]<\/p>\n","protected":false},"featured_media":147418,"comment_status":"open","ping_status":"closed","template":"","meta":{"_trash_the_other_posts":false},"product_brand":[],"product_cat":[581],"product_tag":[],"berocket_brand":[1050],"class_list":{"0":"post-147423","1":"product","2":"type-product","3":"status-publish","4":"has-post-thumbnail","6":"product_cat-ondt-oeje","7":"pa_brand-makeup-revolution","8":"berocket_brand-makeup-revolution","10":"first","11":"instock","12":"sale","13":"taxable","14":"shipping-taxable","15":"purchasable","16":"product-type-simple"},"_links":{"self":[{"href":"https:\/\/stylingagenten.com\/da\/wp-json\/wp\/v2\/product\/147423","targetHints":{"allow":["GET"]}}],"collection":[{"href":"https:\/\/stylingagenten.com\/da\/wp-json\/wp\/v2\/product"}],"about":[{"href":"https:\/\/stylingagenten.com\/da\/wp-json\/wp\/v2\/types\/product"}],"replies":[{"embeddable":true,"href":"https:\/\/stylingagenten.com\/da\/wp-json\/wp\/v2\/comments?post=147423"}],"version-history":[{"count":0,"href":"https:\/\/stylingagenten.com\/da\/wp-json\/wp\/v2\/product\/147423\/revisions"}],"wp:featuredmedia":[{"embeddable":true,"href":"https:\/\/stylingagenten.com\/da\/wp-json\/wp\/v2\/media\/147418"}],"wp:attachment":[{"href":"https:\/\/stylingagenten.com\/da\/wp-json\/wp\/v2\/media?parent=147423"}],"wp:term":[{"taxonomy":"product_brand","embeddable":true,"href":"https:\/\/stylingagenten.com\/da\/wp-json\/wp\/v2\/product_brand?post=147423"},{"taxonomy":"product_cat","embeddable":true,"href":"https:\/\/stylingagenten.com\/da\/wp-json\/wp\/v2\/product_cat?post=147423"},{"taxonomy":"product_tag","embeddable":true,"href":"https:\/\/stylingagenten.com\/da\/wp-json\/wp\/v2\/product_tag?post=147423"},{"taxonomy":"berocket_brand","embeddable":true,"href":"https:\/\/stylingagenten.com\/da\/wp-json\/wp\/v2\/berocket_brand?post=147423"}],"curies":[{"name":"wp","href":"https:\/\/api.w.org\/{rel}","templated":true}]}}