{"id":147379,"date":"2025-05-18T23:38:03","date_gmt":"2025-05-18T23:38:03","guid":{"rendered":"https:\/\/staging2.stylingagenten.com\/da\/produkt\/makeup-revolution-pro-rockstar-shadow-palette-noir-edition\/"},"modified":"2025-12-18T21:51:11","modified_gmt":"2025-12-18T21:51:11","slug":"makeup-revolution-pro-rockstar-shadow-palette-noir-edition","status":"publish","type":"product","link":"https:\/\/stylingagenten.com\/da\/produkt\/makeup-revolution-pro-rockstar-shadow-palette-noir-edition\/","title":{"rendered":"Makeup Revolution PRO Rockstar Shadow Palette Noir Edition"},"content":{"rendered":"<p>F\u00f8l dig som en rigtig rockstjerne! Revolution PRO Rockstar Eyeshadow Palette giver dig mulighed for at skabe en fantastisk \u00f8jenmakeup og pr\u00f8ve de mest sofistikerede og sofistikerede glamour\u00f8se looks! Paletten har de mest unikke nuancer, inklusive sm\u00f8rfarvede pink og n\u00f8gen, samt glitrende kobber og brune. Med denne luksuri\u00f8se palette er du fri til at eksperimentere med makeup til dit hjertes lyst og skabe en r\u00e6kke trendy looks hver dag!<\/p>\n","protected":false},"excerpt":{"rendered":"<p>F\u00f8l dig som en rigtig rockstjerne! Revolution PRO Rockstar Eyeshadow Palette giver dig mulighed for at skabe en fantastisk \u00f8jenmakeup og pr\u00f8ve de mest sofistikerede og sofistikerede glamour\u00f8se looks! Paletten har de mest unikke nuancer, inklusive sm\u00f8rfarvede pink og n\u00f8gen, samt glitrende kobber og brune. Med denne luksuri\u00f8se palette er du fri til at eksperimentere [&hellip;]<\/p>\n","protected":false},"featured_media":147369,"comment_status":"open","ping_status":"closed","template":"","meta":{"_trash_the_other_posts":false},"product_brand":[],"product_cat":[581],"product_tag":[],"berocket_brand":[1050],"class_list":{"0":"post-147379","1":"product","2":"type-product","3":"status-publish","4":"has-post-thumbnail","6":"product_cat-ondt-oeje","7":"pa_brand-makeup-revolution","8":"berocket_brand-makeup-revolution","10":"first","11":"instock","12":"sale","13":"taxable","14":"shipping-taxable","15":"purchasable","16":"product-type-simple"},"_links":{"self":[{"href":"https:\/\/stylingagenten.com\/da\/wp-json\/wp\/v2\/product\/147379","targetHints":{"allow":["GET"]}}],"collection":[{"href":"https:\/\/stylingagenten.com\/da\/wp-json\/wp\/v2\/product"}],"about":[{"href":"https:\/\/stylingagenten.com\/da\/wp-json\/wp\/v2\/types\/product"}],"replies":[{"embeddable":true,"href":"https:\/\/stylingagenten.com\/da\/wp-json\/wp\/v2\/comments?post=147379"}],"version-history":[{"count":0,"href":"https:\/\/stylingagenten.com\/da\/wp-json\/wp\/v2\/product\/147379\/revisions"}],"wp:featuredmedia":[{"embeddable":true,"href":"https:\/\/stylingagenten.com\/da\/wp-json\/wp\/v2\/media\/147369"}],"wp:attachment":[{"href":"https:\/\/stylingagenten.com\/da\/wp-json\/wp\/v2\/media?parent=147379"}],"wp:term":[{"taxonomy":"product_brand","embeddable":true,"href":"https:\/\/stylingagenten.com\/da\/wp-json\/wp\/v2\/product_brand?post=147379"},{"taxonomy":"product_cat","embeddable":true,"href":"https:\/\/stylingagenten.com\/da\/wp-json\/wp\/v2\/product_cat?post=147379"},{"taxonomy":"product_tag","embeddable":true,"href":"https:\/\/stylingagenten.com\/da\/wp-json\/wp\/v2\/product_tag?post=147379"},{"taxonomy":"berocket_brand","embeddable":true,"href":"https:\/\/stylingagenten.com\/da\/wp-json\/wp\/v2\/berocket_brand?post=147379"}],"curies":[{"name":"wp","href":"https:\/\/api.w.org\/{rel}","templated":true}]}}