{"id":147367,"date":"2025-05-18T23:38:00","date_gmt":"2025-05-18T23:38:00","guid":{"rendered":"https:\/\/staging2.stylingagenten.com\/da\/produkt\/wet-n-wild-5-pan-palette-full-bloomin\/"},"modified":"2025-12-18T21:58:19","modified_gmt":"2025-12-18T21:58:19","slug":"wet-n-wild-5-pan-palette-full-bloomin","status":"publish","type":"product","link":"https:\/\/stylingagenten.com\/da\/produkt\/wet-n-wild-5-pan-palette-full-bloomin\/","title":{"rendered":"Wet n Wild 5-Pan Palette Full Bloomin"},"content":{"rendered":"<p>Lev dit bedste liv i farver! Denne Color Icon 5-Pan Palette har en forbedret, rig pigmenteret og sm\u00f8rbl\u00f8d formel i matte, satin, shimmer og metalliske finish. Denne s\u00e6rligt kuraterede palette er perfekt til at opn\u00e5 det look, du dr\u00f8mmer om, uanset om det er naturligt bl\u00f8dt eller overv\u00e6ldende dristigt. Hver nuance er sm\u00f8rbl\u00f8d for s\u00f8ml\u00f8s blandbarhed og let lagdeling. Den kan bruges b\u00e5de v\u00e5d og t\u00f8r, og det er nemt at skabe en \u00e6gte regnbue af kreative effekter, der f\u00e5r dig til at se ud og f\u00f8le dig som om du har fortjent en 5-stjernet vurdering.<\/p>\n","protected":false},"excerpt":{"rendered":"<p>Lev dit bedste liv i farver! Denne Color Icon 5-Pan Palette har en forbedret, rig pigmenteret og sm\u00f8rbl\u00f8d formel i matte, satin, shimmer og metalliske finish. Denne s\u00e6rligt kuraterede palette er perfekt til at opn\u00e5 det look, du dr\u00f8mmer om, uanset om det er naturligt bl\u00f8dt eller overv\u00e6ldende dristigt. Hver nuance er sm\u00f8rbl\u00f8d for s\u00f8ml\u00f8s [&hellip;]<\/p>\n","protected":false},"featured_media":147364,"comment_status":"open","ping_status":"closed","template":"","meta":{"_trash_the_other_posts":false},"product_brand":[],"product_cat":[581],"product_tag":[4077],"berocket_brand":[1035],"class_list":{"0":"post-147367","1":"product","2":"type-product","3":"status-publish","4":"has-post-thumbnail","6":"product_cat-ondt-oeje","7":"product_tag-wet-n-wild-5-pan-palette","8":"pa_brand-wet-n-wild","9":"pa_variant-full-bloomin","10":"berocket_brand-wet-n-wild","12":"first","13":"instock","14":"sale","15":"taxable","16":"shipping-taxable","17":"purchasable","18":"product-type-simple"},"_links":{"self":[{"href":"https:\/\/stylingagenten.com\/da\/wp-json\/wp\/v2\/product\/147367","targetHints":{"allow":["GET"]}}],"collection":[{"href":"https:\/\/stylingagenten.com\/da\/wp-json\/wp\/v2\/product"}],"about":[{"href":"https:\/\/stylingagenten.com\/da\/wp-json\/wp\/v2\/types\/product"}],"replies":[{"embeddable":true,"href":"https:\/\/stylingagenten.com\/da\/wp-json\/wp\/v2\/comments?post=147367"}],"version-history":[{"count":0,"href":"https:\/\/stylingagenten.com\/da\/wp-json\/wp\/v2\/product\/147367\/revisions"}],"wp:featuredmedia":[{"embeddable":true,"href":"https:\/\/stylingagenten.com\/da\/wp-json\/wp\/v2\/media\/147364"}],"wp:attachment":[{"href":"https:\/\/stylingagenten.com\/da\/wp-json\/wp\/v2\/media?parent=147367"}],"wp:term":[{"taxonomy":"product_brand","embeddable":true,"href":"https:\/\/stylingagenten.com\/da\/wp-json\/wp\/v2\/product_brand?post=147367"},{"taxonomy":"product_cat","embeddable":true,"href":"https:\/\/stylingagenten.com\/da\/wp-json\/wp\/v2\/product_cat?post=147367"},{"taxonomy":"product_tag","embeddable":true,"href":"https:\/\/stylingagenten.com\/da\/wp-json\/wp\/v2\/product_tag?post=147367"},{"taxonomy":"berocket_brand","embeddable":true,"href":"https:\/\/stylingagenten.com\/da\/wp-json\/wp\/v2\/berocket_brand?post=147367"}],"curies":[{"name":"wp","href":"https:\/\/api.w.org\/{rel}","templated":true}]}}