{"id":147352,"date":"2025-05-18T23:37:55","date_gmt":"2025-05-18T23:37:55","guid":{"rendered":"https:\/\/staging2.stylingagenten.com\/da\/produkt\/kokie-prep-up-eyeshadow-primer\/"},"modified":"2025-12-18T21:48:36","modified_gmt":"2025-12-18T21:48:36","slug":"kokie-prep-up-eyeshadow-primer","status":"publish","type":"product","link":"https:\/\/stylingagenten.com\/da\/produkt\/kokie-prep-up-eyeshadow-primer\/","title":{"rendered":"Kokie Prep Up Eyeshadow Primer"},"content":{"rendered":"<p>Kokie Prep Up Eyeshadow Primer er en gennemsigtig \u00f8jenskyggeprimer, der p\u00e5f\u00f8res p\u00e5 \u00d8jenl\u00e5get skal v\u00e6re en glattere foundation og m\u00e5de at f\u00e5 din &ouml;gon skygge at sidde p\u00e5&aring; sted hele dagen. Primeren skaber en base som denne; at du nemt kan blande \u00f8jenskygger for et langtidsholdbart look, der ikke kr\u00f8ller.<\/p>\n","protected":false},"excerpt":{"rendered":"<p>Kokie Prep Up Eyeshadow Primer er en gennemsigtig \u00f8jenskyggeprimer, der p\u00e5f\u00f8res p\u00e5 \u00d8jenl\u00e5get skal v\u00e6re en glattere foundation og m\u00e5de at f\u00e5 din &ouml;gon skygge at sidde p\u00e5&aring; sted hele dagen. Primeren skaber en base som denne; at du nemt kan blande \u00f8jenskygger for et langtidsholdbart look, der ikke kr\u00f8ller.<\/p>\n","protected":false},"featured_media":147351,"comment_status":"open","ping_status":"closed","template":"","meta":{"_trash_the_other_posts":false},"product_brand":[],"product_cat":[593],"product_tag":[],"berocket_brand":[1198],"class_list":{"0":"post-147352","1":"product","2":"type-product","3":"status-publish","4":"has-post-thumbnail","6":"product_cat-ogonprimer","7":"pa_brand-kokie-cosmetics","8":"berocket_brand-kokie-cosmetics","10":"first","11":"instock","12":"sale","13":"taxable","14":"shipping-taxable","15":"purchasable","16":"product-type-simple"},"_links":{"self":[{"href":"https:\/\/stylingagenten.com\/da\/wp-json\/wp\/v2\/product\/147352","targetHints":{"allow":["GET"]}}],"collection":[{"href":"https:\/\/stylingagenten.com\/da\/wp-json\/wp\/v2\/product"}],"about":[{"href":"https:\/\/stylingagenten.com\/da\/wp-json\/wp\/v2\/types\/product"}],"replies":[{"embeddable":true,"href":"https:\/\/stylingagenten.com\/da\/wp-json\/wp\/v2\/comments?post=147352"}],"version-history":[{"count":0,"href":"https:\/\/stylingagenten.com\/da\/wp-json\/wp\/v2\/product\/147352\/revisions"}],"wp:featuredmedia":[{"embeddable":true,"href":"https:\/\/stylingagenten.com\/da\/wp-json\/wp\/v2\/media\/147351"}],"wp:attachment":[{"href":"https:\/\/stylingagenten.com\/da\/wp-json\/wp\/v2\/media?parent=147352"}],"wp:term":[{"taxonomy":"product_brand","embeddable":true,"href":"https:\/\/stylingagenten.com\/da\/wp-json\/wp\/v2\/product_brand?post=147352"},{"taxonomy":"product_cat","embeddable":true,"href":"https:\/\/stylingagenten.com\/da\/wp-json\/wp\/v2\/product_cat?post=147352"},{"taxonomy":"product_tag","embeddable":true,"href":"https:\/\/stylingagenten.com\/da\/wp-json\/wp\/v2\/product_tag?post=147352"},{"taxonomy":"berocket_brand","embeddable":true,"href":"https:\/\/stylingagenten.com\/da\/wp-json\/wp\/v2\/berocket_brand?post=147352"}],"curies":[{"name":"wp","href":"https:\/\/api.w.org\/{rel}","templated":true}]}}