{"id":147349,"date":"2025-05-18T23:37:55","date_gmt":"2025-05-18T23:37:55","guid":{"rendered":"https:\/\/staging2.stylingagenten.com\/da\/produkt\/kokie-lash-boosting-mascara-primer\/"},"modified":"2026-03-26T06:18:44","modified_gmt":"2026-03-26T06:18:44","slug":"kokie-lash-boosting-mascara-primer","status":"publish","type":"product","link":"https:\/\/stylingagenten.com\/da\/produkt\/kokie-lash-boosting-mascara-primer\/","title":{"rendered":"Kokie Lash Boosting Mascara Primer"},"content":{"rendered":"<p>Med Kokie Lash Boosting Mascara Primer holder mascaraen endnu l\u00e6ngere, mens du f\u00e5r ekstra volumen.<br \/>P\u00e5f\u00f8r under din mascara for at give dine vipper et l\u00e6ngere og fyldigere look, mens mascaraen holder sig frisk hele dagen.<\/p>\n<p>Bl\u00f8dg\u00f8r vipperne, forl\u00e6nger levetiden af mascara, gennemsigtig, n\u00e5r den er t\u00f8r.<\/p>\n","protected":false},"excerpt":{"rendered":"<p>Med Kokie Lash Boosting Mascara Primer holder mascaraen endnu l\u00e6ngere, mens du f\u00e5r ekstra volumen.P\u00e5f\u00f8r under din mascara for at give dine vipper et l\u00e6ngere og fyldigere look, mens mascaraen holder sig frisk hele dagen. Bl\u00f8dg\u00f8r vipperne, forl\u00e6nger levetiden af mascara, gennemsigtig, n\u00e5r den er t\u00f8r.<\/p>\n","protected":false},"featured_media":147347,"comment_status":"open","ping_status":"closed","template":"","meta":{"_trash_the_other_posts":false},"product_brand":[],"product_cat":[716],"product_tag":[],"berocket_brand":[1198],"class_list":{"0":"post-147349","1":"product","2":"type-product","3":"status-publish","4":"has-post-thumbnail","6":"product_cat-mascara-primer","7":"pa_brand-kokie-cosmetics","8":"berocket_brand-kokie-cosmetics","10":"first","11":"instock","12":"sale","13":"taxable","14":"shipping-taxable","15":"purchasable","16":"product-type-simple"},"_links":{"self":[{"href":"https:\/\/stylingagenten.com\/da\/wp-json\/wp\/v2\/product\/147349","targetHints":{"allow":["GET"]}}],"collection":[{"href":"https:\/\/stylingagenten.com\/da\/wp-json\/wp\/v2\/product"}],"about":[{"href":"https:\/\/stylingagenten.com\/da\/wp-json\/wp\/v2\/types\/product"}],"replies":[{"embeddable":true,"href":"https:\/\/stylingagenten.com\/da\/wp-json\/wp\/v2\/comments?post=147349"}],"version-history":[{"count":0,"href":"https:\/\/stylingagenten.com\/da\/wp-json\/wp\/v2\/product\/147349\/revisions"}],"wp:featuredmedia":[{"embeddable":true,"href":"https:\/\/stylingagenten.com\/da\/wp-json\/wp\/v2\/media\/147347"}],"wp:attachment":[{"href":"https:\/\/stylingagenten.com\/da\/wp-json\/wp\/v2\/media?parent=147349"}],"wp:term":[{"taxonomy":"product_brand","embeddable":true,"href":"https:\/\/stylingagenten.com\/da\/wp-json\/wp\/v2\/product_brand?post=147349"},{"taxonomy":"product_cat","embeddable":true,"href":"https:\/\/stylingagenten.com\/da\/wp-json\/wp\/v2\/product_cat?post=147349"},{"taxonomy":"product_tag","embeddable":true,"href":"https:\/\/stylingagenten.com\/da\/wp-json\/wp\/v2\/product_tag?post=147349"},{"taxonomy":"berocket_brand","embeddable":true,"href":"https:\/\/stylingagenten.com\/da\/wp-json\/wp\/v2\/berocket_brand?post=147349"}],"curies":[{"name":"wp","href":"https:\/\/api.w.org\/{rel}","templated":true}]}}