{"id":147321,"date":"2025-05-18T23:37:48","date_gmt":"2025-05-18T23:37:48","guid":{"rendered":"https:\/\/staging2.stylingagenten.com\/da\/produkt\/bareminerals-prime-time-eyeshadow-extender-primer-3ml\/"},"modified":"2026-03-21T13:07:30","modified_gmt":"2026-03-21T13:07:30","slug":"bareminerals-prime-time-eyeshadow-extender-primer-3ml","status":"publish","type":"product","link":"https:\/\/stylingagenten.com\/da\/produkt\/bareminerals-prime-time-eyeshadow-extender-primer-3ml\/","title":{"rendered":"BareMinerals Prime Time Eyeshadow Extender Primer 3ml"},"content":{"rendered":"<p>En ren, vegansk og silikonefri \u00f8jenskyggeprimer, der forl\u00e6nger holdbarheden af \u200b\u200bdin \u00f8jenmakeup i op til 24 timer! Prime Time Eyeshadow Extender Primer giver en gennemsigtig base, der ikke s\u00e6tter sig i folder eller linjer og er svedafvisende. Primeren minimerer uj\u00e6vnheder og giver en bl\u00f8d og sl\u00f8ret effekt p\u00e5 \u00f8jenl\u00e5get. Med en fleksibel applikator kan du nemt fordele produktet over l\u00e5get. Fungerer med alle \u00f8jenskygger.<\/p>\n<p>N\u00f8gleingredienser:<br \/>&#8211; En blanding af 3 forskellige hyaluronsyrekomplekser, der giver intens fugt<br \/>&#8211; B\u00e6redygtigt produceret sheasm\u00f8r giver en bl\u00f8d tekstur, der f\u00f8les behagelig p\u00e5 huden<\/p>\n","protected":false},"excerpt":{"rendered":"<p>En ren, vegansk og silikonefri \u00f8jenskyggeprimer, der forl\u00e6nger holdbarheden af \u200b\u200bdin \u00f8jenmakeup i op til 24 timer! Prime Time Eyeshadow Extender Primer giver en gennemsigtig base, der ikke s\u00e6tter sig i folder eller linjer og er svedafvisende. Primeren minimerer uj\u00e6vnheder og giver en bl\u00f8d og sl\u00f8ret effekt p\u00e5 \u00f8jenl\u00e5get. Med en fleksibel applikator kan du [&hellip;]<\/p>\n","protected":false},"featured_media":147311,"comment_status":"open","ping_status":"closed","template":"","meta":{"_trash_the_other_posts":false},"product_brand":[],"product_cat":[593,1005],"product_tag":[],"berocket_brand":[2007],"class_list":{"0":"post-147321","1":"product","2":"type-product","3":"status-publish","4":"has-post-thumbnail","6":"product_cat-ogonprimer","7":"product_cat-outlet","8":"pa_brand-id-bareminerals","9":"berocket_brand-id-bareminerals","11":"first","12":"outofstock","13":"sale","14":"taxable","15":"shipping-taxable","16":"purchasable","17":"product-type-simple"},"_links":{"self":[{"href":"https:\/\/stylingagenten.com\/da\/wp-json\/wp\/v2\/product\/147321","targetHints":{"allow":["GET"]}}],"collection":[{"href":"https:\/\/stylingagenten.com\/da\/wp-json\/wp\/v2\/product"}],"about":[{"href":"https:\/\/stylingagenten.com\/da\/wp-json\/wp\/v2\/types\/product"}],"replies":[{"embeddable":true,"href":"https:\/\/stylingagenten.com\/da\/wp-json\/wp\/v2\/comments?post=147321"}],"version-history":[{"count":0,"href":"https:\/\/stylingagenten.com\/da\/wp-json\/wp\/v2\/product\/147321\/revisions"}],"wp:featuredmedia":[{"embeddable":true,"href":"https:\/\/stylingagenten.com\/da\/wp-json\/wp\/v2\/media\/147311"}],"wp:attachment":[{"href":"https:\/\/stylingagenten.com\/da\/wp-json\/wp\/v2\/media?parent=147321"}],"wp:term":[{"taxonomy":"product_brand","embeddable":true,"href":"https:\/\/stylingagenten.com\/da\/wp-json\/wp\/v2\/product_brand?post=147321"},{"taxonomy":"product_cat","embeddable":true,"href":"https:\/\/stylingagenten.com\/da\/wp-json\/wp\/v2\/product_cat?post=147321"},{"taxonomy":"product_tag","embeddable":true,"href":"https:\/\/stylingagenten.com\/da\/wp-json\/wp\/v2\/product_tag?post=147321"},{"taxonomy":"berocket_brand","embeddable":true,"href":"https:\/\/stylingagenten.com\/da\/wp-json\/wp\/v2\/berocket_brand?post=147321"}],"curies":[{"name":"wp","href":"https:\/\/api.w.org\/{rel}","templated":true}]}}