{"id":147279,"date":"2025-05-18T23:37:37","date_gmt":"2025-05-18T23:37:37","guid":{"rendered":"https:\/\/staging2.stylingagenten.com\/da\/produkt\/shiseido-men-total-revitalizer-eye-cream-15ml\/"},"modified":"2026-03-30T07:32:05","modified_gmt":"2026-03-30T07:32:05","slug":"shiseido-men-total-revitalizer-eye-cream-15ml","status":"publish","type":"product","link":"https:\/\/stylingagenten.com\/da\/produkt\/shiseido-men-total-revitalizer-eye-cream-15ml\/","title":{"rendered":"Shiseido Men Total Revitalizer Eye Cream 15ml"},"content":{"rendered":"<p>Shiseido Men Total Revitalizer Eye Cream er en kraftfuld \u00f8jencreme inspireret af hyaluronsyreinjektioner. Denne eksklusive &ouml;gon&auml;m er rettet mod specifikke problemer omkring \u00f8jnene s\u00e5som rynker, t\u00f8rhed, l\u00f8s hud, porer og m\u00f8rke rande. Velegnet til alle m\u00e6nd, der \u00f8nsker et slankere, skarpere og mere revitaliseret look!&nbsp;<\/p>\n<p>&nbsp;<\/p>\n","protected":false},"excerpt":{"rendered":"<p>Shiseido Men Total Revitalizer Eye Cream er en kraftfuld \u00f8jencreme inspireret af hyaluronsyreinjektioner. Denne eksklusive &ouml;gon&auml;m er rettet mod specifikke problemer omkring \u00f8jnene s\u00e5som rynker, t\u00f8rhed, l\u00f8s hud, porer og m\u00f8rke rande. Velegnet til alle m\u00e6nd, der \u00f8nsker et slankere, skarpere og mere revitaliseret look!&nbsp; &nbsp;<\/p>\n","protected":false},"featured_media":147277,"comment_status":"open","ping_status":"closed","template":"","meta":{"_trash_the_other_posts":false},"product_brand":[],"product_cat":[623],"product_tag":[],"berocket_brand":[1193],"class_list":{"0":"post-147279","1":"product","2":"type-product","3":"status-publish","4":"has-post-thumbnail","6":"product_cat-oere-kram","7":"pa_brand-shiseido","8":"berocket_brand-shiseido","10":"first","11":"instock","12":"sale","13":"taxable","14":"shipping-taxable","15":"purchasable","16":"product-type-simple"},"_links":{"self":[{"href":"https:\/\/stylingagenten.com\/da\/wp-json\/wp\/v2\/product\/147279","targetHints":{"allow":["GET"]}}],"collection":[{"href":"https:\/\/stylingagenten.com\/da\/wp-json\/wp\/v2\/product"}],"about":[{"href":"https:\/\/stylingagenten.com\/da\/wp-json\/wp\/v2\/types\/product"}],"replies":[{"embeddable":true,"href":"https:\/\/stylingagenten.com\/da\/wp-json\/wp\/v2\/comments?post=147279"}],"version-history":[{"count":0,"href":"https:\/\/stylingagenten.com\/da\/wp-json\/wp\/v2\/product\/147279\/revisions"}],"wp:featuredmedia":[{"embeddable":true,"href":"https:\/\/stylingagenten.com\/da\/wp-json\/wp\/v2\/media\/147277"}],"wp:attachment":[{"href":"https:\/\/stylingagenten.com\/da\/wp-json\/wp\/v2\/media?parent=147279"}],"wp:term":[{"taxonomy":"product_brand","embeddable":true,"href":"https:\/\/stylingagenten.com\/da\/wp-json\/wp\/v2\/product_brand?post=147279"},{"taxonomy":"product_cat","embeddable":true,"href":"https:\/\/stylingagenten.com\/da\/wp-json\/wp\/v2\/product_cat?post=147279"},{"taxonomy":"product_tag","embeddable":true,"href":"https:\/\/stylingagenten.com\/da\/wp-json\/wp\/v2\/product_tag?post=147279"},{"taxonomy":"berocket_brand","embeddable":true,"href":"https:\/\/stylingagenten.com\/da\/wp-json\/wp\/v2\/berocket_brand?post=147279"}],"curies":[{"name":"wp","href":"https:\/\/api.w.org\/{rel}","templated":true}]}}