{"id":147251,"date":"2025-05-18T23:37:29","date_gmt":"2025-05-18T23:37:29","guid":{"rendered":"https:\/\/staging2.stylingagenten.com\/da\/produkt\/peter-thomas-roth-water-drench-hyaluronic-cloud-hydrating-eye-gel-15ml\/"},"modified":"2026-03-30T07:32:03","modified_gmt":"2026-03-30T07:32:03","slug":"peter-thomas-roth-water-drench-hyaluronic-cloud-hydrating-eye-gel-15ml","status":"publish","type":"product","link":"https:\/\/stylingagenten.com\/da\/produkt\/peter-thomas-roth-water-drench-hyaluronic-cloud-hydrating-eye-gel-15ml\/","title":{"rendered":"Peter Thomas Roth Water Drench Hyaluronic Cloud Hydrating Eye Gel 15ml"},"content":{"rendered":"<p>En forfriskende Peter Thomas Roth &ouml;gongel&eacute; som gennemsyrer huden med et 50% hyaluronsyrekompleks og hj\u00e6lper med at reducere forekomsten af \u200b\u200brynker; fine linjer, rynker, h\u00e6velser og m\u00f8rke pletter.<\/p>\n<p>Fordele<\/p>\n<p>&bull; &Aring;rehydrerer med et 50 % hyaluronsyrekompleks, mens Pentavitin hj\u00e6lper med at give op til 72 timers &aring;rehydrering<\/p>\n<p>&bull; 3 % AcquaCell og et 2,6 % malakitkompleks hj\u00e6lper med at udglatte fine linjer og rynker<\/p>\n<p>&bull; Koffein hj\u00e6lper med at reducere forekomsten af \u200b\u200bh\u00e6velser, og Haloxyl hj\u00e6lper med at bek\u00e6mpe m\u00f8rke rande<\/p>\n","protected":false},"excerpt":{"rendered":"<p>En forfriskende Peter Thomas Roth &ouml;gongel&eacute; som gennemsyrer huden med et 50% hyaluronsyrekompleks og hj\u00e6lper med at reducere forekomsten af \u200b\u200brynker; fine linjer, rynker, h\u00e6velser og m\u00f8rke pletter. Fordele &bull; &Aring;rehydrerer med et 50 % hyaluronsyrekompleks, mens Pentavitin hj\u00e6lper med at give op til 72 timers &aring;rehydrering &bull; 3 % AcquaCell og et 2,6 % [&hellip;]<\/p>\n","protected":false},"featured_media":147233,"comment_status":"open","ping_status":"closed","template":"","meta":{"_trash_the_other_posts":false},"product_brand":[],"product_cat":[623,1005],"product_tag":[],"berocket_brand":[1246],"class_list":{"0":"post-147251","1":"product","2":"type-product","3":"status-publish","4":"has-post-thumbnail","6":"product_cat-oere-kram","7":"product_cat-outlet","8":"pa_brand-peter-thomas-roth","9":"berocket_brand-peter-thomas-roth","11":"first","12":"instock","13":"sale","14":"taxable","15":"shipping-taxable","16":"purchasable","17":"product-type-simple"},"_links":{"self":[{"href":"https:\/\/stylingagenten.com\/da\/wp-json\/wp\/v2\/product\/147251","targetHints":{"allow":["GET"]}}],"collection":[{"href":"https:\/\/stylingagenten.com\/da\/wp-json\/wp\/v2\/product"}],"about":[{"href":"https:\/\/stylingagenten.com\/da\/wp-json\/wp\/v2\/types\/product"}],"replies":[{"embeddable":true,"href":"https:\/\/stylingagenten.com\/da\/wp-json\/wp\/v2\/comments?post=147251"}],"version-history":[{"count":0,"href":"https:\/\/stylingagenten.com\/da\/wp-json\/wp\/v2\/product\/147251\/revisions"}],"wp:featuredmedia":[{"embeddable":true,"href":"https:\/\/stylingagenten.com\/da\/wp-json\/wp\/v2\/media\/147233"}],"wp:attachment":[{"href":"https:\/\/stylingagenten.com\/da\/wp-json\/wp\/v2\/media?parent=147251"}],"wp:term":[{"taxonomy":"product_brand","embeddable":true,"href":"https:\/\/stylingagenten.com\/da\/wp-json\/wp\/v2\/product_brand?post=147251"},{"taxonomy":"product_cat","embeddable":true,"href":"https:\/\/stylingagenten.com\/da\/wp-json\/wp\/v2\/product_cat?post=147251"},{"taxonomy":"product_tag","embeddable":true,"href":"https:\/\/stylingagenten.com\/da\/wp-json\/wp\/v2\/product_tag?post=147251"},{"taxonomy":"berocket_brand","embeddable":true,"href":"https:\/\/stylingagenten.com\/da\/wp-json\/wp\/v2\/berocket_brand?post=147251"}],"curies":[{"name":"wp","href":"https:\/\/api.w.org\/{rel}","templated":true}]}}