{"id":147145,"date":"2025-05-18T23:36:58","date_gmt":"2025-05-18T23:36:58","guid":{"rendered":"https:\/\/staging2.stylingagenten.com\/da\/produkt\/neutrogena-hydro-boost-awakening-eye-cream-15-ml\/"},"modified":"2026-04-11T07:48:29","modified_gmt":"2026-04-11T07:48:29","slug":"neutrogena-hydro-boost-awakening-eye-cream-15-ml","status":"publish","type":"product","link":"https:\/\/stylingagenten.com\/da\/produkt\/neutrogena-hydro-boost-awakening-eye-cream-15-ml\/","title":{"rendered":"Neutrogena Hydro Boost Awakening Eye Cream 15 ml"},"content":{"rendered":"<p>Efterh\u00e5nden som fugtbarrieren omkring det sarte \u00f8jenomr\u00e5de sv\u00e6kkes, falder vandindholdet i huden, hvilket f\u00f8rer til fine, t\u00f8rre linjer. Revitaliser tr\u00e6tte \u00f8jne med Neutrogena Hydro Boost Awakening Eye Cream, designet til at give forfriskende hydrering til \u00f8jenkonturen og hj\u00e6lpe med at styrke den sarte \u00f8jenhuds fugtbarriere. \u00d8jnene ser lysv\u00e5gne ud med et dugfrit udseende og intenst hydreret hele dagen. Olie fri.<\/p>\n","protected":false},"excerpt":{"rendered":"<p>Efterh\u00e5nden som fugtbarrieren omkring det sarte \u00f8jenomr\u00e5de sv\u00e6kkes, falder vandindholdet i huden, hvilket f\u00f8rer til fine, t\u00f8rre linjer. Revitaliser tr\u00e6tte \u00f8jne med Neutrogena Hydro Boost Awakening Eye Cream, designet til at give forfriskende hydrering til \u00f8jenkonturen og hj\u00e6lpe med at styrke den sarte \u00f8jenhuds fugtbarriere. \u00d8jnene ser lysv\u00e5gne ud med et dugfrit udseende og intenst [&hellip;]<\/p>\n","protected":false},"featured_media":147144,"comment_status":"open","ping_status":"closed","template":"","meta":{"_trash_the_other_posts":false},"product_brand":[],"product_cat":[623],"product_tag":[],"berocket_brand":[1262],"class_list":{"0":"post-147145","1":"product","2":"type-product","3":"status-publish","4":"has-post-thumbnail","6":"product_cat-oere-kram","7":"pa_brand-neutrogena","8":"berocket_brand-neutrogena","10":"first","11":"instock","12":"sale","13":"taxable","14":"shipping-taxable","15":"purchasable","16":"product-type-simple"},"_links":{"self":[{"href":"https:\/\/stylingagenten.com\/da\/wp-json\/wp\/v2\/product\/147145","targetHints":{"allow":["GET"]}}],"collection":[{"href":"https:\/\/stylingagenten.com\/da\/wp-json\/wp\/v2\/product"}],"about":[{"href":"https:\/\/stylingagenten.com\/da\/wp-json\/wp\/v2\/types\/product"}],"replies":[{"embeddable":true,"href":"https:\/\/stylingagenten.com\/da\/wp-json\/wp\/v2\/comments?post=147145"}],"version-history":[{"count":0,"href":"https:\/\/stylingagenten.com\/da\/wp-json\/wp\/v2\/product\/147145\/revisions"}],"wp:featuredmedia":[{"embeddable":true,"href":"https:\/\/stylingagenten.com\/da\/wp-json\/wp\/v2\/media\/147144"}],"wp:attachment":[{"href":"https:\/\/stylingagenten.com\/da\/wp-json\/wp\/v2\/media?parent=147145"}],"wp:term":[{"taxonomy":"product_brand","embeddable":true,"href":"https:\/\/stylingagenten.com\/da\/wp-json\/wp\/v2\/product_brand?post=147145"},{"taxonomy":"product_cat","embeddable":true,"href":"https:\/\/stylingagenten.com\/da\/wp-json\/wp\/v2\/product_cat?post=147145"},{"taxonomy":"product_tag","embeddable":true,"href":"https:\/\/stylingagenten.com\/da\/wp-json\/wp\/v2\/product_tag?post=147145"},{"taxonomy":"berocket_brand","embeddable":true,"href":"https:\/\/stylingagenten.com\/da\/wp-json\/wp\/v2\/berocket_brand?post=147145"}],"curies":[{"name":"wp","href":"https:\/\/api.w.org\/{rel}","templated":true}]}}