{"id":147138,"date":"2025-05-18T23:36:55","date_gmt":"2025-05-18T23:36:55","guid":{"rendered":"https:\/\/staging2.stylingagenten.com\/da\/produkt\/purito-wonder-releaf-centella-eye-cream-unscented-30ml\/"},"modified":"2026-02-09T08:19:07","modified_gmt":"2026-02-09T08:19:07","slug":"purito-wonder-releaf-centella-eye-cream-unscented-30ml","status":"publish","type":"product","link":"https:\/\/stylingagenten.com\/da\/produkt\/purito-wonder-releaf-centella-eye-cream-unscented-30ml\/","title":{"rendered":"Purito Wonder Releaf Centella Eye Cream Unscented 30ml"},"content":{"rendered":"<p>Opdag Purito Wonder Releaf Centella Eye Cream Unscented &#8211; din l\u00f8sning til at reducere synligheden af fine linjer og rynker omkring \u00f8jnene! Denne lette creme smelter ubesv\u00e6ret ind i huden og arbejder aktivt for at give en glattere og mere ungdommelig hud.<\/p>\n<p>Formlen er duftfri og beriget med hele 47% Centella Asiatica-ekstrakt, panthenol og ceramider for at berolige, fugte og give fylde til huden omkring \u00f8jenomr\u00e5det. Fire forskellige typer af peptider underst\u00f8tter produktionen af kollagen og elastin for at forbedre fasthed og styrke i den f\u00f8lsomme hud omkring \u00f8jnene.<\/p>\n<p>Perfekt til hud med fine linjer og rynker samt t\u00f8r hud, er denne \u00f8jencreme pakket med n\u00f8gleingredienser som Centella Asiatica Extract, der styrker hudbarrieren og beskytter mod ydre p\u00e5virkninger, der kan for\u00e5rsage tab af elasticitet. Panthenol er en aktiv, mild og beskyttende ingrediens, der beroliger, genopretter og styrker hudbarrieren. Peptider, best\u00e5ende af to eller flere aminosyrer, fremmer hudens gl\u00f8d ved at \u00f8ge hudfornyelsen og forbedre elasticiteten samtidig med at reducere rynker.<\/p>\n<p>30 ml<\/p>\n","protected":false},"excerpt":{"rendered":"<p>Opdag Purito Wonder Releaf Centella Eye Cream Unscented &#8211; din l\u00f8sning til at reducere synligheden af fine linjer og rynker omkring \u00f8jnene! Denne lette creme smelter ubesv\u00e6ret ind i huden og arbejder aktivt for at give en glattere og mere ungdommelig hud. Formlen er duftfri og beriget med hele 47% Centella Asiatica-ekstrakt, panthenol og ceramider [&hellip;]<\/p>\n","protected":false},"featured_media":147127,"comment_status":"open","ping_status":"closed","template":"","meta":{"_trash_the_other_posts":false},"product_brand":[],"product_cat":[1001,623],"product_tag":[],"berocket_brand":[1412],"class_list":{"0":"post-147138","1":"product","2":"type-product","3":"status-publish","4":"has-post-thumbnail","6":"product_cat-k-beauty","7":"product_cat-oere-kram","8":"pa_brand-purito","9":"berocket_brand-purito","11":"first","12":"instock","13":"sale","14":"taxable","15":"shipping-taxable","16":"purchasable","17":"product-type-simple"},"_links":{"self":[{"href":"https:\/\/stylingagenten.com\/da\/wp-json\/wp\/v2\/product\/147138","targetHints":{"allow":["GET"]}}],"collection":[{"href":"https:\/\/stylingagenten.com\/da\/wp-json\/wp\/v2\/product"}],"about":[{"href":"https:\/\/stylingagenten.com\/da\/wp-json\/wp\/v2\/types\/product"}],"replies":[{"embeddable":true,"href":"https:\/\/stylingagenten.com\/da\/wp-json\/wp\/v2\/comments?post=147138"}],"version-history":[{"count":0,"href":"https:\/\/stylingagenten.com\/da\/wp-json\/wp\/v2\/product\/147138\/revisions"}],"wp:featuredmedia":[{"embeddable":true,"href":"https:\/\/stylingagenten.com\/da\/wp-json\/wp\/v2\/media\/147127"}],"wp:attachment":[{"href":"https:\/\/stylingagenten.com\/da\/wp-json\/wp\/v2\/media?parent=147138"}],"wp:term":[{"taxonomy":"product_brand","embeddable":true,"href":"https:\/\/stylingagenten.com\/da\/wp-json\/wp\/v2\/product_brand?post=147138"},{"taxonomy":"product_cat","embeddable":true,"href":"https:\/\/stylingagenten.com\/da\/wp-json\/wp\/v2\/product_cat?post=147138"},{"taxonomy":"product_tag","embeddable":true,"href":"https:\/\/stylingagenten.com\/da\/wp-json\/wp\/v2\/product_tag?post=147138"},{"taxonomy":"berocket_brand","embeddable":true,"href":"https:\/\/stylingagenten.com\/da\/wp-json\/wp\/v2\/berocket_brand?post=147138"}],"curies":[{"name":"wp","href":"https:\/\/api.w.org\/{rel}","templated":true}]}}