{"id":147116,"date":"2025-05-18T23:36:48","date_gmt":"2025-05-18T23:36:48","guid":{"rendered":"https:\/\/staging2.stylingagenten.com\/da\/produkt\/filorga-time-filler-eyes-5xp-15ml\/"},"modified":"2026-04-08T08:48:30","modified_gmt":"2026-04-08T08:48:30","slug":"filorga-time-filler-eyes-5xp-15ml","status":"publish","type":"product","link":"https:\/\/stylingagenten.com\/da\/produkt\/filorga-time-filler-eyes-5xp-15ml\/","title":{"rendered":"Filorga Time-Filler Eyes 5XP 15ml"},"content":{"rendered":"<p>En korrigerende anti-aging \u00f8jencreme, der modvirker alle typer rynker. Time-Filler Eyes 5 XP er et resultat af Filorgas ekspertise inden for \u00e6stetisk medicin og reducerer alle former for rynker omkring \u00f8jnene, bekymringslinjer, m\u00f8rke rande og h\u00e6ngende \u00f8jenl\u00e5g. Selv \u00f8jenvipperne f\u00f8les styrkede. \u00d8jenomr\u00e5det vil se yngre, glattere og mere energisk ud. Klinisk dokumenteret effektivitet. Testet under oftalmologisk kontrol.<\/p>\n<p>\u2022 \u00d8jencreme med anti-aging effekt<br \/>\u2022 Reducerer rynker, fine linjer og m\u00f8rke rande<br \/>\u2022 Giver glattere hud, der f\u00f8les yngre<br \/>\u2022 \u00d8jenvipper f\u00f8les styrkede<\/p>\n","protected":false},"excerpt":{"rendered":"<p>En korrigerende anti-aging \u00f8jencreme, der modvirker alle typer rynker. Time-Filler Eyes 5 XP er et resultat af Filorgas ekspertise inden for \u00e6stetisk medicin og reducerer alle former for rynker omkring \u00f8jnene, bekymringslinjer, m\u00f8rke rande og h\u00e6ngende \u00f8jenl\u00e5g. Selv \u00f8jenvipperne f\u00f8les styrkede. \u00d8jenomr\u00e5det vil se yngre, glattere og mere energisk ud. Klinisk dokumenteret effektivitet. Testet under [&hellip;]<\/p>\n","protected":false},"featured_media":147107,"comment_status":"open","ping_status":"closed","template":"","meta":{"_trash_the_other_posts":false},"product_brand":[],"product_cat":[1003,623],"product_tag":[],"berocket_brand":[1317],"class_list":{"0":"post-147116","1":"product","2":"type-product","3":"status-publish","4":"has-post-thumbnail","6":"product_cat-bestsellere","7":"product_cat-oere-kram","8":"pa_brand-filorga","9":"berocket_brand-filorga","11":"first","12":"instock","13":"sale","14":"taxable","15":"shipping-taxable","16":"purchasable","17":"product-type-simple"},"_links":{"self":[{"href":"https:\/\/stylingagenten.com\/da\/wp-json\/wp\/v2\/product\/147116","targetHints":{"allow":["GET"]}}],"collection":[{"href":"https:\/\/stylingagenten.com\/da\/wp-json\/wp\/v2\/product"}],"about":[{"href":"https:\/\/stylingagenten.com\/da\/wp-json\/wp\/v2\/types\/product"}],"replies":[{"embeddable":true,"href":"https:\/\/stylingagenten.com\/da\/wp-json\/wp\/v2\/comments?post=147116"}],"version-history":[{"count":0,"href":"https:\/\/stylingagenten.com\/da\/wp-json\/wp\/v2\/product\/147116\/revisions"}],"wp:featuredmedia":[{"embeddable":true,"href":"https:\/\/stylingagenten.com\/da\/wp-json\/wp\/v2\/media\/147107"}],"wp:attachment":[{"href":"https:\/\/stylingagenten.com\/da\/wp-json\/wp\/v2\/media?parent=147116"}],"wp:term":[{"taxonomy":"product_brand","embeddable":true,"href":"https:\/\/stylingagenten.com\/da\/wp-json\/wp\/v2\/product_brand?post=147116"},{"taxonomy":"product_cat","embeddable":true,"href":"https:\/\/stylingagenten.com\/da\/wp-json\/wp\/v2\/product_cat?post=147116"},{"taxonomy":"product_tag","embeddable":true,"href":"https:\/\/stylingagenten.com\/da\/wp-json\/wp\/v2\/product_tag?post=147116"},{"taxonomy":"berocket_brand","embeddable":true,"href":"https:\/\/stylingagenten.com\/da\/wp-json\/wp\/v2\/berocket_brand?post=147116"}],"curies":[{"name":"wp","href":"https:\/\/api.w.org\/{rel}","templated":true}]}}