{"id":147104,"date":"2025-05-18T23:36:45","date_gmt":"2025-05-18T23:36:45","guid":{"rendered":"https:\/\/staging2.stylingagenten.com\/da\/produkt\/cosrx-advanced-snail-peptide-eye-cream-25ml\/"},"modified":"2026-04-12T19:48:40","modified_gmt":"2026-04-12T19:48:40","slug":"cosrx-advanced-snail-peptide-eye-cream-25ml","status":"publish","type":"product","link":"https:\/\/stylingagenten.com\/da\/produkt\/cosrx-advanced-snail-peptide-eye-cream-25ml\/","title":{"rendered":"COSRX Advanced Snail Peptide Eye Cream 25ml"},"content":{"rendered":"<p>COSRX Advanced Snail Peptide Eye Cream 25ml<br \/>Med hele 73,6% sneglesekretion beskytter denne \u00f8jencreme den f\u00f8lsomme hud omkring \u00f8jnene mod fugttab, mens den forbedrer hudens elasticitet. Dette har en opstrammende effekt og virker for fastere hud omkring \u00f8jnene, samtidig med at det hj\u00e6lper med glans og naturlig gl\u00f8d.<\/p>\n<p>Virker meget fugtgivende p\u00e5 trods af den lette og fine tekstur, der giver langvarig fugt uden at f\u00f8les tung eller klistret p\u00e5 huden .<br \/>. Reducerer m\u00f8rke rande omkring \u00f8jnene<br \/>. Har en lysende og opstrammende effekt p\u00e5 huden omkring \u00f8jnene<br \/>. Virker p\u00e5 at modvirke og reducere tegn p\u00e5 for tidlig \u00e6ldning af huden<br \/>Denne \u00f8jencreme er velegnet til alle hudtyper og alle aldre<br \/>COSRX er 100 % grusomhedsfri og tester ikke p\u00e5 dyr. Udvindingen af \u200b\u200bsneglesekret foreg\u00e5r uden at skade dyrene.<\/p>\n","protected":false},"excerpt":{"rendered":"<p>COSRX Advanced Snail Peptide Eye Cream 25mlMed hele 73,6% sneglesekretion beskytter denne \u00f8jencreme den f\u00f8lsomme hud omkring \u00f8jnene mod fugttab, mens den forbedrer hudens elasticitet. Dette har en opstrammende effekt og virker for fastere hud omkring \u00f8jnene, samtidig med at det hj\u00e6lper med glans og naturlig gl\u00f8d. Virker meget fugtgivende p\u00e5 trods af den lette [&hellip;]<\/p>\n","protected":false},"featured_media":147094,"comment_status":"open","ping_status":"closed","template":"","meta":{"_trash_the_other_posts":false},"product_brand":[],"product_cat":[1001,623],"product_tag":[],"berocket_brand":[1396],"class_list":{"0":"post-147104","1":"product","2":"type-product","3":"status-publish","4":"has-post-thumbnail","6":"product_cat-k-beauty","7":"product_cat-oere-kram","8":"pa_brand-cosrx","9":"berocket_brand-cosrx","11":"first","12":"instock","13":"sale","14":"taxable","15":"shipping-taxable","16":"purchasable","17":"product-type-simple"},"_links":{"self":[{"href":"https:\/\/stylingagenten.com\/da\/wp-json\/wp\/v2\/product\/147104","targetHints":{"allow":["GET"]}}],"collection":[{"href":"https:\/\/stylingagenten.com\/da\/wp-json\/wp\/v2\/product"}],"about":[{"href":"https:\/\/stylingagenten.com\/da\/wp-json\/wp\/v2\/types\/product"}],"replies":[{"embeddable":true,"href":"https:\/\/stylingagenten.com\/da\/wp-json\/wp\/v2\/comments?post=147104"}],"version-history":[{"count":0,"href":"https:\/\/stylingagenten.com\/da\/wp-json\/wp\/v2\/product\/147104\/revisions"}],"wp:featuredmedia":[{"embeddable":true,"href":"https:\/\/stylingagenten.com\/da\/wp-json\/wp\/v2\/media\/147094"}],"wp:attachment":[{"href":"https:\/\/stylingagenten.com\/da\/wp-json\/wp\/v2\/media?parent=147104"}],"wp:term":[{"taxonomy":"product_brand","embeddable":true,"href":"https:\/\/stylingagenten.com\/da\/wp-json\/wp\/v2\/product_brand?post=147104"},{"taxonomy":"product_cat","embeddable":true,"href":"https:\/\/stylingagenten.com\/da\/wp-json\/wp\/v2\/product_cat?post=147104"},{"taxonomy":"product_tag","embeddable":true,"href":"https:\/\/stylingagenten.com\/da\/wp-json\/wp\/v2\/product_tag?post=147104"},{"taxonomy":"berocket_brand","embeddable":true,"href":"https:\/\/stylingagenten.com\/da\/wp-json\/wp\/v2\/berocket_brand?post=147104"}],"curies":[{"name":"wp","href":"https:\/\/api.w.org\/{rel}","templated":true}]}}