{"id":147081,"date":"2025-05-18T23:36:37","date_gmt":"2025-05-18T23:36:37","guid":{"rendered":"https:\/\/staging2.stylingagenten.com\/da\/produkt\/dermalogica-age-smart-age-reversal-eye-complex-15ml\/"},"modified":"2026-04-08T15:30:07","modified_gmt":"2026-04-08T15:30:07","slug":"dermalogica-age-smart-age-reversal-eye-complex-15ml","status":"publish","type":"product","link":"https:\/\/stylingagenten.com\/da\/produkt\/dermalogica-age-smart-age-reversal-eye-complex-15ml\/","title":{"rendered":"Dermalogica AGE Smart Age Reversal Eye Complex 15ml"},"content":{"rendered":"<p>Dermalogica AGE Smart Age Reversal Eye Complex hj\u00e6lper med at vende hudens aldring tilbage og fjerne kragernevnerne! Effektiv behandling med retinol og aktive peptider, der tager fat p\u00e5 linjer og rynker, pigmentforandringer, poser under \u00f8jnene og t\u00f8r hud.<\/p>\n<p>Retinol: Reducerer tegn p\u00e5 solfor\u00e5rsaget hudaldring ved at minimere fine linjer og forbedre strukturen.<br \/>\n<br \/>Arginin-lysin-polypeptid, soja og hvid te: AGE Smart-kompleks, der giver antioxidante og styrkende fordele.<br \/>\n<br \/>Natriumaskorbylfosfat: En stabil form for vitamin C, der neutraliserer frie radikaler og stimulerer kollagensyntese.<br \/>\n<br \/>15 ml<\/p>\n","protected":false},"excerpt":{"rendered":"<p>Dermalogica AGE Smart Age Reversal Eye Complex hj\u00e6lper med at vende hudens aldring tilbage og fjerne kragernevnerne! Effektiv behandling med retinol og aktive peptider, der tager fat p\u00e5 linjer og rynker, pigmentforandringer, poser under \u00f8jnene og t\u00f8r hud. Retinol: Reducerer tegn p\u00e5 solfor\u00e5rsaget hudaldring ved at minimere fine linjer og forbedre strukturen. Arginin-lysin-polypeptid, soja og [&hellip;]<\/p>\n","protected":false},"featured_media":147068,"comment_status":"open","ping_status":"closed","template":"","meta":{"_trash_the_other_posts":false},"product_brand":[],"product_cat":[623],"product_tag":[],"berocket_brand":[1420],"class_list":{"0":"post-147081","1":"product","2":"type-product","3":"status-publish","4":"has-post-thumbnail","6":"product_cat-oere-kram","7":"pa_brand-dermalogica","8":"berocket_brand-dermalogica","10":"first","11":"instock","12":"sale","13":"taxable","14":"shipping-taxable","15":"purchasable","16":"product-type-simple"},"_links":{"self":[{"href":"https:\/\/stylingagenten.com\/da\/wp-json\/wp\/v2\/product\/147081","targetHints":{"allow":["GET"]}}],"collection":[{"href":"https:\/\/stylingagenten.com\/da\/wp-json\/wp\/v2\/product"}],"about":[{"href":"https:\/\/stylingagenten.com\/da\/wp-json\/wp\/v2\/types\/product"}],"replies":[{"embeddable":true,"href":"https:\/\/stylingagenten.com\/da\/wp-json\/wp\/v2\/comments?post=147081"}],"version-history":[{"count":0,"href":"https:\/\/stylingagenten.com\/da\/wp-json\/wp\/v2\/product\/147081\/revisions"}],"wp:featuredmedia":[{"embeddable":true,"href":"https:\/\/stylingagenten.com\/da\/wp-json\/wp\/v2\/media\/147068"}],"wp:attachment":[{"href":"https:\/\/stylingagenten.com\/da\/wp-json\/wp\/v2\/media?parent=147081"}],"wp:term":[{"taxonomy":"product_brand","embeddable":true,"href":"https:\/\/stylingagenten.com\/da\/wp-json\/wp\/v2\/product_brand?post=147081"},{"taxonomy":"product_cat","embeddable":true,"href":"https:\/\/stylingagenten.com\/da\/wp-json\/wp\/v2\/product_cat?post=147081"},{"taxonomy":"product_tag","embeddable":true,"href":"https:\/\/stylingagenten.com\/da\/wp-json\/wp\/v2\/product_tag?post=147081"},{"taxonomy":"berocket_brand","embeddable":true,"href":"https:\/\/stylingagenten.com\/da\/wp-json\/wp\/v2\/berocket_brand?post=147081"}],"curies":[{"name":"wp","href":"https:\/\/api.w.org\/{rel}","templated":true}]}}