{"id":147079,"date":"2025-05-18T23:36:37","date_gmt":"2025-05-18T23:36:37","guid":{"rendered":"https:\/\/staging2.stylingagenten.com\/da\/produkt\/nuxe-merveillance-lift-eye-cream-15ml\/"},"modified":"2025-12-18T21:53:24","modified_gmt":"2025-12-18T21:53:24","slug":"nuxe-merveillance-lift-eye-cream-15ml","status":"publish","type":"product","link":"https:\/\/stylingagenten.com\/da\/produkt\/nuxe-merveillance-lift-eye-cream-15ml\/","title":{"rendered":"Nuxe Merveillance Lift Eye Cream 15ml"},"content":{"rendered":"<p>Nuxe Merveillance Lift Eye Cream er en opstrammende \u00f8jencreme beriget med en ultrakorrigerende mikroalgeolie, en gr\u00f8n aktiv ingrediens, der koncentrerer kraften fra 4 milliarder naturlige celler i en enkelt dr\u00e5be for at styrke din hud hver dag.<\/p>\n<p>Den utrolige udj\u00e6vnende effekt visker \u00f8jeblikkeligt rynker og tegn p\u00e5 tr\u00e6thed ud og f\u00e5r \u00f8jnene til at se mere ungdommelige ud fra f\u00f8rste p\u00e5f\u00f8ring.<\/p>\n<p>Anti-aging effekt og ultimativ nydelse med en let duft, der er specielt udviklet til \u00f8jenomr\u00e5det.<\/p>\n<p>15ml<\/p>\n","protected":false},"excerpt":{"rendered":"<p>Nuxe Merveillance Lift Eye Cream er en opstrammende \u00f8jencreme beriget med en ultrakorrigerende mikroalgeolie, en gr\u00f8n aktiv ingrediens, der koncentrerer kraften fra 4 milliarder naturlige celler i en enkelt dr\u00e5be for at styrke din hud hver dag. Den utrolige udj\u00e6vnende effekt visker \u00f8jeblikkeligt rynker og tegn p\u00e5 tr\u00e6thed ud og f\u00e5r \u00f8jnene til at se [&hellip;]<\/p>\n","protected":false},"featured_media":147067,"comment_status":"open","ping_status":"closed","template":"","meta":{"_trash_the_other_posts":false},"product_brand":[],"product_cat":[623],"product_tag":[],"berocket_brand":[1024],"class_list":{"0":"post-147079","1":"product","2":"type-product","3":"status-publish","4":"has-post-thumbnail","6":"product_cat-oere-kram","7":"pa_brand-nuxe","8":"berocket_brand-nuxe","10":"first","11":"instock","12":"sale","13":"taxable","14":"shipping-taxable","15":"purchasable","16":"product-type-simple"},"_links":{"self":[{"href":"https:\/\/stylingagenten.com\/da\/wp-json\/wp\/v2\/product\/147079","targetHints":{"allow":["GET"]}}],"collection":[{"href":"https:\/\/stylingagenten.com\/da\/wp-json\/wp\/v2\/product"}],"about":[{"href":"https:\/\/stylingagenten.com\/da\/wp-json\/wp\/v2\/types\/product"}],"replies":[{"embeddable":true,"href":"https:\/\/stylingagenten.com\/da\/wp-json\/wp\/v2\/comments?post=147079"}],"version-history":[{"count":0,"href":"https:\/\/stylingagenten.com\/da\/wp-json\/wp\/v2\/product\/147079\/revisions"}],"wp:featuredmedia":[{"embeddable":true,"href":"https:\/\/stylingagenten.com\/da\/wp-json\/wp\/v2\/media\/147067"}],"wp:attachment":[{"href":"https:\/\/stylingagenten.com\/da\/wp-json\/wp\/v2\/media?parent=147079"}],"wp:term":[{"taxonomy":"product_brand","embeddable":true,"href":"https:\/\/stylingagenten.com\/da\/wp-json\/wp\/v2\/product_brand?post=147079"},{"taxonomy":"product_cat","embeddable":true,"href":"https:\/\/stylingagenten.com\/da\/wp-json\/wp\/v2\/product_cat?post=147079"},{"taxonomy":"product_tag","embeddable":true,"href":"https:\/\/stylingagenten.com\/da\/wp-json\/wp\/v2\/product_tag?post=147079"},{"taxonomy":"berocket_brand","embeddable":true,"href":"https:\/\/stylingagenten.com\/da\/wp-json\/wp\/v2\/berocket_brand?post=147079"}],"curies":[{"name":"wp","href":"https:\/\/api.w.org\/{rel}","templated":true}]}}