{"id":147064,"date":"2025-05-18T23:36:32","date_gmt":"2025-05-18T23:36:32","guid":{"rendered":"https:\/\/staging2.stylingagenten.com\/da\/produkt\/nuxe-super-serum-the-universal-age-defying-eye-concentrate-15ml\/"},"modified":"2025-12-18T21:53:23","modified_gmt":"2025-12-18T21:53:23","slug":"nuxe-super-serum-the-universal-age-defying-eye-concentrate-15ml","status":"publish","type":"product","link":"https:\/\/stylingagenten.com\/da\/produkt\/nuxe-super-serum-the-universal-age-defying-eye-concentrate-15ml\/","title":{"rendered":"Nuxe Super Serum The Universal Age-Defying Eye Concentrate 15ml"},"content":{"rendered":"<p>NUXE har tilpasset anti-aging-effekten af Super Serum [10] til de specifikke behov i \u00f8jenomr\u00e5det. Nuxe Super Serum The Universal Age-Defying Eye Concentrate-formlen med hyaluronsyre og botanisk koffein er beriget med tusindvis af mikrokugler af fraktioneret vegetabilsk olie. Et universelt anti-aging koncentrat med 360\u00b0 effektivitet: rynker, m\u00f8rke rande, h\u00e6velser og tegn p\u00e5 tr\u00e6thed.<\/p>\n<p>15ml<\/p>\n","protected":false},"excerpt":{"rendered":"<p>NUXE har tilpasset anti-aging-effekten af Super Serum [10] til de specifikke behov i \u00f8jenomr\u00e5det. Nuxe Super Serum The Universal Age-Defying Eye Concentrate-formlen med hyaluronsyre og botanisk koffein er beriget med tusindvis af mikrokugler af fraktioneret vegetabilsk olie. Et universelt anti-aging koncentrat med 360\u00b0 effektivitet: rynker, m\u00f8rke rande, h\u00e6velser og tegn p\u00e5 tr\u00e6thed. 15ml<\/p>\n","protected":false},"featured_media":147054,"comment_status":"open","ping_status":"closed","template":"","meta":{"_trash_the_other_posts":false},"product_brand":[],"product_cat":[623],"product_tag":[],"berocket_brand":[1024],"class_list":{"0":"post-147064","1":"product","2":"type-product","3":"status-publish","4":"has-post-thumbnail","6":"product_cat-oere-kram","7":"pa_brand-nuxe","8":"berocket_brand-nuxe","10":"first","11":"instock","12":"sale","13":"taxable","14":"shipping-taxable","15":"purchasable","16":"product-type-simple"},"_links":{"self":[{"href":"https:\/\/stylingagenten.com\/da\/wp-json\/wp\/v2\/product\/147064","targetHints":{"allow":["GET"]}}],"collection":[{"href":"https:\/\/stylingagenten.com\/da\/wp-json\/wp\/v2\/product"}],"about":[{"href":"https:\/\/stylingagenten.com\/da\/wp-json\/wp\/v2\/types\/product"}],"replies":[{"embeddable":true,"href":"https:\/\/stylingagenten.com\/da\/wp-json\/wp\/v2\/comments?post=147064"}],"version-history":[{"count":0,"href":"https:\/\/stylingagenten.com\/da\/wp-json\/wp\/v2\/product\/147064\/revisions"}],"wp:featuredmedia":[{"embeddable":true,"href":"https:\/\/stylingagenten.com\/da\/wp-json\/wp\/v2\/media\/147054"}],"wp:attachment":[{"href":"https:\/\/stylingagenten.com\/da\/wp-json\/wp\/v2\/media?parent=147064"}],"wp:term":[{"taxonomy":"product_brand","embeddable":true,"href":"https:\/\/stylingagenten.com\/da\/wp-json\/wp\/v2\/product_brand?post=147064"},{"taxonomy":"product_cat","embeddable":true,"href":"https:\/\/stylingagenten.com\/da\/wp-json\/wp\/v2\/product_cat?post=147064"},{"taxonomy":"product_tag","embeddable":true,"href":"https:\/\/stylingagenten.com\/da\/wp-json\/wp\/v2\/product_tag?post=147064"},{"taxonomy":"berocket_brand","embeddable":true,"href":"https:\/\/stylingagenten.com\/da\/wp-json\/wp\/v2\/berocket_brand?post=147064"}],"curies":[{"name":"wp","href":"https:\/\/api.w.org\/{rel}","templated":true}]}}