{"id":147047,"date":"2025-05-18T23:36:25","date_gmt":"2025-05-18T23:36:25","guid":{"rendered":"https:\/\/staging2.stylingagenten.com\/da\/produkt\/tocobo-collagen-brightening-eye-gel-cream-30ml\/"},"modified":"2026-02-12T13:08:09","modified_gmt":"2026-02-12T13:08:09","slug":"tocobo-collagen-brightening-eye-gel-cream-30ml","status":"publish","type":"product","link":"https:\/\/stylingagenten.com\/da\/produkt\/tocobo-collagen-brightening-eye-gel-cream-30ml\/","title":{"rendered":"TOCOBO Collagen Brightening Eye Gel Cream 30ml"},"content":{"rendered":"<p>TOCOBO Collagen Brightening Eye Gel Cream er en effektiv \u00f8jencreme med anti-aging egenskaber. Denne \u00f8jencreme kommer i en geltekstur og er s\u00e6rligt god til fedtet og kombineret hud, som foretr\u00e6kker en geltekstur frem for cremede \u00f8jencremer. Den fungerer ogs\u00e5 godt for dem, der ikke bryder sig om en fedtet fornemmelse under \u00f8jnene.<\/p>\n<p>Collagen Brightening Eye Gel Cream er en linje-forbyggende \u00f8jencreme. \u00d8jencremen indeholder Retinol og Kollagen, som begge er kendt for deres foryngende egenskaber. Kollagen giver din hud masser af fugt og holder den hydreret. Derudover er Retinol en veldokumenteret ingrediens til at reducere fine linjer og rynker, og hj\u00e6lper ogs\u00e5 med at reducere m\u00f8rke rande. P\u00e5 grund af dens geltekstur vil du opdage, at produktet hurtigt absorberes og ikke er for tungt for den sarte og tynde hud omkring \u00f8jnene.<\/p>\n<p>30ml<\/p>\n","protected":false},"excerpt":{"rendered":"<p>TOCOBO Collagen Brightening Eye Gel Cream er en effektiv \u00f8jencreme med anti-aging egenskaber. Denne \u00f8jencreme kommer i en geltekstur og er s\u00e6rligt god til fedtet og kombineret hud, som foretr\u00e6kker en geltekstur frem for cremede \u00f8jencremer. Den fungerer ogs\u00e5 godt for dem, der ikke bryder sig om en fedtet fornemmelse under \u00f8jnene. Collagen Brightening Eye [&hellip;]<\/p>\n","protected":false},"featured_media":147032,"comment_status":"open","ping_status":"closed","template":"","meta":{"_trash_the_other_posts":false},"product_brand":[],"product_cat":[623],"product_tag":[],"berocket_brand":[1423],"class_list":{"0":"post-147047","1":"product","2":"type-product","3":"status-publish","4":"has-post-thumbnail","6":"product_cat-oere-kram","7":"pa_brand-tocobo","8":"berocket_brand-tocobo","10":"first","11":"instock","12":"sale","13":"taxable","14":"shipping-taxable","15":"purchasable","16":"product-type-simple"},"_links":{"self":[{"href":"https:\/\/stylingagenten.com\/da\/wp-json\/wp\/v2\/product\/147047","targetHints":{"allow":["GET"]}}],"collection":[{"href":"https:\/\/stylingagenten.com\/da\/wp-json\/wp\/v2\/product"}],"about":[{"href":"https:\/\/stylingagenten.com\/da\/wp-json\/wp\/v2\/types\/product"}],"replies":[{"embeddable":true,"href":"https:\/\/stylingagenten.com\/da\/wp-json\/wp\/v2\/comments?post=147047"}],"version-history":[{"count":0,"href":"https:\/\/stylingagenten.com\/da\/wp-json\/wp\/v2\/product\/147047\/revisions"}],"wp:featuredmedia":[{"embeddable":true,"href":"https:\/\/stylingagenten.com\/da\/wp-json\/wp\/v2\/media\/147032"}],"wp:attachment":[{"href":"https:\/\/stylingagenten.com\/da\/wp-json\/wp\/v2\/media?parent=147047"}],"wp:term":[{"taxonomy":"product_brand","embeddable":true,"href":"https:\/\/stylingagenten.com\/da\/wp-json\/wp\/v2\/product_brand?post=147047"},{"taxonomy":"product_cat","embeddable":true,"href":"https:\/\/stylingagenten.com\/da\/wp-json\/wp\/v2\/product_cat?post=147047"},{"taxonomy":"product_tag","embeddable":true,"href":"https:\/\/stylingagenten.com\/da\/wp-json\/wp\/v2\/product_tag?post=147047"},{"taxonomy":"berocket_brand","embeddable":true,"href":"https:\/\/stylingagenten.com\/da\/wp-json\/wp\/v2\/berocket_brand?post=147047"}],"curies":[{"name":"wp","href":"https:\/\/api.w.org\/{rel}","templated":true}]}}