{"id":146991,"date":"2025-05-18T23:35:58","date_gmt":"2025-05-18T23:35:58","guid":{"rendered":"https:\/\/staging2.stylingagenten.com\/da\/produkt\/kokie-brow-sculpt-brow-powder-brunette\/"},"modified":"2025-12-18T21:48:37","modified_gmt":"2025-12-18T21:48:37","slug":"kokie-brow-sculpt-brow-powder-brunette","status":"publish","type":"product","link":"https:\/\/stylingagenten.com\/da\/produkt\/kokie-brow-sculpt-brow-powder-brunette\/","title":{"rendered":"Kokie Brow Sculpt Brow Powder &#8211; Brunette"},"content":{"rendered":"<p>Kokie Brow Sculpt Brow Powder er en pudderformel og applikator, der er specielt designet til at udfylde dine bryn. Det mikrofine l\u00f8se pudder giver \u00f8jeblikkelig pigmentering, der udfylder sparsomme omr\u00e5der. Den bl\u00f8de filtapplikator er nem at man\u00f8vrere og at du kan skabe bl\u00f8de, naturligt fyldte bryn eller bygge p&aring; for et mere dramatisk udseende.<\/p>\n<p>Anvendelse: Ryst f\u00f8r brug. Aflever applikatoren for at medbringe; fjern overskydende pulver. Ans\u00f8g til \u00d8jenbryn med korte sweep, f\u00f8lg linjernes naturlige retning.<\/p>\n","protected":false},"excerpt":{"rendered":"<p>Kokie Brow Sculpt Brow Powder er en pudderformel og applikator, der er specielt designet til at udfylde dine bryn. Det mikrofine l\u00f8se pudder giver \u00f8jeblikkelig pigmentering, der udfylder sparsomme omr\u00e5der. Den bl\u00f8de filtapplikator er nem at man\u00f8vrere og at du kan skabe bl\u00f8de, naturligt fyldte bryn eller bygge p&aring; for et mere dramatisk udseende. Anvendelse: [&hellip;]<\/p>\n","protected":false},"featured_media":146989,"comment_status":"open","ping_status":"closed","template":"","meta":{"_trash_the_other_posts":false},"product_brand":[],"product_cat":[663],"product_tag":[3136],"berocket_brand":[1198],"class_list":{"0":"post-146991","1":"product","2":"type-product","3":"status-publish","4":"has-post-thumbnail","6":"product_cat-oejenbrynspulver","7":"product_tag-kokie-brow-sculpt-brow-powder","8":"pa_brand-kokie-cosmetics","9":"pa_variant-brunette","10":"berocket_brand-kokie-cosmetics","12":"first","13":"instock","14":"sale","15":"taxable","16":"shipping-taxable","17":"purchasable","18":"product-type-simple"},"_links":{"self":[{"href":"https:\/\/stylingagenten.com\/da\/wp-json\/wp\/v2\/product\/146991","targetHints":{"allow":["GET"]}}],"collection":[{"href":"https:\/\/stylingagenten.com\/da\/wp-json\/wp\/v2\/product"}],"about":[{"href":"https:\/\/stylingagenten.com\/da\/wp-json\/wp\/v2\/types\/product"}],"replies":[{"embeddable":true,"href":"https:\/\/stylingagenten.com\/da\/wp-json\/wp\/v2\/comments?post=146991"}],"version-history":[{"count":0,"href":"https:\/\/stylingagenten.com\/da\/wp-json\/wp\/v2\/product\/146991\/revisions"}],"wp:featuredmedia":[{"embeddable":true,"href":"https:\/\/stylingagenten.com\/da\/wp-json\/wp\/v2\/media\/146989"}],"wp:attachment":[{"href":"https:\/\/stylingagenten.com\/da\/wp-json\/wp\/v2\/media?parent=146991"}],"wp:term":[{"taxonomy":"product_brand","embeddable":true,"href":"https:\/\/stylingagenten.com\/da\/wp-json\/wp\/v2\/product_brand?post=146991"},{"taxonomy":"product_cat","embeddable":true,"href":"https:\/\/stylingagenten.com\/da\/wp-json\/wp\/v2\/product_cat?post=146991"},{"taxonomy":"product_tag","embeddable":true,"href":"https:\/\/stylingagenten.com\/da\/wp-json\/wp\/v2\/product_tag?post=146991"},{"taxonomy":"berocket_brand","embeddable":true,"href":"https:\/\/stylingagenten.com\/da\/wp-json\/wp\/v2\/berocket_brand?post=146991"}],"curies":[{"name":"wp","href":"https:\/\/api.w.org\/{rel}","templated":true}]}}